{"id":120,"date":"2022-10-10T20:44:51","date_gmt":"2022-10-10T17:44:51","guid":{"rendered":"https:\/\/slimnica.lv\/cenradis\/"},"modified":"2026-01-17T17:20:18","modified_gmt":"2026-01-17T15:20:18","slug":"cenradis","status":"publish","type":"page","link":"https:\/\/www.slimnica.lv\/en\/cenradis\/","title":{"rendered":"Cenr\u0101dis"},"content":{"rendered":"","protected":false},"excerpt":{"rendered":"","protected":false},"author":1,"featured_media":0,"parent":0,"menu_order":8,"comment_status":"closed","ping_status":"closed","template":"cenradis.php","meta":{"_acf_changed":false,"om_disable_all_campaigns":false,"inline_featured_image":false,"_monsterinsights_skip_tracking":false,"_monsterinsights_sitenote_active":false,"_monsterinsights_sitenote_note":"","_monsterinsights_sitenote_category":0,"_uf_show_specific_survey":0,"_uf_disable_surveys":false,"footnotes":""},"class_list":["post-120","page","type-page","status-publish","hentry"],"acf":{"sadalas":[{"nosaukums":"","rindas":[{"kods":"","kods_2":"","isais_nosaukums":"","nosaukums":"","cena_eur_bez_pvn":"","pvn":"","kopa":"","pvn_grupa":"","nav_pieejams":false},{"kods":"","kods_2":"","isais_nosaukums":"","nosaukums":"","cena_eur_bez_pvn":"","pvn":"","kopa":"","pvn_grupa":"","nav_pieejams":false},{"kods":"","kods_2":"","isais_nosaukums":"","nosaukums":"","cena_eur_bez_pvn":"","pvn":"","kopa":"","pvn_grupa":"","nav_pieejams":false},{"kods":"","kods_2":"","isais_nosaukums":"","nosaukums":"","cena_eur_bez_pvn":"","pvn":"","kopa":"","pvn_grupa":"","nav_pieejams":false},{"kods":"","kods_2":"","isais_nosaukums":"","nosaukums":"","cena_eur_bez_pvn":"","pvn":"","kopa":"","pvn_grupa":"","nav_pieejams":false},{"kods":"","kods_2":"","isais_nosaukums":"","nosaukums":"","cena_eur_bez_pvn":"","pvn":"","kopa":"","pvn_grupa":"","nav_pieejams":false},{"kods":"","kods_2":"","isais_nosaukums":"","nosaukums":"","cena_eur_bez_pvn":"","pvn":"","kopa":"","pvn_grupa":"","nav_pieejams":false},{"kods":"","kods_2":"","isais_nosaukums":"","nosaukums":"","cena_eur_bez_pvn":"","pvn":"","kopa":"","pvn_grupa":"","nav_pieejams":false},{"kods":"","kods_2":"","isais_nosaukums":"","nosaukums":"","cena_eur_bez_pvn":"","pvn":"","kopa":"","pvn_grupa":"","nav_pieejams":false},{"kods":"","kods_2":"","isais_nosaukums":"","nosaukums":"","cena_eur_bez_pvn":"","pvn":"","kopa":"","pvn_grupa":"","nav_pieejams":false},{"kods":"","kods_2":"","isais_nosaukums":"","nosaukums":"","cena_eur_bez_pvn":"","pvn":"","kopa":"","pvn_grupa":"","nav_pieejams":false}]}],"speka_no":"Sp\u0113k\u0101 no 2026. gada 18.janv\u0101ra","cenraza_datne_pdf":"https:\/\/www.slimnica.lv\/wp-content\/uploads\/2026\/01\/Gala_versija_-2_pielikums_2026_01_18_R2S_Cenradis.pdf"},"aioseo_notices":[],"_links":{"self":[{"href":"https:\/\/www.slimnica.lv\/en\/wp-json\/wp\/v2\/pages\/120","targetHints":{"allow":["GET"]}}],"collection":[{"href":"https:\/\/www.slimnica.lv\/en\/wp-json\/wp\/v2\/pages"}],"about":[{"href":"https:\/\/www.slimnica.lv\/en\/wp-json\/wp\/v2\/types\/page"}],"author":[{"embeddable":true,"href":"https:\/\/www.slimnica.lv\/en\/wp-json\/wp\/v2\/users\/1"}],"replies":[{"embeddable":true,"href":"https:\/\/www.slimnica.lv\/en\/wp-json\/wp\/v2\/comments?post=120"}],"version-history":[{"count":18,"href":"https:\/\/www.slimnica.lv\/en\/wp-json\/wp\/v2\/pages\/120\/revisions"}],"predecessor-version":[{"id":8193,"href":"https:\/\/www.slimnica.lv\/en\/wp-json\/wp\/v2\/pages\/120\/revisions\/8193"}],"wp:attachment":[{"href":"https:\/\/www.slimnica.lv\/en\/wp-json\/wp\/v2\/media?parent=120"}],"curies":[{"name":"wp","href":"https:\/\/api.w.org\/{rel}","templated":true}]}}