{"id":130,"date":"2022-10-10T20:45:07","date_gmt":"2022-10-10T17:45:07","guid":{"rendered":"https:\/\/slimnica.lv\/par-mums\/kapitalsabiedribas-politikas\/"},"modified":"2026-03-13T10:52:06","modified_gmt":"2026-03-13T08:52:06","slug":"kapitalsabiedribas-politikas","status":"publish","type":"page","link":"https:\/\/www.slimnica.lv\/en\/par-mums\/kapitalsabiedribas-politikas\/","title":{"rendered":"Kapit\u0101lsabiedr\u012bbas politikas"},"content":{"rendered":"<p class=\"qtranxs-available-languages-message qtranxs-available-languages-message-en\">Sorry, this entry is only available in <a href=\"https:\/\/www.slimnica.lv\/lv\/wp-json\/wp\/v2\/pages\/130\" class=\"qtranxs-available-language-link qtranxs-available-language-link-lv\" title=\"Latvie\u0161u\">Latvie\u0161u<\/a>.<\/p><p><a href=\"https:\/\/www.slimnica.lv\/wp-content\/uploads\/2024\/05\/KVS-V-IEP-01-v1-20240510-Iepirkumu-organizesanas-politika.pdf\">Iepirkumu organiz\u0113\u0161anas politika<\/a><\/p>\n<p><a href=\"https:\/\/www.slimnica.lv\/wp-content\/uploads\/2025\/09\/Strukturshema-20250708.pdf\">Strukt\u016brsh\u0113ma<\/a><\/p>\n<p><a href=\"https:\/\/www.slimnica.lv\/wp-content\/uploads\/2024\/04\/Ipasuma-struktura_R2S.pdf\" target=\"_blank\" rel=\"noopener\">\u012apa\u0161uma strukt\u016bra<\/a><\/p>\n<p><a href=\"https:\/\/www.slimnica.lv\/wp-content\/uploads\/2023\/10\/Etikas-kodekss_2022_apstiprinats.pdf\" target=\"_blank\" rel=\"noopener\">\u0112tikas kodekss<\/a><\/p>\n<p><a href=\"https:\/\/www.slimnica.lv\/wp-content\/uploads\/2022\/11\/Etikas-komisijas-nolikums.pdf\" target=\"_blank\" rel=\"noopener\">\u0112tikas komisijas nolikums<\/a><\/p>\n<p><a href=\"https:\/\/www.slimnica.lv\/wp-content\/uploads\/2022\/12\/Darba_samaksa_sadalijuma_pa_amatu_grupam_2022.pdf\" target=\"_blank\" rel=\"noopener\">M\u0113ne\u0161algas pa amatu grup\u0101m<\/a><\/p>\n<p><a href=\"https:\/\/www.slimnica.lv\/wp-content\/uploads\/2025\/01\/Informacija-par-valdes-atalgojumu.pdf\">Inform\u0101cija par valdes atalgojumu<\/a><\/p>\n<p><a href=\"https:\/\/www.slimnica.lv\/wp-content\/uploads\/2024\/01\/KRG-05-04-v2-20231204-Atalgojuma-politika_20122023_final.pdf\" target=\"_blank\" rel=\"noopener\">Atalgojuma politika<\/a><\/p>\n<p><a href=\"https:\/\/www.slimnica.lv\/wp-content\/uploads\/2025\/03\/Atlases-atskaite-2024.pdf\">Person\u0101la atlases atskaite par 2024. gadu<\/a><\/p>\n<p><a href=\"https:\/\/www.slimnica.lv\/wp-content\/uploads\/2026\/03\/atlases-atskaite-2025.pdf\">Person\u0101la atlases atskaite par 2025. gadu<\/a><\/p>\n<p><a href=\"https:\/\/www.slimnica.lv\/wp-content\/uploads\/2023\/10\/v01_KRG016.01.01._Trauksmes-celsanas-noteikumi_10-03-2022.pdf\" target=\"_blank\" rel=\"noopener\">Noteikumi par Iek\u0161\u0113jo trauksmes cel\u0161anas sist\u0113mu<\/a><\/p>\n<p><a href=\"https:\/\/www.slimnica.lv\/wp-content\/uploads\/2024\/03\/KVS-A-DATI-02-v2-20240313_Ierobezotas-pieejamibas-informacijas-saraksts_publiskosanai.pdf\" target=\"_blank\" rel=\"noopener\">Noteikumi darbam ar ierobe\u017eotas pieejam\u012bbas inform\u0101ciju<\/a><\/p>\n<p><a href=\"https:\/\/www.slimnica.lv\/wp-content\/uploads\/2025\/02\/Korupcijas-un-interesu-konflikta-riska-noversanas-politika.pdf\">Korupcijas un intere\u0161u konflikta riska nov\u0113r\u0161anas politika<\/a><\/p>\n<p><a href=\"https:\/\/www.slimnica.lv\/wp-content\/uploads\/2022\/11\/Risku-parvaldibas-ieksejas-kontroles-vides-un-atbilstibas-politika.pdf\" target=\"_blank\" rel=\"noopener\">Risku p\u0101rvald\u012bbas, iek\u0161\u0113j\u0101s kontroles vides un atbilst\u012bbas politika<\/a><\/p>\n<p><a href=\"https:\/\/www.slimnica.lv\/wp-content\/uploads\/2022\/11\/Korporativas-socialas-atbildibas-un-ilgtspejas-politika-1-1.pdf\" target=\"_blank\" rel=\"noopener\">Korporat\u012bv\u0101s soci\u0101l\u0101s atbild\u012bbas un ilgtsp\u0113jas politika<\/a><\/p>\n<p><a href=\"https:\/\/www.slimnica.lv\/wp-content\/uploads\/2022\/11\/Korporativas-parvaldibas-politika-1-1.pdf\" target=\"_blank\" rel=\"noopener\">Korporat\u012bv\u0101s p\u0101rvald\u012bbas politika<\/a><\/p>\n<p><a href=\"https:\/\/www.slimnica.lv\/wp-content\/uploads\/2024\/11\/KVS-V-KVAL-03-v2-20241031-Kvalitates-politika.pdf\">Kvalit\u0101tes politika<\/a><\/p>\n<p><a href=\"https:\/\/www.slimnica.lv\/wp-content\/uploads\/2025\/11\/KVS-V-PERS-05-v1-20251021-Valdes-atlidzibas-politika.pdf\">Valdes atl\u012bdz\u012bbas politika<\/a><\/p>","protected":false},"excerpt":{"rendered":"<p>Sorry, this entry is only available in Latvie\u0161u.Iepirkumu organiz\u0113\u0161anas politika Strukt\u016brsh\u0113ma \u012apa\u0161uma strukt\u016bra \u0112tikas kodekss \u0112tikas komisijas nolikums M\u0113ne\u0161algas pa amatu grup\u0101m Inform\u0101cija par valdes atalgojumu Atalgojuma politika Person\u0101la atlases atskaite par 2024. gadu Person\u0101la atlases atskaite par 2025. gadu Noteikumi par Iek\u0161\u0113jo trauksmes cel\u0161anas sist\u0113mu Noteikumi darbam ar ierobe\u017eotas pieejam\u012bbas inform\u0101ciju Korupcijas un intere\u0161u [&hellip;]<\/p>\n","protected":false},"author":1,"featured_media":0,"parent":123,"menu_order":34,"comment_status":"closed","ping_status":"closed","template":"","meta":{"_acf_changed":false,"om_disable_all_campaigns":false,"inline_featured_image":false,"_monsterinsights_skip_tracking":false,"_monsterinsights_sitenote_active":false,"_monsterinsights_sitenote_note":"","_monsterinsights_sitenote_category":0,"_uf_show_specific_survey":0,"_uf_disable_surveys":false,"footnotes":""},"class_list":["post-130","page","type-page","status-publish","hentry"],"acf":[],"aioseo_notices":[],"_links":{"self":[{"href":"https:\/\/www.slimnica.lv\/en\/wp-json\/wp\/v2\/pages\/130","targetHints":{"allow":["GET"]}}],"collection":[{"href":"https:\/\/www.slimnica.lv\/en\/wp-json\/wp\/v2\/pages"}],"about":[{"href":"https:\/\/www.slimnica.lv\/en\/wp-json\/wp\/v2\/types\/page"}],"author":[{"embeddable":true,"href":"https:\/\/www.slimnica.lv\/en\/wp-json\/wp\/v2\/users\/1"}],"replies":[{"embeddable":true,"href":"https:\/\/www.slimnica.lv\/en\/wp-json\/wp\/v2\/comments?post=130"}],"version-history":[{"count":34,"href":"https:\/\/www.slimnica.lv\/en\/wp-json\/wp\/v2\/pages\/130\/revisions"}],"predecessor-version":[{"id":8289,"href":"https:\/\/www.slimnica.lv\/en\/wp-json\/wp\/v2\/pages\/130\/revisions\/8289"}],"up":[{"embeddable":true,"href":"https:\/\/www.slimnica.lv\/en\/wp-json\/wp\/v2\/pages\/123"}],"wp:attachment":[{"href":"https:\/\/www.slimnica.lv\/en\/wp-json\/wp\/v2\/media?parent=130"}],"curies":[{"name":"wp","href":"https:\/\/api.w.org\/{rel}","templated":true}]}}