{"id":131,"date":"2022-10-10T20:45:07","date_gmt":"2022-10-10T17:45:07","guid":{"rendered":"https:\/\/slimnica.lv\/par-mums\/kas-mes-esam\/"},"modified":"2024-05-30T10:09:44","modified_gmt":"2024-05-30T08:09:44","slug":"kas-mes-esam","status":"publish","type":"page","link":"https:\/\/www.slimnica.lv\/en\/par-mums\/kas-mes-esam\/","title":{"rendered":"Kas m\u0113s esam"},"content":{"rendered":"<p class=\"qtranxs-available-languages-message qtranxs-available-languages-message-en\">Sorry, this entry is only available in <a href=\"https:\/\/www.slimnica.lv\/lv\/wp-json\/wp\/v2\/pages\/131\" class=\"qtranxs-available-language-link qtranxs-available-language-link-lv\" title=\"Latvie\u0161u\">Latvie\u0161u<\/a>.<\/p><p><\/p>\n<h4><strong>SIA &#8220;R\u012bgas 2. slimn\u012bca&#8221;<\/strong><\/h4>\n<p><img loading=\"lazy\" decoding=\"async\" class=\"wp-image-1818 alignleft\" src=\"https:\/\/slimnica.lv\/wp-content\/uploads\/2022\/11\/680c42347025cb6dc87ddb49fdb672d4.jpg\" alt=\"\" width=\"419\" height=\"279\" srcset=\"https:\/\/www.slimnica.lv\/wp-content\/uploads\/2022\/11\/680c42347025cb6dc87ddb49fdb672d4.jpg 750w, https:\/\/www.slimnica.lv\/wp-content\/uploads\/2022\/11\/680c42347025cb6dc87ddb49fdb672d4-300x200.jpg 300w\" sizes=\"auto, (max-width: 419px) 100vw, 419px\" \/><strong>R\u012bgas 2. slimn\u012bca ir izveidota 1959. gada 29. apr\u012bl\u012b. \u0160odien t\u0101 ir vien\u012bg\u0101 \u0101rstniec\u012bbas iest\u0101de Daugavas kreisaj\u0101 krast\u0101, kas specializ\u0113jusi<\/strong><strong>es traumatolo\u0123ij\u0101 un ortop\u0113dij\u0101, nodro\u0161inot pilnu izmekl\u0113jumu un \u0101rst\u0113\u0161anas procesu, k\u0101 ar\u012b diennakts neatliekamo pal\u012bdz\u012bbu.\u00a0<\/strong><\/p>\n<p><span style=\"text-decoration: underline;\">Galvenie sniegtie pakalpojumi un profils:<\/span><\/p>\n<ul>\n<li>24\/7 neatliekam\u0101 pal\u012bdz\u012bba;\u200b\u200b<\/li>\n<li>ambulator\u0101 pal\u012bdz\u012bba;\u200b<\/li>\n<li>stacion\u0101r\u0101 pal\u012bdz\u012bba;\u200b\u200b<\/li>\n<li>soci\u0101l\u0101 apr\u016bpe;\u200b<\/li>\n<li>m\u0101jas apr\u016bpe.<\/li>\n<\/ul>\n<p>&nbsp;<\/p>\n<p>Slimn\u012bc\u0101 ir vair\u0101k nek\u0101 300 darbinieku. Gad\u0101 tiek veiktas ap 3 000 oper\u0101ciju. Slimn\u012bc\u0101 funkcion\u0113 105 gultas, tostarp 40 traumu, 36 ortop\u0113dijas, 4 intens\u012bv\u0101s terapijas, 14 apr\u016bpes, 8 hronisk\u0101s apr\u016bpes, 3 subak\u016bt\u0101s rehabilit\u0101cijas gultas.<\/p>\n<p>2023. gada 13. decembr\u012b R\u012bgas domes kapit\u0101lsabiedr\u012bba SIA &#8220;R\u012bgas 2. slimn\u012bca&#8221; ir ieguvusi <a href=\"https:\/\/www.slimnica.lv\/lv\/jaunumi\/rigas-2-slimnica-sanem-iso-9001-sertifikatu\/\" target=\"_blank\" rel=\"noopener\">ISO 9001:2015 sertifik\u0101tu<\/a> stacion\u0101ro un ambulatoro vesel\u012bbas apr\u016bpes pakalpojumu darb\u012bbas sf\u0113r\u0101s, ietverot traumatolo\u0123iju, ortop\u0113diju, neatliekamo traumatolo\u0123isko pal\u012bdz\u012bbu, rehabilit\u0101ciju, hronisko apr\u016bpi, dienas stacion\u0101ru, anesteziolo\u0123iju, intens\u012bvo terapiju, diagnostisko radiolo\u0123iju, kl\u012bnisko fiziolo\u0123iju un vizu\u0101lo diagnostiku.<\/p>\n<p><img loading=\"lazy\" decoding=\"async\" class=\"aligncenter wp-image-5552 size-large\" src=\"https:\/\/www.slimnica.lv\/wp-content\/uploads\/2023\/12\/R2S-ISO-sertifikats-2023-722x1024.png\" alt=\"\" width=\"722\" height=\"1024\" srcset=\"https:\/\/www.slimnica.lv\/wp-content\/uploads\/2023\/12\/R2S-ISO-sertifikats-2023-722x1024.png 722w, https:\/\/www.slimnica.lv\/wp-content\/uploads\/2023\/12\/R2S-ISO-sertifikats-2023-212x300.png 212w, https:\/\/www.slimnica.lv\/wp-content\/uploads\/2023\/12\/R2S-ISO-sertifikats-2023.png 905w\" sizes=\"auto, (max-width: 722px) 100vw, 722px\" \/><\/p>\n<hr \/>\n<p><strong>N\u0101kotnes perspekt\u012bvas: darb\u012bbas nep\u0101rtraukt\u012bba, pieejam\u012bba, renov\u0101cija, att\u012bst\u012bba.<\/strong><\/p>\n<p>R\u012bgas 2. slimn\u012bca: Profesion\u0101li. Cilv\u0113c\u012bgi. Kop\u0101.<\/p>\n<p>&nbsp;<\/p>","protected":false},"excerpt":{"rendered":"<p>Sorry, this entry is only available in Latvie\u0161u. SIA &#8220;R\u012bgas 2. slimn\u012bca&#8221; R\u012bgas 2. slimn\u012bca ir izveidota 1959. gada 29. apr\u012bl\u012b. \u0160odien t\u0101 ir vien\u012bg\u0101 \u0101rstniec\u012bbas iest\u0101de Daugavas kreisaj\u0101 krast\u0101, kas specializ\u0113jusies traumatolo\u0123ij\u0101 un ortop\u0113dij\u0101, nodro\u0161inot pilnu izmekl\u0113jumu un \u0101rst\u0113\u0161anas procesu, k\u0101 ar\u012b diennakts neatliekamo pal\u012bdz\u012bbu.\u00a0 Galvenie sniegtie pakalpojumi un profils: 24\/7 neatliekam\u0101 pal\u012bdz\u012bba;\u200b\u200b ambulator\u0101 [&hellip;]<\/p>\n","protected":false},"author":1,"featured_media":0,"parent":123,"menu_order":23,"comment_status":"closed","ping_status":"closed","template":"","meta":{"_acf_changed":false,"om_disable_all_campaigns":false,"inline_featured_image":false,"_monsterinsights_skip_tracking":false,"_monsterinsights_sitenote_active":false,"_monsterinsights_sitenote_note":"","_monsterinsights_sitenote_category":0,"_uf_show_specific_survey":0,"_uf_disable_surveys":false,"footnotes":""},"class_list":["post-131","page","type-page","status-publish","hentry"],"acf":[],"aioseo_notices":[],"_links":{"self":[{"href":"https:\/\/www.slimnica.lv\/en\/wp-json\/wp\/v2\/pages\/131","targetHints":{"allow":["GET"]}}],"collection":[{"href":"https:\/\/www.slimnica.lv\/en\/wp-json\/wp\/v2\/pages"}],"about":[{"href":"https:\/\/www.slimnica.lv\/en\/wp-json\/wp\/v2\/types\/page"}],"author":[{"embeddable":true,"href":"https:\/\/www.slimnica.lv\/en\/wp-json\/wp\/v2\/users\/1"}],"replies":[{"embeddable":true,"href":"https:\/\/www.slimnica.lv\/en\/wp-json\/wp\/v2\/comments?post=131"}],"version-history":[{"count":18,"href":"https:\/\/www.slimnica.lv\/en\/wp-json\/wp\/v2\/pages\/131\/revisions"}],"predecessor-version":[{"id":6311,"href":"https:\/\/www.slimnica.lv\/en\/wp-json\/wp\/v2\/pages\/131\/revisions\/6311"}],"up":[{"embeddable":true,"href":"https:\/\/www.slimnica.lv\/en\/wp-json\/wp\/v2\/pages\/123"}],"wp:attachment":[{"href":"https:\/\/www.slimnica.lv\/en\/wp-json\/wp\/v2\/media?parent=131"}],"curies":[{"name":"wp","href":"https:\/\/api.w.org\/{rel}","templated":true}]}}