{"id":1960,"date":"2022-11-05T15:16:12","date_gmt":"2022-11-05T12:16:12","guid":{"rendered":"https:\/\/slimnica.lv\/?page_id=1960"},"modified":"2024-04-12T12:30:46","modified_gmt":"2024-04-12T10:30:46","slug":"ka-sagatavoties-konsultacijai","status":"publish","type":"page","link":"https:\/\/www.slimnica.lv\/en\/pacientiem\/ka-sagatavoties-konsultacijai\/","title":{"rendered":"K\u0101 sagatavoties konsult\u0101cijai"},"content":{"rendered":"<p class=\"qtranxs-available-languages-message qtranxs-available-languages-message-en\">Sorry, this entry is only available in <a href=\"https:\/\/www.slimnica.lv\/lv\/wp-json\/wp\/v2\/pages\/1960\" class=\"qtranxs-available-language-link qtranxs-available-language-link-lv\" title=\"Latvie\u0161u\">Latvie\u0161u<\/a>.<\/p><p><b><a href=\"https:\/\/www.slimnica.lv\/lv\/specialisti\/?filter=traumatologs-ortopeds\" target=\"_blank\" rel=\"noopener\">Traumatologs, ortop\u0113ds<\/a> ir \u0101rsts, kur\u0161 specializ\u0113jas kust\u012bbu un balsta apar\u0101ta (kaulu, loc\u012btavu, sai\u0161u un c\u012bpslu) traumu un slim\u012bbu diagnostik\u0101, \u0101rst\u0113\u0161an\u0101 un profilaks\u0113.<\/b> <strong>Pirms \u0101rsta apmekl\u0113juma ir svar\u012bgi sagatavoties.<\/strong><\/p>\n<div class=\"vakances_page\"><div class=\"vakances_wrap mb-0\"><div class=\"single_vakance\"><a class=\"single_vakance_btn\" data-bs-toggle=\"collapse\" href=\"#buj_kad-var-but-nepieciesama-planveida-konsultacija\" role=\"button\" aria-expanded=\"false\" aria-controls=\"buj_kad-var-but-nepieciesama-planveida-konsultacija\"><h4 class=\"mb-0\">Kad var b\u016bt nepiecie\u0161ama pl\u0101nveida konsult\u0101cija?<\/h4><i class=\"fa-solid fa-chevron-right\"><\/i><\/a><div class=\"collapse\" id=\"buj_kad-var-but-nepieciesama-planveida-konsultacija\"><div class=\"vakance_content\"><\/p>\n<ul>\n<li aria-level=\"1\">kontrole p\u0113c traumas \u2013 kaulu l\u016bzumiem, loc\u012btavas boj\u0101jumiem, sai\u0161u vai c\u012bpslu boj\u0101jumiem vai sasitumiem;<\/li>\n<li aria-level=\"1\">ja ir balsta un kust\u012bbu apar\u0101ta (kaulu un loc\u012btavu) hroniskas slim\u012bbas;<\/li>\n<li aria-level=\"1\">ja ir s\u0101pes p\u0113d\u0101s, ce\u013cos, g\u016b\u017e\u0101s, plecos, plaukst\u0101s vai cit\u0101s loc\u012btav\u0101s;<\/li>\n<li aria-level=\"1\">ja ir loc\u012btavu hroniskas s\u0101pes, deform\u0101cija, artroze;<\/li>\n<li aria-level=\"1\">ja ir nestabilit\u0101te ce\u013ca, pleca, p\u0113das loc\u012btav\u0101;<\/li>\n<li aria-level=\"1\">ja ir c\u012bpslu, sai\u0161u vai musku\u013cu boj\u0101jumi;<\/li>\n<li aria-level=\"1\">ja ir plaukstas, pirkstu trauma, s\u0101pes;<\/li>\n<li aria-level=\"1\">ja ir sare\u017e\u0123\u012bjumi p\u0113c traumas, nepiecie\u0161ama oper\u0101cija;<\/li>\n<li aria-level=\"1\">ja ir nepiecie\u0161ama implanta iz\u0146em\u0161ana p\u0113c saaugu\u0161a l\u016bzuma;<\/li>\n<li aria-level=\"1\">ja ir nepiecie\u0161ama g\u016b\u017eas vai ce\u013ca loc\u012btavas endoprotez\u0113\u0161ana;<\/li>\n<li aria-level=\"1\">ja ir nepiecie\u0161ama ce\u013ca loc\u012btavas artroskopija;<\/li>\n<li aria-level=\"1\">ja ir nepiecie\u0161ama p\u0113das deform\u0101cijas kori\u0123\u0113jo\u0161a oper\u0101cija;<\/li>\n<li aria-level=\"1\">ja ir nepiecie\u0161ams veikt medikamentu ievad\u012b\u0161anu loc\u012btav\u0101 (veikt blok\u0101di).<\/li>\n<\/ul>\n<p><\/div><\/div><\/div><\/div><\/div>\n<div class=\"vakances_page\"><div class=\"vakances_wrap mb-0\"><div class=\"single_vakance\"><a class=\"single_vakance_btn\" data-bs-toggle=\"collapse\" href=\"#buj_ka-sagatavoties-vizitei\" role=\"button\" aria-expanded=\"false\" aria-controls=\"buj_ka-sagatavoties-vizitei\"><h4 class=\"mb-0\">K\u0101 sagatavoties viz\u012btei?<\/h4><i class=\"fa-solid fa-chevron-right\"><\/i><\/a><div class=\"collapse\" id=\"buj_ka-sagatavoties-vizitei\"><div class=\"vakance_content\"><\/p>\n<p>Dodoties viz\u012bt\u0113 pie traumatologa, ortop\u0113da, ir <b>l\u012bdzi j\u0101\u0146em visi ar konkr\u0113to slim\u012bbu saist\u012btie izraksti un sl\u0113dzieni, kas sa\u0146emti \u0101rstniec\u012bbas iest\u0101d\u0113s<\/b>. T\u0101d\u0113j\u0101di \u0101rstam b\u016bs iesp\u0113ja ieg\u016bt maksim\u0101li daudz inform\u0101cijas, kas atvieglos diagnozes noteik\u0161anu un izv\u0113l\u0113ties piem\u0113rot\u0101ko \u0101rst\u0113\u0161anas strat\u0113\u0123iju. \u0160\u012b inform\u0101cija pal\u012bdz\u0113s ietaup\u012bt laiku un l\u012bdzek\u013cus, jo iesp\u0113jams, ka da\u017ei izmekl\u0113jumi jau ir veikti un vairs nav j\u0101atk\u0101rto.<\/p>\n<p><b>Ieteicams, ka \u0123imenes \u0101rsts, nos\u016btot uz konsult\u0101ciju pie traumatologa, jau iepriek\u0161 ir noz\u012bm\u0113jis veikt rentgena izmekl\u0113jumu.<\/b><\/p>\n<p><\/div><\/div><\/div><\/div><\/div>\n<div class=\"vakances_page\"><div class=\"vakances_wrap mb-0\"><div class=\"single_vakance\"><a class=\"single_vakance_btn\" data-bs-toggle=\"collapse\" href=\"#buj_ka-notiek-vizite\" role=\"button\" aria-expanded=\"false\" aria-controls=\"buj_ka-notiek-vizite\"><h4 class=\"mb-0\">K\u0101 notiek viz\u012bte?<\/h4><i class=\"fa-solid fa-chevron-right\"><\/i><\/a><div class=\"collapse\" id=\"buj_ka-notiek-vizite\"><div class=\"vakance_content\"><\/p>\n<p>\u0100rsta sarun\u0101 ar pacientu tiek noskaidrotas s\u016bdz\u012bbas, veikta izmekl\u0113\u0161ana, izskat\u012bti l\u012bdzpa\u0146emtie izmekl\u0113jumi un preciz\u0113ta diagnoze. Ja nepiecie\u0161ams, \u0101rsts noz\u012bm\u0113 papildus izmekl\u0113jumus, manipul\u0101cijas, medikamentozu terapiju, fizioterapiju vai nos\u016bta pacientu konsult\u0113ties pie citiem speci\u0101listiem, k\u0101 ar\u012b vienojas par n\u0101kamo viz\u012bti.<\/p>\n<p><\/div><\/div><\/div><\/div><\/div>\n<div class=\"vakances_page\"><div class=\"vakances_wrap mb-0\"><div class=\"single_vakance\"><a class=\"single_vakance_btn\" data-bs-toggle=\"collapse\" href=\"#buj_iespejamie-papildus-izmeklejumi\" role=\"button\" aria-expanded=\"false\" aria-controls=\"buj_iespejamie-papildus-izmeklejumi\"><h4 class=\"mb-0\">Iesp\u0113jamie papildus izmekl\u0113jumi<\/h4><i class=\"fa-solid fa-chevron-right\"><\/i><\/a><div class=\"collapse\" id=\"buj_iespejamie-papildus-izmeklejumi\"><div class=\"vakance_content\"><\/p>\n<ul>\n<li aria-level=\"1\">rentgens,<\/li>\n<li aria-level=\"1\">ultrasonogr\u0101fija,<\/li>\n<li aria-level=\"1\">magn\u0113tisk\u0101 rezonanse,<\/li>\n<li aria-level=\"1\">datortomogr\u0101fija,<\/li>\n<li aria-level=\"1\">u.c.<\/li>\n<\/ul>\n<p><\/div><\/div><\/div><\/div><\/div>\n<p>&nbsp;<\/p>\n<p><strong>Lai pilnv\u0113rt\u012bgi sagatavotos konsult\u0101cijai pie traumatologa, ortop\u0113da, ir svar\u012bgi \u0146emt v\u0113r\u0101 vair\u0101kus nosac\u012bjumus<\/strong><\/p>\n<ul>\n<li aria-level=\"1\"><b>Pieraksts un kav\u0113\u0161ana<\/b><\/li>\n<\/ul>\n<p>Ierodieties uz viz\u012bti savlaic\u012bgi, v\u0113lams 10-15 min\u016btes iepriek\u0161.<\/p>\n<p>Ja zin\u0101t, ka neb\u016bsiet uz viz\u012bti, zvaniet uz t\u0101lruni 80200991 (darba dien\u0101s plkst. 8:00 &#8211; 16:00), lai p\u0101rpl\u0101notu viz\u012btes laiku. Savuk\u0101rt atbr\u012bvotaj\u0101 laik\u0101 uz konsult\u0101ciju tiks k\u0101ds cits pacients, kuram tas ir \u013coti nepiecie\u0161ams.<\/p>\n<hr \/>\n<ul>\n<li aria-level=\"1\"><b>N\u0101ciet divat\u0101<\/b><\/li>\n<\/ul>\n<p>Senioriem un pacientiem ar kust\u012bbu trauc\u0113jumiem ieteicams uz konsult\u0101ciju doties divat\u0101 \u2013 pavadonis dzird\u0113s un pajaut\u0101s to, kas Jums satraukum\u0101 var piemirsties.<\/p>\n<hr \/>\n<ul>\n<li aria-level=\"1\"><b>Sagatavojiet jaut\u0101jumus<\/b><\/li>\n<\/ul>\n<p>Jau pirms konsult\u0101cijas sagatavojiet un pierakstiet interes\u0113jo\u0161os jaut\u0101jumus, lai satraukum\u0101 tie nepiemirstas.<\/p>\n<hr \/>\n<ul>\n<li><b>Laiks polikl\u012bnik\u0101<\/b><\/li>\n<\/ul>\n<p>\u0100rsta apmekl\u0113jumam vienm\u0113r pl\u0101nojiet vair\u0101k laika, nek\u0101 paredz\u0113ts J\u016bsu konsult\u0101cijai. Kop\u0113jais laiks var b\u016bt l\u012bdz stundai.<\/p>\n<hr \/>\n<ul>\n<li aria-level=\"1\"><b>Neveiciet liekus izmekl\u0113jumus<\/b><\/li>\n<\/ul>\n<p>Pirms konsult\u0101cijas neveiciet izmekl\u0113jumus p\u0113c savas iniciat\u012bvas. Var izr\u0101d\u012bties, ka izmekl\u0113jums J\u016bsu situ\u0101cij\u0101 b\u016bs lieks vai neb\u016bs informat\u012bvs.<\/p>\n<hr \/>\n<ul>\n<li aria-level=\"1\"><b>\u0100rsta konsult\u0101cija<\/b><\/li>\n<\/ul>\n<p>Vid\u0113ji konsult\u0101cijas ilgums ir l\u012bdz 15-20 min. Da\u017ek\u0101rt probl\u0113ma ir tik nep\u0101rprotama, ka t\u0101s noteik\u0161ana var norit\u0113t daudz \u012bs\u0101k\u0101 laik\u0101. M\u0113dz b\u016bt situ\u0101cijas, kad pacients uz viz\u012bti ierodas ar daudz\u0101m probl\u0113m\u0101m. \u0160\u0101da viz\u012bte var ieilgt.<\/p>\n<hr \/>\n<ul>\n<li aria-level=\"1\"><b>K\u0101 \u0123\u0113rbties<\/b><\/li>\n<\/ul>\n<p>Velciet ap\u0123\u0113rbu, ko ir paroc\u012bgi novilkt, lai par\u0101d\u012btu \u0101rstam s\u0101po\u0161o vietu un kur\u0101 nejut\u012bsieties ne\u0113rti.<\/p>\n<hr \/>\n<ul>\n<li aria-level=\"1\"><b>Izmekl\u0113jumi p\u0113c konsult\u0101cijas<\/b><\/li>\n<\/ul>\n<p>Liel\u0101ko da\u013cu no \u0101rsta noz\u012bm\u0113tajiem izmekl\u0113jumiem var veikt tepat \u2013 R\u012bgas 2. slimn\u012bc\u0101.<\/p>\n<hr \/>\n<p><strong>Ja ir nepiecie\u0161ama neatliekam\u0101 pal\u012bdz\u012bba kaulu, loc\u012btavu traumu gad\u012bjum\u0101, tad varat ierasties uz R\u012bgas 2. slimn\u012bcas traumpunktu jebkur\u0101 laik\u0101, jo diennakti ir pieejams de\u017eur\u0113jo\u0161ais traumatologs un rentgens.<\/strong><\/p>","protected":false},"excerpt":{"rendered":"<p>Sorry, this entry is only available in Latvie\u0161u.Traumatologs, ortop\u0113ds ir \u0101rsts, kur\u0161 specializ\u0113jas kust\u012bbu un balsta apar\u0101ta (kaulu, loc\u012btavu, sai\u0161u un c\u012bpslu) traumu un slim\u012bbu diagnostik\u0101, \u0101rst\u0113\u0161an\u0101 un profilaks\u0113. Pirms \u0101rsta apmekl\u0113juma ir svar\u012bgi sagatavoties. &nbsp; Lai pilnv\u0113rt\u012bgi sagatavotos konsult\u0101cijai pie traumatologa, ortop\u0113da, ir svar\u012bgi \u0146emt v\u0113r\u0101 vair\u0101kus nosac\u012bjumus Pieraksts un kav\u0113\u0161ana Ierodieties uz viz\u012bti [&hellip;]<\/p>\n","protected":false},"author":1,"featured_media":0,"parent":122,"menu_order":20,"comment_status":"closed","ping_status":"closed","template":"","meta":{"_acf_changed":false,"om_disable_all_campaigns":false,"inline_featured_image":false,"_monsterinsights_skip_tracking":false,"_monsterinsights_sitenote_active":false,"_monsterinsights_sitenote_note":"","_monsterinsights_sitenote_category":0,"_uf_show_specific_survey":0,"_uf_disable_surveys":false,"footnotes":""},"class_list":["post-1960","page","type-page","status-publish","hentry"],"acf":[],"aioseo_notices":[],"_links":{"self":[{"href":"https:\/\/www.slimnica.lv\/en\/wp-json\/wp\/v2\/pages\/1960","targetHints":{"allow":["GET"]}}],"collection":[{"href":"https:\/\/www.slimnica.lv\/en\/wp-json\/wp\/v2\/pages"}],"about":[{"href":"https:\/\/www.slimnica.lv\/en\/wp-json\/wp\/v2\/types\/page"}],"author":[{"embeddable":true,"href":"https:\/\/www.slimnica.lv\/en\/wp-json\/wp\/v2\/users\/1"}],"replies":[{"embeddable":true,"href":"https:\/\/www.slimnica.lv\/en\/wp-json\/wp\/v2\/comments?post=1960"}],"version-history":[{"count":8,"href":"https:\/\/www.slimnica.lv\/en\/wp-json\/wp\/v2\/pages\/1960\/revisions"}],"predecessor-version":[{"id":6185,"href":"https:\/\/www.slimnica.lv\/en\/wp-json\/wp\/v2\/pages\/1960\/revisions\/6185"}],"up":[{"embeddable":true,"href":"https:\/\/www.slimnica.lv\/en\/wp-json\/wp\/v2\/pages\/122"}],"wp:attachment":[{"href":"https:\/\/www.slimnica.lv\/en\/wp-json\/wp\/v2\/media?parent=1960"}],"curies":[{"name":"wp","href":"https:\/\/api.w.org\/{rel}","templated":true}]}}