{"id":2223,"date":"2022-12-20T13:45:26","date_gmt":"2022-12-20T11:45:26","guid":{"rendered":"https:\/\/slimnica.lv\/?page_id=2223"},"modified":"2023-12-04T15:54:16","modified_gmt":"2023-12-04T13:54:16","slug":"misija-vizija-visparejais-merkis","status":"publish","type":"page","link":"https:\/\/www.slimnica.lv\/en\/par-mums\/kas-mes-esam\/misija-vizija-visparejais-merkis\/","title":{"rendered":"Misija, v\u012bzija, visp\u0101r\u0113jais m\u0113r\u0137is"},"content":{"rendered":"<p class=\"qtranxs-available-languages-message qtranxs-available-languages-message-en\">Sorry, this entry is only available in <a href=\"https:\/\/www.slimnica.lv\/lv\/wp-json\/wp\/v2\/pages\/2223\" class=\"qtranxs-available-language-link qtranxs-available-language-link-lv\" title=\"Latvie\u0161u\">Latvie\u0161u<\/a>.<\/p><p><div class=\"vakances_page\"><div class=\"vakances_wrap mb-0\"><div class=\"single_vakance\"><a class=\"single_vakance_btn\" data-bs-toggle=\"collapse\" href=\"#buj_visparejais-merkis\" role=\"button\" aria-expanded=\"false\" aria-controls=\"buj_visparejais-merkis\"><h4 class=\"mb-0\">VISP\u0100R\u0112JAIS M\u0112R\u0136IS<\/h4><i class=\"fa-solid fa-chevron-right\"><\/i><\/a><div class=\"collapse\" id=\"buj_visparejais-merkis\"><div class=\"vakance_content\"><\/p>\n<p>Nodro\u0161in\u0101t kvalitat\u012bvu, efekt\u012bvu neatliekamo un pl\u0101nveida stacion\u0101ro un ambulatoro vesel\u012bbas apr\u016bpes pakalpojumu pieejam\u012bbu traumatolo\u0123ij\u0101 un ortop\u0113dij\u0101, k\u0101 ar\u012b vesel\u012bbas apr\u016bpi m\u0101j\u0101s, sniegt pacientiem soci\u0101lo nodro\u0161in\u0101jumu un veicin\u0101t R\u012bgas pils\u0113tas iedz\u012bvot\u0101ju vesel\u012bbu.<\/p>\n<p><\/div><\/div><\/div><\/div><\/div><\/p>\n<div class=\"vakances_page\"><div class=\"vakances_wrap mb-0\"><div class=\"single_vakance\"><a class=\"single_vakance_btn\" data-bs-toggle=\"collapse\" href=\"#buj_misija\" role=\"button\" aria-expanded=\"false\" aria-controls=\"buj_misija\"><h4 class=\"mb-0\">MISIJA<\/h4><i class=\"fa-solid fa-chevron-right\"><\/i><\/a><div class=\"collapse\" id=\"buj_misija\"><div class=\"vakance_content\"><\/p>\n<p>Profesion\u0101la, kvalitat\u012bva un pieejama pal\u012bdz\u012bba pacientiem ar kaulu un loc\u012btavu traum\u0101m un slim\u012bb\u0101m.<\/p>\n<p><\/div><\/div><\/div><\/div><\/div>\n<div class=\"vakances_page\"><div class=\"vakances_wrap mb-0\"><div class=\"single_vakance\"><a class=\"single_vakance_btn\" data-bs-toggle=\"collapse\" href=\"#buj_vizija\" role=\"button\" aria-expanded=\"false\" aria-controls=\"buj_vizija\"><h4 class=\"mb-0\">V\u012aZIJA<\/h4><i class=\"fa-solid fa-chevron-right\"><\/i><\/a><div class=\"collapse\" id=\"buj_vizija\"><div class=\"vakance_content\"><\/p>\n<p>Atpaz\u012bstama moderna kl\u012bnika ar profesion\u0101lu komandu.<\/p>\n<p><\/div><\/div><\/div><\/div><\/div>\n<div class=\"vakances_page\"><div class=\"vakances_wrap mb-0\"><div class=\"single_vakance\"><a class=\"single_vakance_btn\" data-bs-toggle=\"collapse\" href=\"#buj_vertibas\" role=\"button\" aria-expanded=\"false\" aria-controls=\"buj_vertibas\"><h4 class=\"mb-0\">V\u0112RT\u012aBAS<\/h4><i class=\"fa-solid fa-chevron-right\"><\/i><\/a><div class=\"collapse\" id=\"buj_vertibas\"><div class=\"vakance_content\">\n<ul>\n<li>Profesionalit\u0101te;<\/li>\n<li>Atbild\u012bba;<\/li>\n<li>God\u012bgums;<\/li>\n<li>Sadarb\u012bba;<\/li>\n<li>Lojalit\u0101te;<\/li>\n<li>Konfidencialit\u0101te.<\/li>\n<\/ul>\n<p><\/div><\/div><\/div><\/div><\/div><\/p>","protected":false},"excerpt":{"rendered":"<p>Sorry, this entry is only available in Latvie\u0161u.<\/p>\n","protected":false},"author":2,"featured_media":0,"parent":131,"menu_order":24,"comment_status":"closed","ping_status":"closed","template":"","meta":{"_acf_changed":false,"om_disable_all_campaigns":false,"inline_featured_image":false,"_monsterinsights_skip_tracking":false,"_monsterinsights_sitenote_active":false,"_monsterinsights_sitenote_note":"","_monsterinsights_sitenote_category":0,"_uf_show_specific_survey":0,"_uf_disable_surveys":false,"footnotes":""},"class_list":["post-2223","page","type-page","status-publish","hentry"],"acf":[],"aioseo_notices":[],"_links":{"self":[{"href":"https:\/\/www.slimnica.lv\/en\/wp-json\/wp\/v2\/pages\/2223","targetHints":{"allow":["GET"]}}],"collection":[{"href":"https:\/\/www.slimnica.lv\/en\/wp-json\/wp\/v2\/pages"}],"about":[{"href":"https:\/\/www.slimnica.lv\/en\/wp-json\/wp\/v2\/types\/page"}],"author":[{"embeddable":true,"href":"https:\/\/www.slimnica.lv\/en\/wp-json\/wp\/v2\/users\/2"}],"replies":[{"embeddable":true,"href":"https:\/\/www.slimnica.lv\/en\/wp-json\/wp\/v2\/comments?post=2223"}],"version-history":[{"count":3,"href":"https:\/\/www.slimnica.lv\/en\/wp-json\/wp\/v2\/pages\/2223\/revisions"}],"predecessor-version":[{"id":3496,"href":"https:\/\/www.slimnica.lv\/en\/wp-json\/wp\/v2\/pages\/2223\/revisions\/3496"}],"up":[{"embeddable":true,"href":"https:\/\/www.slimnica.lv\/en\/wp-json\/wp\/v2\/pages\/131"}],"wp:attachment":[{"href":"https:\/\/www.slimnica.lv\/en\/wp-json\/wp\/v2\/media?parent=2223"}],"curies":[{"name":"wp","href":"https:\/\/api.w.org\/{rel}","templated":true}]}}