{"id":3181,"date":"2023-01-03T14:46:20","date_gmt":"2023-01-03T12:46:20","guid":{"rendered":"https:\/\/slimnica.lv\/?page_id=3181"},"modified":"2023-12-04T15:31:25","modified_gmt":"2023-12-04T13:31:25","slug":"nepieciesamie-dokumenti","status":"publish","type":"page","link":"https:\/\/www.slimnica.lv\/en\/pacientiem\/nepieciesamie-dokumenti\/","title":{"rendered":"Nepiecie\u0161amie dokumenti"},"content":{"rendered":"<p class=\"qtranxs-available-languages-message qtranxs-available-languages-message-en\">Sorry, this entry is only available in <a href=\"https:\/\/www.slimnica.lv\/lv\/wp-json\/wp\/v2\/pages\/3181\" class=\"qtranxs-available-language-link qtranxs-available-language-link-lv\" title=\"Latvie\u0161u\">Latvie\u0161u<\/a>.<\/p><p><span style=\"text-decoration: underline;\"><b>Ierodoties uz \u0101rsta konsult\u0101ciju, re\u0123istrat\u016br\u0101 j\u0101uzr\u0101da:<\/b><\/span><\/p>\n<ul>\n<li aria-level=\"1\">personu apliecino\u0161s dokuments (pase vai personas apliec\u012bba (ID karte));<\/li>\n<li aria-level=\"1\">\u0123imenes \u0101rsta nos\u016bt\u012bjums;<\/li>\n<li aria-level=\"1\">apdro\u0161in\u0101\u0161anas polise, ja t\u0101da ir.<\/li>\n<li aria-level=\"1\">l\u012bdzi j\u0101b\u016bt anal\u012b\u017eu rezult\u0101tiem, diagnostisko izmekl\u0113jumu rezult\u0101tiem vai pieejas kodiem + dokumentiem, kas apliecina atbr\u012bvojumu no pacienta iemaks\u0101m.<\/li>\n<\/ul>\n<p>Pacients bez \u0123imenes \u0101rsta vai \u0101rsta speci\u0101lista nos\u016bt\u012bjuma var sa\u0146emt medic\u012bniskos maksas pakalpojumus, ko apmaks\u0101 pats vai apdro\u0161in\u0101\u0161anas sabiedr\u012bba.<\/p>","protected":false},"excerpt":{"rendered":"<p>Sorry, this entry is only available in Latvie\u0161u.Ierodoties uz \u0101rsta konsult\u0101ciju, re\u0123istrat\u016br\u0101 j\u0101uzr\u0101da: personu apliecino\u0161s dokuments (pase vai personas apliec\u012bba (ID karte)); \u0123imenes \u0101rsta nos\u016bt\u012bjums; apdro\u0161in\u0101\u0161anas polise, ja t\u0101da ir. l\u012bdzi j\u0101b\u016bt anal\u012b\u017eu rezult\u0101tiem, diagnostisko izmekl\u0113jumu rezult\u0101tiem vai pieejas kodiem + dokumentiem, kas apliecina atbr\u012bvojumu no pacienta iemaks\u0101m. Pacients bez \u0123imenes \u0101rsta vai \u0101rsta speci\u0101lista [&hellip;]<\/p>\n","protected":false},"author":2,"featured_media":0,"parent":122,"menu_order":15,"comment_status":"closed","ping_status":"closed","template":"","meta":{"_acf_changed":false,"om_disable_all_campaigns":false,"inline_featured_image":false,"_monsterinsights_skip_tracking":false,"_monsterinsights_sitenote_active":false,"_monsterinsights_sitenote_note":"","_monsterinsights_sitenote_category":0,"_uf_show_specific_survey":0,"_uf_disable_surveys":false,"footnotes":""},"class_list":["post-3181","page","type-page","status-publish","hentry"],"acf":[],"aioseo_notices":[],"_links":{"self":[{"href":"https:\/\/www.slimnica.lv\/en\/wp-json\/wp\/v2\/pages\/3181","targetHints":{"allow":["GET"]}}],"collection":[{"href":"https:\/\/www.slimnica.lv\/en\/wp-json\/wp\/v2\/pages"}],"about":[{"href":"https:\/\/www.slimnica.lv\/en\/wp-json\/wp\/v2\/types\/page"}],"author":[{"embeddable":true,"href":"https:\/\/www.slimnica.lv\/en\/wp-json\/wp\/v2\/users\/2"}],"replies":[{"embeddable":true,"href":"https:\/\/www.slimnica.lv\/en\/wp-json\/wp\/v2\/comments?post=3181"}],"version-history":[{"count":1,"href":"https:\/\/www.slimnica.lv\/en\/wp-json\/wp\/v2\/pages\/3181\/revisions"}],"predecessor-version":[{"id":3182,"href":"https:\/\/www.slimnica.lv\/en\/wp-json\/wp\/v2\/pages\/3181\/revisions\/3182"}],"up":[{"embeddable":true,"href":"https:\/\/www.slimnica.lv\/en\/wp-json\/wp\/v2\/pages\/122"}],"wp:attachment":[{"href":"https:\/\/www.slimnica.lv\/en\/wp-json\/wp\/v2\/media?parent=3181"}],"curies":[{"name":"wp","href":"https:\/\/api.w.org\/{rel}","templated":true}]}}