{"id":3723,"date":"2023-02-09T08:49:39","date_gmt":"2023-02-09T06:49:39","guid":{"rendered":"https:\/\/www.slimnica.lv\/?page_id=3723"},"modified":"2023-12-04T15:39:44","modified_gmt":"2023-12-04T13:39:44","slug":"atsauksmes-ierosinajumi-sudzibas","status":"publish","type":"page","link":"https:\/\/www.slimnica.lv\/en\/pacientiem\/apmekletaju-aptaujas-anketas\/atsauksmes-ierosinajumi-sudzibas\/","title":{"rendered":"Atsauksmes, ierosin\u0101jumi, s\u016bdz\u012bbas"},"content":{"rendered":"<p class=\"qtranxs-available-languages-message qtranxs-available-languages-message-en\">Sorry, this entry is only available in <a href=\"https:\/\/www.slimnica.lv\/lv\/wp-json\/wp\/v2\/pages\/3723\" class=\"qtranxs-available-language-link qtranxs-available-language-link-lv\" title=\"Latvie\u0161u\">Latvie\u0161u<\/a>.<\/p><p><strong>Pal\u012bdziet mums k\u013c\u016bt v\u0113l lab\u0101kiem!<\/strong> <strong>Lai turpm\u0101k par Jums par\u016bp\u0113tos v\u0113l lab\u0101k, priec\u0101simies, ja sniegsiet savus priek\u0161likumus m\u016bsu darbiniekiem vai pateiksiet paldies.<\/strong><\/p>\n<div class=\"vakances_page\"><div class=\"vakances_wrap mb-0\"><div class=\"single_vakance\"><a class=\"single_vakance_btn\" data-bs-toggle=\"collapse\" href=\"#buj_iesniegt-elektroniski\" role=\"button\" aria-expanded=\"false\" aria-controls=\"buj_iesniegt-elektroniski\"><h4 class=\"mb-0\">Iesniegt elektroniski<\/h4><i class=\"fa-solid fa-chevron-right\"><\/i><\/a><div class=\"collapse\" id=\"buj_iesniegt-elektroniski\"><div class=\"vakance_content\"><\/p>\n<p><noscript class=\"ninja-forms-noscript-message\">\n\tNotice: JavaScript is required for this content.<\/noscript>\n<div id=\"nf-form-4-cont\" class=\"nf-form-cont\" aria-live=\"polite\" aria-labelledby=\"nf-form-title-4\" aria-describedby=\"nf-form-errors-4\" role=\"form\">\n\n    <div class=\"nf-loading-spinner\"><\/div>\n\n<\/div>\n        <!-- That data is being printed as a workaround to page builders reordering the order of the scripts loaded-->\n        <script>var formDisplay=1;var nfForms=nfForms||[];var form=[];form.id='4';form.settings={\"objectType\":\"Form Setting\",\"editActive\":true,\"title\":\"Atsauksmes, ierosin\\u0101jumi, s\\u016bdz\\u012bbas\",\"show_title\":0,\"allow_public_link\":0,\"public_link\":\"https:\\\/\\\/www.slimnica.lv\\\/ninja-forms\\\/4smdh\",\"embed_form\":\"\",\"clear_complete\":1,\"hide_complete\":1,\"default_label_pos\":\"above\",\"wrapper_class\":\"\",\"element_class\":\"\",\"key\":\"\",\"add_submit\":1,\"changeEmailErrorMsg\":\"Ievadiet der\\u012bgu e-pasta adresi!\",\"changeDateErrorMsg\":\"Please enter a valid date!\",\"confirmFieldErrorMsg\":\"These fields must match!\",\"fieldNumberNumMinError\":\"Number Min Error\",\"fieldNumberNumMaxError\":\"Number Max Error\",\"fieldNumberIncrementBy\":\"Please increment by \",\"formErrorsCorrectErrors\":\"L\\u016bdzu aizpildiet visus laukus\",\"validateRequiredField\":\"\\u0160is lauks j\\u0101aizpilda oblig\\u0101ti.\",\"honeypotHoneypotError\":\"Honeypot Error\",\"fieldsMarkedRequired\":\"Lauki, kas atz\\u012bm\\u0113ti ar *, j\\u0101aizpilda oblig\\u0101ti.\",\"currency\":\"\",\"unique_field_error\":\"A form with this value has already been submitted.\",\"logged_in\":false,\"not_logged_in_msg\":\"\",\"sub_limit_msg\":\"The form has reached its submission limit.\",\"calculations\":[],\"formContentData\":[\"tips_1676024809668\",\"vards_1676024857481\",\"uzvards_1676024871967\",\"talrunis_1676024884011\",\"e-pasts_1676024908739\",\"zinojums_1676024922787\",\"pielikums_1724941699728\",\"velos_sanemt_atbildi_par_sudziba_izklastito_informaciju_1709021756331\",\"iesniegt_1676024934222\"],\"drawerDisabled\":false,\"public_link_key\":\"4smdh\",\"form_title_heading_level\":\"3\",\"ninjaForms\":\"Ninja Forms\",\"fieldTextareaRTEInsertLink\":\"Insert Link\",\"fieldTextareaRTEInsertMedia\":\"Insert Media\",\"fieldTextareaRTESelectAFile\":\"Select a file\",\"formHoneypot\":\"If you are a human seeing this field, please leave it empty.\",\"fileUploadOldCodeFileUploadInProgress\":\"File Upload in Progress.\",\"fileUploadOldCodeFileUpload\":\"FILE UPLOAD\",\"currencySymbol\":\"&#36;\",\"thousands_sep\":\",\",\"decimal_point\":\".\",\"siteLocale\":\"en_US\",\"dateFormat\":\"m\\\/d\\\/Y\",\"startOfWeek\":\"1\",\"of\":\"of\",\"previousMonth\":\"Previous Month\",\"nextMonth\":\"Next Month\",\"months\":[\"January\",\"February\",\"March\",\"April\",\"May\",\"June\",\"July\",\"August\",\"September\",\"October\",\"November\",\"December\"],\"monthsShort\":[\"Jan\",\"Feb\",\"Mar\",\"Apr\",\"May\",\"Jun\",\"Jul\",\"Aug\",\"Sep\",\"Oct\",\"Nov\",\"Dec\"],\"weekdays\":[\"Sunday\",\"Monday\",\"Tuesday\",\"Wednesday\",\"Thursday\",\"Friday\",\"Saturday\"],\"weekdaysShort\":[\"Sun\",\"Mon\",\"Tue\",\"Wed\",\"Thu\",\"Fri\",\"Sat\"],\"weekdaysMin\":[\"Su\",\"Mo\",\"Tu\",\"We\",\"Th\",\"Fr\",\"Sa\"],\"recaptchaConsentMissing\":\"reCaptcha validation couldn&#039;t load.\",\"recaptchaMissingCookie\":\"reCaptcha v3 validation couldn&#039;t load the cookie needed to submit the form.\",\"recaptchaConsentEvent\":\"Accept reCaptcha cookies before sending the form.\",\"currency_symbol\":\"\",\"beforeForm\":\"\",\"beforeFields\":\"\",\"afterFields\":\"\",\"afterForm\":\"\"};form.fields=[{\"objectType\":\"Field\",\"objectDomain\":\"fields\",\"editActive\":false,\"order\":1,\"idAttribute\":\"id\",\"type\":\"listselect\",\"label\":\"Tips\",\"key\":\"tips_1676024809668\",\"label_pos\":\"above\",\"required\":1,\"options\":[{\"errors\":[],\"max_options\":0,\"label\":\"Pateic\\u012bba\",\"value\":\"pateiciba\",\"calc\":\"\",\"settingModel\":{\"settings\":false,\"hide_merge_tags\":false,\"error\":false,\"name\":\"options\",\"type\":\"option-repeater\",\"label\":\"Options <a href=\\\"#\\\" class=\\\"nf-add-new\\\">Add New<\\\/a> <a href=\\\"#\\\" class=\\\"extra nf-open-import-tooltip\\\"><i class=\\\"fa fa-sign-in\\\" aria-hidden=\\\"true\\\"><\\\/i> Import<\\\/a>\",\"width\":\"full\",\"group\":\"\",\"value\":[{\"label\":\"One\",\"value\":\"one\",\"calc\":\"\",\"selected\":0,\"order\":0},{\"label\":\"Two\",\"value\":\"two\",\"calc\":\"\",\"selected\":0,\"order\":1},{\"label\":\"Three\",\"value\":\"three\",\"calc\":\"\",\"selected\":0,\"order\":2}],\"columns\":{\"label\":{\"header\":\"Label\",\"default\":\"\"},\"value\":{\"header\":\"Value\",\"default\":\"\"},\"calc\":{\"header\":\"Calc Value\",\"default\":\"\"},\"selected\":{\"header\":\"<span class=\\\"dashicons dashicons-yes\\\"><\\\/span>\",\"default\":0}}}},{\"errors\":[],\"max_options\":0,\"label\":\"Atsauksme \\\/ Priek\\u0161likums\",\"value\":\"atsauksme-priekslikums\",\"calc\":\"\",\"settingModel\":{\"settings\":false,\"hide_merge_tags\":false,\"error\":false,\"name\":\"options\",\"type\":\"option-repeater\",\"label\":\"Options <a href=\\\"#\\\" class=\\\"nf-add-new\\\">Add New<\\\/a> <a href=\\\"#\\\" class=\\\"extra nf-open-import-tooltip\\\"><i class=\\\"fa fa-sign-in\\\" aria-hidden=\\\"true\\\"><\\\/i> Import<\\\/a>\",\"width\":\"full\",\"group\":\"\",\"value\":[{\"label\":\"One\",\"value\":\"one\",\"calc\":\"\",\"selected\":0,\"order\":0},{\"label\":\"Two\",\"value\":\"two\",\"calc\":\"\",\"selected\":0,\"order\":1},{\"label\":\"Three\",\"value\":\"three\",\"calc\":\"\",\"selected\":0,\"order\":2}],\"columns\":{\"label\":{\"header\":\"Label\",\"default\":\"\"},\"value\":{\"header\":\"Value\",\"default\":\"\"},\"calc\":{\"header\":\"Calc Value\",\"default\":\"\"},\"selected\":{\"header\":\"<span class=\\\"dashicons dashicons-yes\\\"><\\\/span>\",\"default\":0}}}},{\"errors\":[],\"max_options\":0,\"label\":\"S\\u016bdz\\u012bba\",\"value\":\"sudziba\",\"calc\":\"\",\"settingModel\":{\"settings\":false,\"hide_merge_tags\":false,\"error\":false,\"name\":\"options\",\"type\":\"option-repeater\",\"label\":\"Options <a href=\\\"#\\\" class=\\\"nf-add-new\\\">Add New<\\\/a> <a href=\\\"#\\\" class=\\\"extra nf-open-import-tooltip\\\"><i class=\\\"fa fa-sign-in\\\" aria-hidden=\\\"true\\\"><\\\/i> Import<\\\/a>\",\"width\":\"full\",\"group\":\"\",\"value\":[{\"label\":\"One\",\"value\":\"one\",\"calc\":\"\",\"selected\":0,\"order\":0},{\"label\":\"Two\",\"value\":\"two\",\"calc\":\"\",\"selected\":0,\"order\":1},{\"label\":\"Three\",\"value\":\"three\",\"calc\":\"\",\"selected\":0,\"order\":2}],\"columns\":{\"label\":{\"header\":\"Label\",\"default\":\"\"},\"value\":{\"header\":\"Value\",\"default\":\"\"},\"calc\":{\"header\":\"Calc Value\",\"default\":\"\"},\"selected\":{\"header\":\"<span class=\\\"dashicons dashicons-yes\\\"><\\\/span>\",\"default\":0}}}}],\"container_class\":\"\",\"element_class\":\"\",\"admin_label\":\"\",\"help_text\":\"\",\"drawerDisabled\":false,\"id\":49,\"beforeField\":\"\",\"afterField\":\"\",\"value\":\"\",\"parentType\":\"list\",\"element_templates\":[\"listselect\",\"input\"],\"old_classname\":\"list-select\",\"wrap_template\":\"wrap\"},{\"objectType\":\"Field\",\"objectDomain\":\"fields\",\"editActive\":false,\"order\":2,\"idAttribute\":\"id\",\"type\":\"firstname\",\"label\":\"V\\u0101rds\",\"key\":\"vards_1676024857481\",\"label_pos\":\"above\",\"required\":1,\"default\":\"\",\"placeholder\":\"\",\"container_class\":\"\",\"element_class\":\"\",\"admin_label\":\"\",\"help_text\":\"\",\"custom_name_attribute\":\"fname\",\"personally_identifiable\":1,\"value\":\"\",\"drawerDisabled\":false,\"id\":50,\"beforeField\":\"\",\"afterField\":\"\",\"parentType\":\"firstname\",\"element_templates\":[\"firstname\",\"input\"],\"old_classname\":\"\",\"wrap_template\":\"wrap\"},{\"objectType\":\"Field\",\"objectDomain\":\"fields\",\"editActive\":false,\"order\":3,\"idAttribute\":\"id\",\"type\":\"lastname\",\"label\":\"Uzv\\u0101rds\",\"key\":\"uzvards_1676024871967\",\"label_pos\":\"above\",\"required\":1,\"default\":\"\",\"placeholder\":\"\",\"container_class\":\"\",\"element_class\":\"\",\"admin_label\":\"\",\"help_text\":\"\",\"custom_name_attribute\":\"lname\",\"personally_identifiable\":1,\"value\":\"\",\"drawerDisabled\":false,\"id\":51,\"beforeField\":\"\",\"afterField\":\"\",\"parentType\":\"lastname\",\"element_templates\":[\"lastname\",\"input\"],\"old_classname\":\"\",\"wrap_template\":\"wrap\"},{\"objectType\":\"Field\",\"objectDomain\":\"fields\",\"editActive\":false,\"order\":4,\"idAttribute\":\"id\",\"type\":\"phone\",\"label\":\"T\\u0101lrunis\",\"key\":\"talrunis_1676024884011\",\"label_pos\":\"above\",\"required\":1,\"default\":\"\",\"placeholder\":\"\",\"container_class\":\"\",\"element_class\":\"\",\"input_limit\":\"\",\"input_limit_type\":\"characters\",\"input_limit_msg\":\"Character(s) left\",\"manual_key\":false,\"admin_label\":\"\",\"help_text\":\"\",\"mask\":\"\",\"custom_mask\":\"\",\"custom_name_attribute\":\"phone\",\"personally_identifiable\":1,\"value\":\"\",\"drawerDisabled\":false,\"id\":52,\"beforeField\":\"\",\"afterField\":\"\",\"parentType\":\"textbox\",\"element_templates\":[\"tel\",\"textbox\",\"input\"],\"old_classname\":\"\",\"wrap_template\":\"wrap\"},{\"objectType\":\"Field\",\"objectDomain\":\"fields\",\"editActive\":false,\"order\":5,\"idAttribute\":\"id\",\"type\":\"email\",\"label\":\"E-pasts\",\"key\":\"e-pasts_1676024908739\",\"label_pos\":\"above\",\"required\":1,\"default\":\"\",\"placeholder\":\"\",\"container_class\":\"\",\"element_class\":\"\",\"admin_label\":\"\",\"help_text\":\"\",\"custom_name_attribute\":\"email\",\"personally_identifiable\":1,\"value\":\"\",\"drawerDisabled\":false,\"id\":53,\"beforeField\":\"\",\"afterField\":\"\",\"parentType\":\"email\",\"element_templates\":[\"email\",\"input\"],\"old_classname\":\"\",\"wrap_template\":\"wrap\"},{\"objectType\":\"Field\",\"objectDomain\":\"fields\",\"editActive\":false,\"order\":6,\"idAttribute\":\"id\",\"type\":\"textarea\",\"label\":\"Zi\\u0146ojums\",\"key\":\"zinojums_1676024922787\",\"label_pos\":\"above\",\"required\":1,\"default\":\"\",\"placeholder\":\"\",\"container_class\":\"\",\"element_class\":\"\",\"input_limit\":\"\",\"input_limit_type\":\"characters\",\"input_limit_msg\":\"Character(s) left\",\"manual_key\":false,\"admin_label\":\"\",\"help_text\":\"\",\"textarea_rte\":\"\",\"disable_rte_mobile\":\"\",\"textarea_media\":\"\",\"value\":\"\",\"drawerDisabled\":false,\"id\":54,\"beforeField\":\"\",\"afterField\":\"\",\"parentType\":\"textarea\",\"element_templates\":[\"textarea\",\"input\"],\"old_classname\":\"\",\"wrap_template\":\"wrap\"},{\"objectType\":\"Field\",\"objectDomain\":\"fields\",\"editActive\":false,\"order\":7,\"idAttribute\":\"id\",\"type\":\"file_upload\",\"label\":\"Pielikums\",\"key\":\"pielikums_1724941699728\",\"label_pos\":\"above\",\"required\":false,\"container_class\":\"\",\"element_class\":\"\",\"manual_key\":false,\"help_text\":\"\",\"save_to_server\":1,\"upload_rename\":\"ais_{field:uzvards_1676024871967}_{other:date}_{other:time}\",\"media_library\":\"false\",\"upload_multi_count\":1,\"upload_types\":\".jpg,.jpeg,.gif,.png,.pdf,.doc,.docx\",\"max_file_size\":5242880,\"min_file_size\":0,\"select_files_text\":\"Pievienot\",\"cancel_upload_text\":\"Atcelt\",\"drawerDisabled\":false,\"id\":198,\"beforeField\":\"\",\"afterField\":\"\",\"value\":\"\",\"parentType\":\"textbox\",\"element_templates\":[\"file_upload\",\"input\"],\"old_classname\":\"\",\"wrap_template\":\"wrap\",\"max_chunk_size\":241591910,\"max_file_size_mb\":5,\"min_file_size_mb\":0,\"uploadNonce\":\"92a120db94\",\"uploadNonceExpiry\":1777709948},{\"objectType\":\"Field\",\"objectDomain\":\"fields\",\"editActive\":false,\"order\":8,\"idAttribute\":\"id\",\"type\":\"checkbox\",\"label\":\"V\\u0113los sa\\u0146emt atbildi par s\\u016bdz\\u012bb\\u0101 izkl\\u0101st\\u012bto inform\\u0101ciju\",\"key\":\"velos_sanemt_atbildi_par_sudziba_izklastito_informaciju_1709021756331\",\"label_pos\":\"right\",\"required\":false,\"container_class\":\"\",\"element_class\":\"\",\"manual_key\":false,\"admin_label\":\"\",\"help_text\":\"\",\"default_value\":\"unchecked\",\"checked_value\":\"Checked\",\"unchecked_value\":\"Unchecked\",\"checked_calc_value\":\"\",\"unchecked_calc_value\":\"\",\"drawerDisabled\":false,\"id\":197,\"beforeField\":\"\",\"afterField\":\"\",\"value\":\"\",\"parentType\":\"checkbox\",\"element_templates\":[\"checkbox\",\"input\"],\"old_classname\":\"\",\"wrap_template\":\"wrap\"},{\"objectType\":\"Field\",\"objectDomain\":\"fields\",\"editActive\":false,\"order\":9,\"idAttribute\":\"id\",\"type\":\"submit\",\"label\":\"Iesniegt\",\"processing_label\":\"Apstr\\u0101d\\u0101\",\"container_class\":\"\",\"element_class\":\"\",\"key\":\"iesniegt_1676024934222\",\"drawerDisabled\":false,\"id\":55,\"beforeField\":\"\",\"afterField\":\"\",\"value\":\"\",\"label_pos\":\"above\",\"parentType\":\"textbox\",\"element_templates\":[\"submit\",\"button\",\"input\"],\"old_classname\":\"\",\"wrap_template\":\"wrap-no-label\"}];nfForms.push(form);<\/script>\n        <\/p>\n<p><\/div><\/div><\/div><\/div><\/div>\n<p>&nbsp;<\/p>\n<p><strong>Iesniegum\u0101 j\u0101nor\u0101da:<\/strong><\/p>\n<p>Iesniedz\u0113ja v\u0101rds, uzv\u0101rds, adrese, cita kontaktinform\u0101cija, kas nepiecie\u0161ama sazi\u0146ai. Iesnieguma atsauksmes, jaut\u0101juma vai probl\u0113mas izkl\u0101sts.<\/p>\n<p>&nbsp;<\/p>\n<div class=\"vakances_page\"><div class=\"vakances_wrap mb-0\"><div class=\"single_vakance\"><a class=\"single_vakance_btn\" data-bs-toggle=\"collapse\" href=\"#buj_atsutit-pa-pastu\" role=\"button\" aria-expanded=\"false\" aria-controls=\"buj_atsutit-pa-pastu\"><h4 class=\"mb-0\">Ats\u016bt\u012bt pa pastu<\/h4><i class=\"fa-solid fa-chevron-right\"><\/i><\/a><div class=\"collapse\" id=\"buj_atsutit-pa-pastu\"><div class=\"vakance_content\"><\/p>\n<p>R\u012bgas 2. slimn\u012bca<br \/>\n\u0122imnastikas iela 1,<br \/>\nR\u012bga, LV-1004<\/p>\n<p><\/div><\/div><\/div><\/div><\/div>\n<div class=\"vakances_page\"><div class=\"vakances_wrap mb-0\"><div class=\"single_vakance\"><a class=\"single_vakance_btn\" data-bs-toggle=\"collapse\" href=\"#buj_atsutit-e-pastu\" role=\"button\" aria-expanded=\"false\" aria-controls=\"buj_atsutit-e-pastu\"><h4 class=\"mb-0\">Ats\u016bt\u012bt e-pastu<\/h4><i class=\"fa-solid fa-chevron-right\"><\/i><\/a><div class=\"collapse\" id=\"buj_atsutit-e-pastu\"><div class=\"vakance_content\"><\/p>\n<p>Rakstiet e-pastu uz <a href=\"mailto:slimnica@slimnica.lv\">slimnica@slimnica.lv<\/a>.<\/p>\n<p><\/div><\/div><\/div><\/div><\/div>\n<div class=\"vakances_page\"><div class=\"vakances_wrap mb-0\"><div class=\"single_vakance\"><a class=\"single_vakance_btn\" data-bs-toggle=\"collapse\" href=\"#buj_iesniegt-personigi\" role=\"button\" aria-expanded=\"false\" aria-controls=\"buj_iesniegt-personigi\"><h4 class=\"mb-0\">Iesniegt person\u012bgi<\/h4><i class=\"fa-solid fa-chevron-right\"><\/i><\/a><div class=\"collapse\" id=\"buj_iesniegt-personigi\"><div class=\"vakance_content\">\n<p>R\u012bgas 2. slimn\u012bcas sekretari\u0101ts, 1. st\u0101vs<\/p>\n<p><\/div><\/div><\/div><\/div><\/div><\/p>","protected":false},"excerpt":{"rendered":"<p>Sorry, this entry is only available in Latvie\u0161u.Pal\u012bdziet mums k\u013c\u016bt v\u0113l lab\u0101kiem! Lai turpm\u0101k par Jums par\u016bp\u0113tos v\u0113l lab\u0101k, priec\u0101simies, ja sniegsiet savus priek\u0161likumus m\u016bsu darbiniekiem vai pateiksiet paldies. &nbsp; Iesniegum\u0101 j\u0101nor\u0101da: Iesniedz\u0113ja v\u0101rds, uzv\u0101rds, adrese, cita kontaktinform\u0101cija, kas nepiecie\u0161ama sazi\u0146ai. Iesnieguma atsauksmes, jaut\u0101juma vai probl\u0113mas izkl\u0101sts. &nbsp;<\/p>\n","protected":false},"author":2,"featured_media":0,"parent":2624,"menu_order":19,"comment_status":"closed","ping_status":"closed","template":"","meta":{"_acf_changed":false,"om_disable_all_campaigns":false,"inline_featured_image":false,"_monsterinsights_skip_tracking":false,"_monsterinsights_sitenote_active":false,"_monsterinsights_sitenote_note":"","_monsterinsights_sitenote_category":0,"_uf_show_specific_survey":0,"_uf_disable_surveys":false,"footnotes":""},"class_list":["post-3723","page","type-page","status-publish","hentry"],"acf":[],"aioseo_notices":[],"_links":{"self":[{"href":"https:\/\/www.slimnica.lv\/en\/wp-json\/wp\/v2\/pages\/3723","targetHints":{"allow":["GET"]}}],"collection":[{"href":"https:\/\/www.slimnica.lv\/en\/wp-json\/wp\/v2\/pages"}],"about":[{"href":"https:\/\/www.slimnica.lv\/en\/wp-json\/wp\/v2\/types\/page"}],"author":[{"embeddable":true,"href":"https:\/\/www.slimnica.lv\/en\/wp-json\/wp\/v2\/users\/2"}],"replies":[{"embeddable":true,"href":"https:\/\/www.slimnica.lv\/en\/wp-json\/wp\/v2\/comments?post=3723"}],"version-history":[{"count":14,"href":"https:\/\/www.slimnica.lv\/en\/wp-json\/wp\/v2\/pages\/3723\/revisions"}],"predecessor-version":[{"id":3763,"href":"https:\/\/www.slimnica.lv\/en\/wp-json\/wp\/v2\/pages\/3723\/revisions\/3763"}],"up":[{"embeddable":true,"href":"https:\/\/www.slimnica.lv\/en\/wp-json\/wp\/v2\/pages\/2624"}],"wp:attachment":[{"href":"https:\/\/www.slimnica.lv\/en\/wp-json\/wp\/v2\/media?parent=3723"}],"curies":[{"name":"wp","href":"https:\/\/api.w.org\/{rel}","templated":true}]}}