{"id":4177,"date":"2023-05-02T10:03:01","date_gmt":"2023-05-02T08:03:01","guid":{"rendered":"https:\/\/www.slimnica.lv\/?page_id=4177"},"modified":"2023-12-04T16:09:18","modified_gmt":"2023-12-04T14:09:18","slug":"reklamas-iespejas","status":"publish","type":"page","link":"https:\/\/www.slimnica.lv\/en\/par-mums\/reklamas-iespejas\/","title":{"rendered":"Rekl\u0101mas iesp\u0113jas"},"content":{"rendered":"<p class=\"qtranxs-available-languages-message qtranxs-available-languages-message-en\">Sorry, this entry is only available in <a href=\"https:\/\/www.slimnica.lv\/lv\/wp-json\/wp\/v2\/pages\/4177\" class=\"qtranxs-available-language-link qtranxs-available-language-link-lv\" title=\"Latvie\u0161u\">Latvie\u0161u<\/a>.<\/p><p><strong>Atbilsto\u0161i <a href=\"https:\/\/www.slimnica.lv\/lv\/cenradis\/\" target=\"_blank\" rel=\"noopener\">cenr\u0101dim<\/a> SIA &#8220;R\u012bgas 2. slimn\u012bca&#8221; telp\u0101s ir iesp\u0113jams izvietot rekl\u0101mas, sludin\u0101jumus un citus informat\u012bvos materi\u0101lus tam nor\u0101d\u012btaj\u0101s viet\u0101s.<\/strong><\/p>\n<ul>\n<li><a href=\"https:\/\/www.slimnica.lv\/wp-content\/uploads\/2023\/05\/Reklamas-kartiba-KRG-10-05-v1-20230426.pdf\" target=\"_blank\" rel=\"noopener\">Rekl\u0101mas k\u0101rt\u012bba;<\/a><\/li>\n<li><a href=\"https:\/\/www.slimnica.lv\/wp-content\/uploads\/2023\/05\/Reklamas-izvietosanas-vietas-KRG-10-07-v1-20230426.pdf\" target=\"_blank\" rel=\"noopener\">Rekl\u0101mas izvieto\u0161anas vietas;<\/a><\/li>\n<li><a href=\"https:\/\/www.slimnica.lv\/wp-content\/uploads\/2023\/05\/Iesniegums-reklamas-izvietosanai-V-05-2023.docx\" target=\"_blank\" rel=\"noopener\">Iesniegums rekl\u0101mas izvieto\u0161anai.<\/a><\/li>\n<\/ul>\n<p><strong>K\u0101 apmekl\u0113t slimn\u012bcu pre\u010du \/ pakalpojumu reklam\u0113\u0161anas nol\u016bk\u0101?<\/strong><\/p>\n<ul>\n<li><a href=\"https:\/\/www.slimnica.lv\/wp-content\/uploads\/2023\/05\/Informacija-par-reklamas-izvietosanu-KRG-10-06-v1-20230426.pdf\" target=\"_blank\" rel=\"noopener\">Inform\u0101cija par rekl\u0101mas izvieto\u0161anu;<\/a><\/li>\n<\/ul>\n<p>Jaut\u0101jumu vai neskaidr\u012bbu gad\u012bjum\u0101, l\u016bdzu, rakstiet uz e-pastu <a href=\"mailto:reklama@slimnica.lv\">reklama@slimnica.lv<\/a>.<\/p>","protected":false},"excerpt":{"rendered":"<p>Sorry, this entry is only available in Latvie\u0161u.Atbilsto\u0161i cenr\u0101dim SIA &#8220;R\u012bgas 2. slimn\u012bca&#8221; telp\u0101s ir iesp\u0113jams izvietot rekl\u0101mas, sludin\u0101jumus un citus informat\u012bvos materi\u0101lus tam nor\u0101d\u012btaj\u0101s viet\u0101s. Rekl\u0101mas k\u0101rt\u012bba; Rekl\u0101mas izvieto\u0161anas vietas; Iesniegums rekl\u0101mas izvieto\u0161anai. K\u0101 apmekl\u0113t slimn\u012bcu pre\u010du \/ pakalpojumu reklam\u0113\u0161anas nol\u016bk\u0101? Inform\u0101cija par rekl\u0101mas izvieto\u0161anu; Jaut\u0101jumu vai neskaidr\u012bbu gad\u012bjum\u0101, l\u016bdzu, rakstiet uz e-pastu reklama@slimnica.lv.<\/p>\n","protected":false},"author":2,"featured_media":0,"parent":123,"menu_order":5,"comment_status":"closed","ping_status":"closed","template":"","meta":{"_acf_changed":false,"om_disable_all_campaigns":false,"inline_featured_image":false,"_monsterinsights_skip_tracking":false,"_monsterinsights_sitenote_active":false,"_monsterinsights_sitenote_note":"","_monsterinsights_sitenote_category":0,"_uf_show_specific_survey":0,"_uf_disable_surveys":false,"footnotes":""},"class_list":["post-4177","page","type-page","status-publish","hentry"],"acf":[],"aioseo_notices":[],"_links":{"self":[{"href":"https:\/\/www.slimnica.lv\/en\/wp-json\/wp\/v2\/pages\/4177","targetHints":{"allow":["GET"]}}],"collection":[{"href":"https:\/\/www.slimnica.lv\/en\/wp-json\/wp\/v2\/pages"}],"about":[{"href":"https:\/\/www.slimnica.lv\/en\/wp-json\/wp\/v2\/types\/page"}],"author":[{"embeddable":true,"href":"https:\/\/www.slimnica.lv\/en\/wp-json\/wp\/v2\/users\/2"}],"replies":[{"embeddable":true,"href":"https:\/\/www.slimnica.lv\/en\/wp-json\/wp\/v2\/comments?post=4177"}],"version-history":[{"count":3,"href":"https:\/\/www.slimnica.lv\/en\/wp-json\/wp\/v2\/pages\/4177\/revisions"}],"predecessor-version":[{"id":4183,"href":"https:\/\/www.slimnica.lv\/en\/wp-json\/wp\/v2\/pages\/4177\/revisions\/4183"}],"up":[{"embeddable":true,"href":"https:\/\/www.slimnica.lv\/en\/wp-json\/wp\/v2\/pages\/123"}],"wp:attachment":[{"href":"https:\/\/www.slimnica.lv\/en\/wp-json\/wp\/v2\/media?parent=4177"}],"curies":[{"name":"wp","href":"https:\/\/api.w.org\/{rel}","templated":true}]}}