{"id":126,"date":"2022-10-10T20:45:07","date_gmt":"2022-10-10T17:45:07","guid":{"rendered":"https:\/\/slimnica.lv\/par-mums\/dokumenti\/"},"modified":"2026-03-31T14:19:29","modified_gmt":"2026-03-31T12:19:29","slug":"dokumenti","status":"publish","type":"page","link":"https:\/\/www.slimnica.lv\/lv\/par-mums\/dokumenti\/","title":{"rendered":"Dokumenti"},"content":{"rendered":"<p><\/p>\n<h3>VISP\u0100R\u0112JIE SLIMN\u012aCAS DOKUMENTI<\/h3>\n<p>&nbsp;<\/p>\n<p><a href=\"https:\/\/www.slimnica.lv\/wp-content\/uploads\/2025\/02\/Videja_termina_darbibas_strategija_2025.-2027.gadam-kopsavilkums.pdf\">Videja_termina_darbibas_strategija_2025.-2027.gadam (kopsavilkums)<\/a><\/p>\n<p><a href=\"https:\/\/www.slimnica.lv\/wp-content\/uploads\/2024\/03\/Valdes-reglamernts_12032024-apstiprinats.pdf\" target=\"_blank\" rel=\"noopener\">Valdes reglaments<\/a><\/p>\n<p><a href=\"https:\/\/www.slimnica.lv\/wp-content\/uploads\/2025\/02\/Statuti_DS_28-01-2025.pdf\">Stat\u016bti<\/a><\/p>\n<p>&nbsp;<\/p>\n<div class=\"vakances_page\"><div class=\"vakances_wrap mb-0\"><div class=\"single_vakance\"><a class=\"single_vakance_btn\" data-bs-toggle=\"collapse\" href=\"#buj_informativie-zinojumi\" role=\"button\" aria-expanded=\"false\" aria-controls=\"buj_informativie-zinojumi\"><h4 class=\"mb-0\">Informat\u012bvie zi\u0146ojumi<\/h4><i class=\"fa-solid fa-chevron-right\"><\/i><\/a><div class=\"collapse\" id=\"buj_informativie-zinojumi\"><div class=\"vakance_content\"><\/p>\n<p><a href=\"https:\/\/www.slimnica.lv\/wp-content\/uploads\/2022\/11\/Informacija-par-interesu-konflikta-un-korupcijas-noversanas-pasakumiem-SIA-Rigas-2.-slimnica-2021.gada_.pdf\" target=\"_blank\" rel=\"noopener\">Inform\u0101cija par intere\u0161u konflikta un korupcijas nov\u0113r\u0161anas pas\u0101kumiem SIA R\u012bgas 2. slimn\u012bca 2021.gad\u0101<\/a><\/p>\n<p><a href=\"https:\/\/www.slimnica.lv\/wp-content\/uploads\/2022\/11\/Informacija-par-interesu-konflikta-un-korupcijas-noversanas-pasakumiem-SIA-Rigas-2.-slimnica-2020.gada_.pdf\" target=\"_blank\" rel=\"noopener\">Inform\u0101cija par intere\u0161u konflikta un korupcijas nov\u0113r\u0161anas pas\u0101kumiem SIA R\u012bgas 2. slimn\u012bca 2020.gad\u0101<\/a><\/p>\n<p><a href=\"https:\/\/www.slimnica.lv\/wp-content\/uploads\/2026\/03\/Rigas-valstspilsetas-pasvald-ibas-Audita-un-revizijas-parvaldes-secinajumi-un-ieteiku-mu-ieviesanas-plans-2025.pdf\">Inform\u0101cija par R\u012bgas valstspils\u0113tas pa\u0161vald\u012bbas Centr\u0101l\u0101s administr\u0101cijas Audita un<br \/>\nrev\u012bzijas p\u0101rvaldes rev\u012bzijas ieteikumu izpildes pl\u0101nu<\/a><\/p>\n<hr \/>\n<p><a href=\"https:\/\/www.slimnica.lv\/wp-content\/uploads\/2022\/11\/SIA-Rigas-2.-slimnica-uznemejdarbibas-izvertejums-kopsavilkuma-zinojums-2020.pdf\" target=\"_blank\" rel=\"noopener\">SIA R\u012bgas 2. slimn\u012bca uz\u0146\u0113m\u0113jdarb\u012bbas izv\u0113rt\u0113jums, kopsavilkuma zi\u0146ojums, 2020<\/a><\/p>\n<p><a href=\"https:\/\/www.slimnica.lv\/wp-content\/uploads\/2022\/11\/SIA-Rigas-2.-slimnica-uznemejdarbibas-izvertejums-visaptveross-izvertejuma-zinojums-2020.pdf\" target=\"_blank\" rel=\"noopener\">SIA R\u012bgas 2. slimn\u012bca uz\u0146\u0113m\u0113jdarb\u012bbas izv\u0113rt\u0113jums, visaptvero\u0161s izv\u0113rt\u0113juma zi\u0146ojums, 2020<\/a><\/p>\n<p><a href=\"https:\/\/www.slimnica.lv\/wp-content\/uploads\/2022\/11\/Rigas-domes-Audita-un-revizijas-parvaldes-revizijas-secinajumi-un-ieteikumu-ieviesanas-izpildes-plans-2020.pdf\" target=\"_blank\" rel=\"noopener\">R\u012bgas domes Audita un rev\u012bzijas p\u0101rvaldes rev\u012bzijas secin\u0101jumi un ieteikumu ievie\u0161anas izpildes pl\u0101ns, 2020<\/a><\/p>\n<p><a href=\"https:\/\/www.slimnica.lv\/wp-content\/uploads\/2022\/11\/Pretkorupcijas-strategijas-izpilde-2018.-2021.g..doc\" target=\"_blank\" rel=\"noopener\">Pretkorupcijas strat\u0113\u0123ijas izpilde 2018.-2021.g.<\/a><\/p>\n<hr \/>\n<p><a href=\"https:\/\/www.slimnica.lv\/wp-content\/uploads\/2024\/04\/Publiskojama-dala-majaslapa_R2S_2023.pdf\" target=\"_blank\" rel=\"noopener\">Par inform\u0101cijas publisko\u0161anu SIA \u201cR\u012bgas 2. slimn\u012bca\u201d interneta vietn\u0113 www.slimnica.lv 2023. gad\u0101<\/a><\/p>\n<p><a href=\"https:\/\/www.slimnica.lv\/wp-content\/uploads\/2024\/04\/Publiskojama-dala-majaslapa_R2S_2022.pdf\" target=\"_blank\" rel=\"noopener\">Par inform\u0101cijas publisko\u0161anu SIA \u201cR\u012bgas 2. slimn\u012bca\u201d interneta vietn\u0113 www.slimnica.lv 2022. gad\u0101<\/a><\/p>\n<p><a href=\"https:\/\/www.slimnica.lv\/wp-content\/uploads\/2024\/01\/Apliecin.-vides-pieejamibai-personam-ar-funkc.-trauc.pdf\" target=\"_blank\" rel=\"noopener\">Apliecin\u0101jums vides pieejam\u012bbai person\u0101m ar funkcion\u0101liem trauc\u0113jumiem<\/a><\/p>\n<p><\/div><\/div><\/div><\/div><\/div>\n<div class=\"vakances_page\"><div class=\"vakances_wrap mb-0\"><div class=\"single_vakance\"><a class=\"single_vakance_btn\" data-bs-toggle=\"collapse\" href=\"#buj_kartibas\" role=\"button\" aria-expanded=\"false\" aria-controls=\"buj_kartibas\"><h4 class=\"mb-0\">K\u0101rt\u012bbas<\/h4><i class=\"fa-solid fa-chevron-right\"><\/i><\/a><div class=\"collapse\" id=\"buj_kartibas\"><div class=\"vakance_content\"><\/p>\n<p><a href=\"https:\/\/www.slimnica.lv\/wp-content\/uploads\/2025\/06\/Zinosanas-kartiba_publicesanai-majaslapa_062025.pdf\" target=\"_blank\" rel=\"noopener\">Inform\u0101cijas snieg\u0161anas k\u0101rt\u012bba<\/a><\/p>\n<p><\/div><\/div><\/div><\/div><\/div>\n<div class=\"vakances_page\"><div class=\"vakances_wrap mb-0\"><div class=\"single_vakance\"><a class=\"single_vakance_btn\" data-bs-toggle=\"collapse\" href=\"#buj_parvaldes-uzdevumu-delegesanas-ligumi\" role=\"button\" aria-expanded=\"false\" aria-controls=\"buj_parvaldes-uzdevumu-delegesanas-ligumi\"><h4 class=\"mb-0\">P\u0101rvaldes uzdevumu dele\u0123\u0113\u0161anas l\u012bgumi<\/h4><i class=\"fa-solid fa-chevron-right\"><\/i><\/a><div class=\"collapse\" id=\"buj_parvaldes-uzdevumu-delegesanas-ligumi\"><div class=\"vakance_content\"><\/p>\n<p><a href=\"https:\/\/www.slimnica.lv\/wp-content\/uploads\/2026\/03\/R2S_DL_atskaite_-2025_gada.pdf\">2025. gads | R\u012bgas 2. slimn\u012bcas deleg\u0113\u0161anas l\u012bgums<\/a><\/p>\n<p><a href=\"https:\/\/www.slimnica.lv\/wp-content\/uploads\/2025\/08\/2025-I-pusgads-Rigas-2-slimnicas-delegesanas-ligums-2025-I-pusgads.pdf.pdf\">2025. I pusgads | R\u012bgas 2. slimn\u012bcas deleg\u0113\u0161anas l\u012bgums<\/a><\/p>\n<p><a href=\"https:\/\/www.slimnica.lv\/wp-content\/uploads\/2025\/06\/R2SL_DL_atskaite_2024_gada-12-menesi.pdf\" target=\"_blank\" rel=\"noopener\">2024 | R\u012bgas 2. slimn\u012bcas deleg\u0113\u0161anas l\u012bgums<\/a><\/p>\n<p><a href=\"https:\/\/www.slimnica.lv\/wp-content\/uploads\/2024\/08\/2024-I-pusgads-Rigas-2.-slimnicas-delegesanas-ligums-2024-I-pusgads.pdf\">2024. I pusgads | R\u012bgas 2. slimn\u012bcas deleg\u0113\u0161anas l\u012bgums<\/a><\/p>\n<p><a href=\"https:\/\/www.slimnica.lv\/wp-content\/uploads\/2024\/04\/R2SL_Delegesanas_ligums_2023.pdf\" target=\"_blank\" rel=\"noopener\">2023 | R\u012bgas 2. slimn\u012bcas deleg\u0113\u0161anas l\u012bgums<\/a><\/p>\n<p><a href=\"https:\/\/www.slimnica.lv\/wp-content\/uploads\/2024\/03\/R2SL_Delegesanas_ligums_2023_1_pusgads.pdf\" target=\"_blank\" rel=\"noopener\">2023. I pusgads | R\u012bgas 2. slimn\u012bcas deleg\u0113\u0161anas l\u012bgums<\/a><\/p>\n<p><a href=\"https:\/\/www.slimnica.lv\/wp-content\/uploads\/2024\/03\/R2SL_Delegesanas_ligums_2022.pdf\" target=\"_blank\" rel=\"noopener\">2022 | R\u012bgas 2. slimn\u012bcas deleg\u0113\u0161anas l\u012bgums<\/a><\/p>\n<p><a href=\"https:\/\/www.slimnica.lv\/wp-content\/uploads\/2024\/03\/R2SL_Delegesanas_ligums_2022_1_pusgads.pdf\" target=\"_blank\" rel=\"noopener\">2022. I pusgads | R\u012bgas 2. slimn\u012bcas deleg\u0113\u0161anas l\u012bgums<\/a><\/p>\n<p><a href=\"https:\/\/www.slimnica.lv\/wp-content\/uploads\/2024\/03\/R2SL_Delegesanas_ligums_2021.pdf\" target=\"_blank\" rel=\"noopener\">2021 | R\u012bgas 2. slimn\u012bcas deleg\u0113\u0161anas l\u012bgums<\/a><\/p>\n<p><a href=\"https:\/\/www.slimnica.lv\/wp-content\/uploads\/2024\/03\/R2SL_Delegesanas_ligums_2020.pdf\" target=\"_blank\" rel=\"noopener\">2020 | R\u012bgas 2. slimn\u012bcas deleg\u0113\u0161anas l\u012bgums<\/a><\/p>\n<p><a href=\"https:\/\/www.slimnica.lv\/wp-content\/uploads\/2024\/03\/R2SL_Delegesanas_ligums_2019.pdf\" target=\"_blank\" rel=\"noopener\">2019 | R\u012bgas 2. slimn\u012bcas deleg\u0113\u0161anas l\u012bgums\u00a0<\/a><\/p>\n<p><a href=\"https:\/\/www.slimnica.lv\/wp-content\/uploads\/2024\/03\/R2SL_Delegesanas_ligums_2018.pdf\" target=\"_blank\" rel=\"noopener\">2018 | R\u012bgas 2. slimn\u012bcas deleg\u0113\u0161anas l\u012bgums\u00a0<\/a><\/p>\n<p><a href=\"https:\/\/www.slimnica.lv\/wp-content\/uploads\/2024\/03\/R2SL_Delegesanas_ligums_2017.pdf\" target=\"_blank\" rel=\"noopener\">2017 | R\u012bgas 2. slimn\u012bcas deleg\u0113\u0161anas l\u012bgums<\/a><\/p>\n<hr \/>\n<p><a href=\"https:\/\/www.slimnica.lv\/wp-content\/uploads\/2025\/04\/Rigas_2._slimnica_soc.pdf\" target=\"_blank\" rel=\"noopener\">P\u0101rvaldes uzdevuma dele\u0123\u0113\u0161anas l\u012bgums par soci\u0101l\u0101s pal\u012bdz\u012bbas snieg\u0161anu (26.07.2022. Nr. RD-22-701-l\u012b)<\/a><\/p>\n<p><a href=\"https:\/\/www.slimnica.lv\/wp-content\/uploads\/2022\/11\/Parvaldes-uzdevuma-delegesanas-ligums-par-veselibas-aprupes-nodrosinasanu.pdf\" target=\"_blank\" rel=\"noopener\">P\u0101rvaldes uzdevuma dele\u0123\u0113\u0161anas l\u012bgums par vesel\u012bbas apr\u016bpes nodro\u0161in\u0101\u0161anu (31.03.2022. Nr.RD-22-294-l\u012b<\/a>)<\/p>\n<p><a href=\"https:\/\/www.slimnica.lv\/wp-content\/uploads\/2025\/04\/Nekustama-ipasuma-lietosanas-un-apsaimniekosanas-ligums-ar-RD.pdf\" target=\"_blank\" rel=\"noopener\">Nekustam\u0101 \u012bpa\u0161uma lieto\u0161anas un apsaimnieko\u0161anas l\u012bgums (21.08.2009. Nr.D\u012a-09-432-l\u012b<\/a>)<\/p>\n<p><\/div><\/div><\/div><\/div><\/div>\n<div class=\"vakances_page\"><div class=\"vakances_wrap mb-0\"><div class=\"single_vakance\"><a class=\"single_vakance_btn\" data-bs-toggle=\"collapse\" href=\"#buj_dalibnieku-sapulces\" role=\"button\" aria-expanded=\"false\" aria-controls=\"buj_dalibnieku-sapulces\"><h4 class=\"mb-0\">Dal\u012bbnieku sapulces<\/h4><i class=\"fa-solid fa-chevron-right\"><\/i><\/a><div class=\"collapse\" id=\"buj_dalibnieku-sapulces\"><div class=\"vakance_content\">\n<p><a href=\"https:\/\/www.slimnica.lv\/wp-content\/uploads\/2026\/03\/R2S-dalibnieku-sapulces_10022026.pdf\">2026<\/a><\/p>\n<p><a href=\"https:\/\/www.slimnica.lv\/wp-content\/uploads\/2025\/12\/R2S-dalibnieku-sapulces_2025_121225-update.pdf\">2025<\/a><\/p>\n<p><a href=\"https:\/\/www.slimnica.lv\/wp-content\/uploads\/2025\/01\/R2S-dalibnieku-sapulces_2024_28.12.-update.pdf\">2024<\/a><\/p>\n<p><a href=\"https:\/\/www.slimnica.lv\/wp-content\/uploads\/2023\/12\/R2S-dalibnieku-sapulces_2023_28.12.-update.pdf\" target=\"_blank\" rel=\"noopener\">2023<\/a><\/p>\n<p><a href=\"https:\/\/slimnica.lv\/wp-content\/uploads\/2022\/11\/2022.pdf\" target=\"_blank\" rel=\"noopener nofollow\">2022<\/a><\/p>\n<p><a href=\"https:\/\/www.slimnica.lv\/wp-content\/uploads\/2022\/11\/2021.pdf\" target=\"_blank\" rel=\"noopener\">2021<\/a><\/p>\n<p><a href=\"https:\/\/www.slimnica.lv\/wp-content\/uploads\/2022\/11\/2020.pdf\" target=\"_blank\" rel=\"noopener\">2020<\/a><\/p>\n<p><a href=\"https:\/\/www.slimnica.lv\/wp-content\/uploads\/2022\/11\/2019.pdf\" target=\"_blank\" rel=\"noopener\">2019<\/a><\/p>\n<p><a href=\"https:\/\/www.slimnica.lv\/wp-content\/uploads\/2022\/11\/2018.pdf\" target=\"_blank\" rel=\"noopener\">2018<\/a><\/p>\n<p><\/div><\/div><\/div><\/div><\/div><\/p>","protected":false},"excerpt":{"rendered":"<p>VISP\u0100R\u0112JIE SLIMN\u012aCAS DOKUMENTI &nbsp; Videja_termina_darbibas_strategija_2025.-2027.gadam (kopsavilkums) Valdes reglaments Stat\u016bti &nbsp;<\/p>\n","protected":false},"author":1,"featured_media":0,"parent":123,"menu_order":36,"comment_status":"closed","ping_status":"closed","template":"","meta":{"_acf_changed":false,"om_disable_all_campaigns":false,"inline_featured_image":false,"_monsterinsights_skip_tracking":false,"_monsterinsights_sitenote_active":false,"_monsterinsights_sitenote_note":"","_monsterinsights_sitenote_category":0,"_uf_show_specific_survey":0,"_uf_disable_surveys":false,"footnotes":""},"class_list":["post-126","page","type-page","status-publish","hentry"],"acf":[],"aioseo_notices":[],"_links":{"self":[{"href":"https:\/\/www.slimnica.lv\/lv\/wp-json\/wp\/v2\/pages\/126","targetHints":{"allow":["GET"]}}],"collection":[{"href":"https:\/\/www.slimnica.lv\/lv\/wp-json\/wp\/v2\/pages"}],"about":[{"href":"https:\/\/www.slimnica.lv\/lv\/wp-json\/wp\/v2\/types\/page"}],"author":[{"embeddable":true,"href":"https:\/\/www.slimnica.lv\/lv\/wp-json\/wp\/v2\/users\/1"}],"replies":[{"embeddable":true,"href":"https:\/\/www.slimnica.lv\/lv\/wp-json\/wp\/v2\/comments?post=126"}],"version-history":[{"count":87,"href":"https:\/\/www.slimnica.lv\/lv\/wp-json\/wp\/v2\/pages\/126\/revisions"}],"predecessor-version":[{"id":8311,"href":"https:\/\/www.slimnica.lv\/lv\/wp-json\/wp\/v2\/pages\/126\/revisions\/8311"}],"up":[{"embeddable":true,"href":"https:\/\/www.slimnica.lv\/lv\/wp-json\/wp\/v2\/pages\/123"}],"wp:attachment":[{"href":"https:\/\/www.slimnica.lv\/lv\/wp-json\/wp\/v2\/media?parent=126"}],"curies":[{"name":"wp","href":"https:\/\/api.w.org\/{rel}","templated":true}]}}