{"id":132,"date":"2022-10-10T20:45:07","date_gmt":"2022-10-10T17:45:07","guid":{"rendered":"https:\/\/slimnica.lv\/par-mums\/projekti\/"},"modified":"2025-12-09T15:01:13","modified_gmt":"2025-12-09T13:01:13","slug":"projekti","status":"publish","type":"page","link":"https:\/\/www.slimnica.lv\/lv\/par-mums\/projekti\/","title":{"rendered":"Projekti"},"content":{"rendered":"<p>&nbsp;<\/p>\n<p><strong>Latvijas Atvese\u013co\u0161anas un notur\u012bbas meh\u0101nisma pl\u0101na 2. komponentes \u201cDigit\u0101l\u0101 transform\u0101cija\u201d 2.2. reformu un invest\u012bciju virziena \u201cUz\u0146\u0113mumu digit\u0101l\u0101 transform\u0101cija un inov\u0101cijas\u201d 2.2.1.r. \u201cUz\u0146\u0113m\u0113jdarb\u012bbas digit\u0101l\u0101s transform\u0101cijas pilna cikla atbalsta izveide ar re\u0123ion\u0101lo tv\u0113rumu\u201d 2.2.1.2.i. invest\u012bcijas<\/strong><\/p>\n<h3><strong>\u201cAtbalsts procesu digitaliz\u0101cijai\u201d<\/strong><\/h3>\n<p>Pateicoties\u00a0ES Atvese\u013co\u0161anas fonda pie\u0161\u0137irtamam finansi\u0101lajam atbalstam &#8211; maksim\u0101lais pie\u0161\u0137irtais atbalsta finans\u0113jums atbalst\u0101mo darb\u012bbu \u012bsteno\u0161anai ir 53 400.00 euro &#8211; <strong>R\u012bgas 2.slimn\u012bc\u0101 ir uzlaboti datu p\u0101rvald\u012bbas procesi, proti ir ieg\u0101d\u0101tas un uzst\u0101d\u012btas datu dro\u0161as uzglab\u0101\u0161anas un p\u0101rvald\u012bbas iek\u0101rtas ar programmnodro\u0161in\u0101jumi. <\/strong>Kop\u0113j\u0101s projekta izmaksas: 142 276.42 EUR bez PVN<\/p>\n<p><strong>Projekta \u012bsteno\u0161anas periods:<\/strong> l\u012bdz 2025. gada 7. novembrim.<\/p>\n<p><img loading=\"lazy\" decoding=\"async\" class=\"alignnone size-medium wp-image-7916\" src=\"https:\/\/www.slimnica.lv\/wp-content\/uploads\/2025\/10\/NAP_NextGen-1-300x157.jpg\" alt=\"\" width=\"300\" height=\"157\" srcset=\"https:\/\/www.slimnica.lv\/wp-content\/uploads\/2025\/10\/NAP_NextGen-1-300x157.jpg 300w, https:\/\/www.slimnica.lv\/wp-content\/uploads\/2025\/10\/NAP_NextGen-1-1024x536.jpg 1024w, https:\/\/www.slimnica.lv\/wp-content\/uploads\/2025\/10\/NAP_NextGen-1.jpg 1921w\" sizes=\"auto, (max-width: 300px) 100vw, 300px\" \/><\/p>\n<p>&nbsp;<\/p>\n<hr \/>\n<h3><strong>ERAF projekts \u201cVesel\u012bbas apr\u016bpes pakalpojumu pieejam\u012bbas uzlabo\u0161ana II k\u0101rta\u201d<\/strong><\/h3>\n<p>Prec\u012bz\u0101ka diagnostika, dro\u0161\u0101kas oper\u0101cijas un m\u016bsdien\u012bg\u0101ka \u0101rst\u0113\u0161anas vide \u2013 <strong>R\u012bgas 2. slimn\u012bca uzs\u0101k Eiropas Re\u0123ion\u0101l\u0101s att\u012bst\u012bbas fonda (ERAF) projekta \u201cVesel\u012bbas apr\u016bpes pakalpojumu pieejam\u012bbas uzlabo\u0161ana II k\u0101rta\u201d \u012bsteno\u0161anu.<\/strong> Projekts paredz moderniz\u0113t slimn\u012bcas infrastrukt\u016bru un ieg\u0101d\u0101ties jaunas medic\u012bnisk\u0101s iek\u0101rtas, lai paaugstin\u0101tu \u0101rst\u0113\u0161anas kvalit\u0101ti, pacientu komfortu un diagnostikas precizit\u0101ti.<\/p>\n<p><strong>Par projektu:<\/strong><\/p>\n<p>2025.gada 27. janv\u0101r\u012b R\u012bgas 2. slimn\u012bca nosl\u0113dza l\u012bgumu ar Centr\u0101lo finan\u0161u un l\u012bgumu a\u0123ent\u016bru par ERAF projekta Nr. 4.1.1.1.\/2\/24\/I\/006 \u012bsteno\u0161anu. Projekta kop\u0113j\u0101s attiecin\u0101m\u0101s izmaksas ir 781 307 eiro.<\/p>\n<p>Projekta m\u0113r\u0137is ir nodro\u0161in\u0101t vienl\u012bdz\u012bgu piek\u013cuvi vesel\u012bbas apr\u016bpei un stiprin\u0101t vesel\u012bbas sist\u0113mu, att\u012bstot vesel\u012bbas apr\u016bpes infrastrukt\u016bru.<\/p>\n<p><strong>Projekta galven\u0101s darb\u012bbas<\/strong> ietver remonta darbus Uz\u0146em\u0161anas noda\u013c\u0101 un oper\u0101ciju z\u0101l\u0113, k\u0101 ar\u012b jaunu un eso\u0161o medic\u012bnisko iek\u0101rtu un tehnolo\u0123iju ieg\u0101di.<\/p>\n<p>Projekta \u012bsteno\u0161ana s\u0101ksies <strong>2025. gada 1. ceturksn\u012b<\/strong> un ilgs l\u012bdz <strong>2026. gada 3. ceturksnim<\/strong>.<\/p>\n<p><strong>Projekta kop\u0113j\u0101s attiecin\u0101m\u0101s izmaksas<\/strong> ir 781 307,00 EUR, no kur\u0101m <strong>Eiropas Re\u0123ion\u0101l\u0101s att\u012bst\u012bbas fonda (ERAF)<\/strong> finans\u0113jums veido 664 110,95 EUR (85%), <strong>valsts bud\u017eeta finans\u0113jums<\/strong> \u2014 74 412,05 EUR (9,52%), bet <strong>SIA \u201cR\u012bgas 2. slimn\u012bca\u201d l\u012bdzfinans\u0113jums<\/strong> \u2014 42 784,00 EUR (5,48%). <strong>Publisk\u0101s attiecin\u0101m\u0101s izmaksas<\/strong> ir kopum\u0101 738 523,00 EUR (95%).<\/p>\n<p>&nbsp;<\/p>\n<p><img loading=\"lazy\" decoding=\"async\" class=\"alignnone wp-image-8155 size-medium\" src=\"https:\/\/www.slimnica.lv\/wp-content\/uploads\/2025\/12\/Untitled-design-6-300x157.png\" alt=\"\" width=\"300\" height=\"157\" srcset=\"https:\/\/www.slimnica.lv\/wp-content\/uploads\/2025\/12\/Untitled-design-6-300x157.png 300w, https:\/\/www.slimnica.lv\/wp-content\/uploads\/2025\/12\/Untitled-design-6.png 600w\" sizes=\"auto, (max-width: 300px) 100vw, 300px\" \/><\/p>\n<hr \/>\n<p>&nbsp;<\/p>\n<p><strong>Ar Eiropas Savien\u012bbas (ES) atbalstu traumatolo\u0123ij\u0101 un ortop\u0113dij\u0101 specializ\u0113tajai R\u012bgas 2. slimn\u012bcai ir iesp\u0113ja uzlabot vesel\u012bbas apr\u016bpes pakalpojumus un infrastrukt\u016bru, t\u0101 stiprinot medic\u012bnas iest\u0101des potenci\u0101lu un sniedzot labumu pacientiem un sabiedr\u012bbai kopum\u0101.<\/strong><\/p>\n<p>Esam \u012bstenoju\u0161i ES Atvese\u013co\u0161anas fonda projektu Nr. 4.1.1.3.i.0\/1\/23\/I\/CFLA\/021 \u201cSIA \u201cR\u012bgas 2. slimn\u012bcas\u201d infrastrukt\u016bras uzlabo\u0161ana epidemiolo\u0123isko pras\u012bbu, vides pieejam\u012bbas un integr\u0113tas pakalpojumu pieejam\u012bbas nodro\u0161in\u0101\u0161anai sekund\u0101ro ambulatoro pakalpojumu snieg\u0161an\u0101\u201d.<\/p>\n<p>Projekta ietvaros esam veiku\u0161i noz\u012bm\u012bgus infrastrukt\u016bras uzlabojumus, lai nodro\u0161in\u0101tu epidemiolo\u0123isko pras\u012bbu izpildi, uzlabotu vides pieejam\u012bbu un stiprin\u0101tu sekund\u0101r\u0101s ambulator\u0101s vesel\u012bbas apr\u016bpes pakalpojumu snieg\u0161anu:<\/p>\n<p>renov\u0113tas telpas 1. un 2. st\u0101v\u0101, uzlabota rindu vad\u012bbas sist\u0113ma, ieg\u0101d\u0101ts jauns apr\u012bkojums \u0101rstu kabinetiem un uzst\u0101d\u012bta UPS sist\u0113ma. Projekts \u012bstenots laika period\u0101 no 2024. gada febru\u0101ra l\u012bdz decembrim.<\/p>\n<p>Projekta faktiskais finans\u0113jums:<\/p>\n<ul>\n<li>Kop\u0113j\u0101s izmaksas: 188 166,87 EUR<\/li>\n<li>Eiropas Savien\u012bbas l\u012bdzfinans\u0113jums: 158 259,55 EUR<\/li>\n<li>Pa\u0161u l\u012bdzek\u013ci: 29 907,32 EUR<\/li>\n<\/ul>\n<h3><img loading=\"lazy\" decoding=\"async\" class=\"alignnone size-medium wp-image-5756\" src=\"https:\/\/www.slimnica.lv\/wp-content\/uploads\/2024\/01\/NAP_NextGen-300x157.jpg\" alt=\"\" width=\"300\" height=\"157\" srcset=\"https:\/\/www.slimnica.lv\/wp-content\/uploads\/2024\/01\/NAP_NextGen-300x157.jpg 300w, https:\/\/www.slimnica.lv\/wp-content\/uploads\/2024\/01\/NAP_NextGen-1024x536.jpg 1024w, https:\/\/www.slimnica.lv\/wp-content\/uploads\/2024\/01\/NAP_NextGen.jpg 1921w\" sizes=\"auto, (max-width: 300px) 100vw, 300px\" \/><\/h3>\n<p>&nbsp;<\/p>\n<hr \/>\n<h3>SIA \u201cR\u012bgas 2. slimn\u012bcas\u201d infrastrukt\u016bras uzlabo\u0161ana epidemiolo\u0123isko pras\u012bbu, vides pieejam\u012bbas un integr\u0113tas pakalpojumu pieejam\u012bbas nodro\u0161in\u0101\u0161anai sekund\u0101ro ambulatoro pakalpojumu snieg\u0161an\u0101<\/h3>\n<p>Projekta ietvaros traumatolo\u0123ij\u0101 un ortop\u0113dij\u0101 specializ\u0113t\u0101s medic\u012bnas iest\u0101des v\u0113sturiskaj\u0101 \u0113k\u0101, \u0122imnastikas iel\u0101 1, tiks veikti remontdarbi 1. st\u0101v\u0101 un Konsultat\u012bv\u0101s polikl\u012bnikas telp\u0101s, 2. st\u0101v\u0101, \u2013 <a href=\"https:\/\/www.slimnica.lv\/lv\/jaunumi\/rigas-2-slimnica-sanem-es-atveselosanas-fonda-atbalstu-infrastrukturas-uzlabosanai\/\" target=\"_blank\" rel=\"noopener\"><b>uzlabota slimn\u012bcas infrastrukt\u016bra un pilnveidota sekund\u0101ro ambulatoro vesel\u012bbas apr\u016bpes pakalpojumu snieg\u0161ana<\/b><\/a>. Projekts tiek \u012bstenots laika period\u0101 no 2024. gada febru\u0101ra l\u012bdz decembrim. ES l\u012bdzfinans\u0113 158 260 EUR, kop\u0113j\u0101s izmaksas l\u0113\u0161amas ap 185,6 t\u016bksto\u0161u eiro apm\u0113r\u0101.<\/p>\n<p>ES Atvese\u013co\u0161anas fonda projekts Nr. 4.1.1.3.i.0\/1\/23\/I\/CFLA\/021.<\/p>\n<p><img loading=\"lazy\" decoding=\"async\" class=\"alignnone size-medium wp-image-5756\" src=\"https:\/\/www.slimnica.lv\/wp-content\/uploads\/2024\/01\/NAP_NextGen-300x157.jpg\" alt=\"\" width=\"300\" height=\"157\" srcset=\"https:\/\/www.slimnica.lv\/wp-content\/uploads\/2024\/01\/NAP_NextGen-300x157.jpg 300w, https:\/\/www.slimnica.lv\/wp-content\/uploads\/2024\/01\/NAP_NextGen-1024x536.jpg 1024w, https:\/\/www.slimnica.lv\/wp-content\/uploads\/2024\/01\/NAP_NextGen.jpg 1921w\" sizes=\"auto, (max-width: 300px) 100vw, 300px\" \/><\/p>\n<hr \/>\n<p><strong>Latvijas Atvese\u013co\u0161anas un notur\u012bbas meh\u0101nisma pl\u0101na 2. komponentes &#8220;Digit\u0101l\u0101 transform\u0101cija&#8221; 2.2. reformu un invest\u012bciju virziena &#8220;Uz\u0146\u0113mumu digit\u0101l\u0101 transform\u0101cija un inov\u0101cijas&#8221; 2.2.1.r. &#8220;Uz\u0146\u0113m\u0113jdarb\u012bbas digit\u0101l\u0101s transform\u0101cijas pilna cikla atbalsta izveide ar re\u0123ion\u0101lo tv\u0113rumu&#8221; 2.2.1.2.i.\u00a0 invest\u012bcijas<\/strong><\/p>\n<h3><strong>&#8220;Atbalsts procesu digitaliz\u0101cijai komercdarb\u012bb\u0101&#8221;<\/strong><\/h3>\n<p><img loading=\"lazy\" decoding=\"async\" class=\"alignnone wp-image-5446 size-thumbnail\" src=\"https:\/\/www.slimnica.lv\/wp-content\/uploads\/2023\/11\/IMG-20231116-WA0015-150x150.jpg\" alt=\"R\u012bgas 2. slimn\u012bcas Centr\u0101l\u0101s steriliz\u0101cijas un dezinfekcijas noda\u013ca\" width=\"150\" height=\"150\" \/> \u00a0<img loading=\"lazy\" decoding=\"async\" class=\"alignnone wp-image-5445 size-thumbnail\" src=\"https:\/\/www.slimnica.lv\/wp-content\/uploads\/2023\/11\/Inese-Bekmane-Centralas-steril-un-dezinfekc-nod-R2S-150x150.jpg\" alt=\"Centr\u0101l\u0101s steriliz\u0101cijas un dezinfekcijas noda\u013cas virsm\u0101sa Inese Bekmane. Att\u0113ls: R\u012bgas 2. slimn\u012bcas fotoarh\u012bvs.\" width=\"150\" height=\"150\" \/>\u00a0 <img loading=\"lazy\" decoding=\"async\" class=\"alignnone wp-image-5799 size-thumbnail\" src=\"https:\/\/www.slimnica.lv\/wp-content\/uploads\/2024\/01\/b6f1a8fc-2aef-4004-82e0-91fc644db13b-150x150.jpg\" alt=\"\" width=\"150\" height=\"150\" \/><\/p>\n<p>Pateicoties Latvijas Invest\u012bciju un att\u012bst\u012bbas a\u0123ent\u016bras (LIAA) l\u012bdzatbalstam 4 800 EUR apm\u0113r\u0101, no 2023. gada j\u016blija l\u012bdz decembrim tika realiz\u0113ta <a href=\"https:\/\/www.slimnica.lv\/lv\/jaunumi\/procesu-digitalizesana-sterilizacija-palidz-pilnveidot-darbplusmu-un-uzlabotpacientu-drosibu\/\" target=\"_blank\" rel=\"noopener\">R\u012bgas 2. slimn\u012bcas Centr\u0101l\u0101s steriliz\u0101cijas un dezinfekcijas noda\u013cas procesu digitaliz\u0101cija un darbpl\u016bsmas vienk\u0101r\u0161o\u0161ana<\/a> \u2013\u00a0 ieg\u0101d\u0101tas un uzst\u0101d\u012btas datortehnikas iek\u0101rtas, sv\u012btru kodu las\u012bt\u0101ji, printeri un instal\u0113ta atbilsto\u0161a programmat\u016bra. Kop\u0113j\u0101s projekta izmaksas: 15 t\u016bksto\u0161i eiro.<\/p>\n<p><img loading=\"lazy\" decoding=\"async\" class=\"alignnone size-medium wp-image-5756\" src=\"https:\/\/www.slimnica.lv\/wp-content\/uploads\/2024\/01\/NAP_NextGen-300x157.jpg\" alt=\"\" width=\"300\" height=\"157\" srcset=\"https:\/\/www.slimnica.lv\/wp-content\/uploads\/2024\/01\/NAP_NextGen-300x157.jpg 300w, https:\/\/www.slimnica.lv\/wp-content\/uploads\/2024\/01\/NAP_NextGen-1024x536.jpg 1024w, https:\/\/www.slimnica.lv\/wp-content\/uploads\/2024\/01\/NAP_NextGen.jpg 1921w\" sizes=\"auto, (max-width: 300px) 100vw, 300px\" \/><\/p>\n<hr \/>\n<h3><b>Stacion\u0101r\u0101s vesel\u012bbas apr\u016bpes infrastrukt\u016bras uzlabo\u0161ana R\u012bgas pa\u0161vald\u012bbas SIA \u201cR\u012bgas 2. slimn\u012bca\u201d<\/b><\/h3>\n<p>SIA \u201cR\u012bgas 2. slimn\u012bca\u201d ar 2010. gada 1. novembri s\u0101k \u012bstenot Eiropas Savien\u012bbas fonda projektu \u201cStacion\u0101r\u0101s vesel\u012bbas apr\u016bpes infrastrukt\u016bras uzlabo\u0161ana R\u012bgas pa\u0161vald\u012bbas SIA \u201cR\u012bgas 2. slimn\u012bca\u201d, uzlabojot vesel\u012bbas apr\u016bpes pakalpojumu kvalit\u0101ti un paaugstinot pakalpojumu izmaksu efektivit\u0101ti\u201d, Nr. 3DP\/3.1.5.3.1.\/10\/IPIA\/VEC\/010 ar Eiropas Re\u0123ion\u0101l\u0101s att\u012bst\u012bbas fonda l\u012bdzfinans\u0113jumu.<\/p>\n<p><b>Projekts tika realiz\u0113ts div\u0101s k\u0101rt\u0101s:<\/b><\/p>\n<p>I k\u0101rta \u201c\u0112kas \u0101r\u0113j\u0101 un iek\u0161\u0113j\u0101 rekonstrukcija, ietverot inform\u0101cijas stenda un inform\u0101cijas pl\u0101ksnes pieg\u0101di\u201d tika pabeigta 15.12.2011. T\u0101s ietvaros veikts:<\/p>\n<ul>\n<li aria-level=\"1\">Neatliekam\u0101s medic\u012bnisk\u0101s pal\u012bdz\u012bbas un uz\u0146em\u0161anas noda\u013cas renov\u0101cija.<\/li>\n<li aria-level=\"1\">Jumta seguma rekonstrukcija un p\u0101rseguma siltin\u0101\u0161ana.<\/li>\n<\/ul>\n<p>II k\u0101rta \u201c\u0112kas iek\u0161\u0113j\u0101 renov\u0101cijas II k\u0101rta\u201d pabeigta 30.04.2012. T\u0101s ietvaros veikts:<\/p>\n<ul>\n<li aria-level=\"1\">Dezinfekcijas un steriliz\u0101cijas noda\u013cas renov\u0101cija un rekonstrukcija.<\/li>\n<\/ul>\n<p><img loading=\"lazy\" decoding=\"async\" class=\"alignnone wp-image-205 size-medium\" src=\"https:\/\/slimnica.lv\/wp-content\/uploads\/2022\/10\/eraf-300x76.jpeg\" alt=\"\" width=\"300\" height=\"76\" srcset=\"https:\/\/www.slimnica.lv\/wp-content\/uploads\/2022\/10\/eraf-300x76.jpeg 300w, https:\/\/www.slimnica.lv\/wp-content\/uploads\/2022\/10\/eraf-1024x261.jpeg 1024w\" sizes=\"auto, (max-width: 300px) 100vw, 300px\" \/><\/p>","protected":false},"excerpt":{"rendered":"<p>&nbsp; Latvijas Atvese\u013co\u0161anas un notur\u012bbas meh\u0101nisma pl\u0101na 2. komponentes \u201cDigit\u0101l\u0101 transform\u0101cija\u201d 2.2. reformu un invest\u012bciju virziena \u201cUz\u0146\u0113mumu digit\u0101l\u0101 transform\u0101cija un inov\u0101cijas\u201d 2.2.1.r. \u201cUz\u0146\u0113m\u0113jdarb\u012bbas digit\u0101l\u0101s transform\u0101cijas pilna cikla atbalsta izveide ar re\u0123ion\u0101lo tv\u0113rumu\u201d 2.2.1.2.i. invest\u012bcijas \u201cAtbalsts procesu digitaliz\u0101cijai\u201d Pateicoties\u00a0ES Atvese\u013co\u0161anas fonda pie\u0161\u0137irtamam finansi\u0101lajam atbalstam &#8211; maksim\u0101lais pie\u0161\u0137irtais atbalsta finans\u0113jums atbalst\u0101mo darb\u012bbu \u012bsteno\u0161anai ir 53 400.00 euro [&hellip;]<\/p>\n","protected":false},"author":1,"featured_media":0,"parent":123,"menu_order":42,"comment_status":"closed","ping_status":"closed","template":"","meta":{"_acf_changed":false,"om_disable_all_campaigns":false,"inline_featured_image":false,"_monsterinsights_skip_tracking":false,"_monsterinsights_sitenote_active":false,"_monsterinsights_sitenote_note":"","_monsterinsights_sitenote_category":0,"_uf_show_specific_survey":0,"_uf_disable_surveys":false,"footnotes":""},"class_list":["post-132","page","type-page","status-publish","hentry"],"acf":[],"aioseo_notices":[],"_links":{"self":[{"href":"https:\/\/www.slimnica.lv\/lv\/wp-json\/wp\/v2\/pages\/132","targetHints":{"allow":["GET"]}}],"collection":[{"href":"https:\/\/www.slimnica.lv\/lv\/wp-json\/wp\/v2\/pages"}],"about":[{"href":"https:\/\/www.slimnica.lv\/lv\/wp-json\/wp\/v2\/types\/page"}],"author":[{"embeddable":true,"href":"https:\/\/www.slimnica.lv\/lv\/wp-json\/wp\/v2\/users\/1"}],"replies":[{"embeddable":true,"href":"https:\/\/www.slimnica.lv\/lv\/wp-json\/wp\/v2\/comments?post=132"}],"version-history":[{"count":35,"href":"https:\/\/www.slimnica.lv\/lv\/wp-json\/wp\/v2\/pages\/132\/revisions"}],"predecessor-version":[{"id":8156,"href":"https:\/\/www.slimnica.lv\/lv\/wp-json\/wp\/v2\/pages\/132\/revisions\/8156"}],"up":[{"embeddable":true,"href":"https:\/\/www.slimnica.lv\/lv\/wp-json\/wp\/v2\/pages\/123"}],"wp:attachment":[{"href":"https:\/\/www.slimnica.lv\/lv\/wp-json\/wp\/v2\/media?parent=132"}],"curies":[{"name":"wp","href":"https:\/\/api.w.org\/{rel}","templated":true}]}}