{"id":1685,"date":"2022-10-21T14:57:03","date_gmt":"2022-10-21T11:57:03","guid":{"rendered":"https:\/\/slimnica.lv\/?page_id=1685"},"modified":"2026-02-01T10:42:29","modified_gmt":"2026-02-01T08:42:29","slug":"iepirkumi-un-izsoles","status":"publish","type":"page","link":"https:\/\/www.slimnica.lv\/lv\/par-mums\/iepirkumi-un-izsoles\/","title":{"rendered":"Iepirkumi un izsoles"},"content":{"rendered":"","protected":false},"excerpt":{"rendered":"","protected":false},"author":1,"featured_media":0,"parent":123,"menu_order":29,"comment_status":"closed","ping_status":"closed","template":"","meta":{"_acf_changed":false,"om_disable_all_campaigns":false,"inline_featured_image":false,"_monsterinsights_skip_tracking":false,"_monsterinsights_sitenote_active":false,"_monsterinsights_sitenote_note":"","_monsterinsights_sitenote_category":0,"_uf_show_specific_survey":0,"_uf_disable_surveys":false,"footnotes":""},"class_list":["post-1685","page","type-page","status-publish","hentry"],"acf":{"iepirkumu_apraksti":[{"attels":{"ID":1707,"id":1707,"title":"eis","filename":"eis.png","filesize":12922,"url":"https:\/\/www.slimnica.lv\/wp-content\/uploads\/2022\/10\/eis.png","link":"https:\/\/www.slimnica.lv\/lv\/par-mums\/iepirkumi-un-izsoles\/eis\/","alt":"","author":"1","description":"","caption":"","name":"eis","status":"inherit","uploaded_to":1685,"date":"2022-10-21 12:43:53","modified":"2022-10-21 12:43:53","menu_order":0,"mime_type":"image\/png","type":"image","subtype":"png","icon":"https:\/\/www.slimnica.lv\/wp-includes\/images\/media\/default.png","width":98,"height":98,"sizes":{"thumbnail":"https:\/\/www.slimnica.lv\/wp-content\/uploads\/2022\/10\/eis.png","thumbnail-width":98,"thumbnail-height":98,"medium":"https:\/\/www.slimnica.lv\/wp-content\/uploads\/2022\/10\/eis.png","medium-width":98,"medium-height":98,"medium_large":"https:\/\/www.slimnica.lv\/wp-content\/uploads\/2022\/10\/eis.png","medium_large-width":98,"medium_large-height":98,"large":"https:\/\/www.slimnica.lv\/wp-content\/uploads\/2022\/10\/eis.png","large-width":98,"large-height":98,"1536x1536":"https:\/\/www.slimnica.lv\/wp-content\/uploads\/2022\/10\/eis.png","1536x1536-width":98,"1536x1536-height":98,"2048x2048":"https:\/\/www.slimnica.lv\/wp-content\/uploads\/2022\/10\/eis.png","2048x2048-width":98,"2048x2048-height":98}},"apraksts":"<p>SIA \u201cR\u012bgas 2. slimn\u012bca\u201d iepirkumi, kuru l\u012bgumcena ir <strong>vien\u0101da vai p\u0101rsniedz Publisko iepirkuma likum\u0101 noteikto l\u012bgumcenas robe\u017ev\u0113rt\u012bbu<\/strong> pieejama <a href=\"https:\/\/www.eis.gov.lv\/EKEIS\/Supplier\/Organizer\/410\"><strong>Elektronisko iepirkumu sist\u0113m\u0101<\/strong><\/a>.<\/p>\n"},{"attels":{"ID":8213,"id":8213,"title":"Logo_liels JPG","filename":"Logo_liels-JPG.jpg","filesize":24535,"url":"https:\/\/www.slimnica.lv\/wp-content\/uploads\/2026\/01\/Logo_liels-JPG.jpg","link":"https:\/\/www.slimnica.lv\/lv\/par-mums\/iepirkumi-un-izsoles\/logo_liels-jpg\/","alt":"","author":"1","description":"","caption":"","name":"logo_liels-jpg","status":"inherit","uploaded_to":1685,"date":"2026-01-24 17:33:29","modified":"2026-01-24 17:33:29","menu_order":0,"mime_type":"image\/jpeg","type":"image","subtype":"jpeg","icon":"https:\/\/www.slimnica.lv\/wp-includes\/images\/media\/default.png","width":904,"height":267,"sizes":{"thumbnail":"https:\/\/www.slimnica.lv\/wp-content\/uploads\/2026\/01\/Logo_liels-JPG-150x150.jpg","thumbnail-width":150,"thumbnail-height":150,"medium":"https:\/\/www.slimnica.lv\/wp-content\/uploads\/2026\/01\/Logo_liels-JPG-300x89.jpg","medium-width":300,"medium-height":89,"medium_large":"https:\/\/www.slimnica.lv\/wp-content\/uploads\/2026\/01\/Logo_liels-JPG.jpg","medium_large-width":768,"medium_large-height":227,"large":"https:\/\/www.slimnica.lv\/wp-content\/uploads\/2026\/01\/Logo_liels-JPG.jpg","large-width":904,"large-height":267,"1536x1536":"https:\/\/www.slimnica.lv\/wp-content\/uploads\/2026\/01\/Logo_liels-JPG.jpg","1536x1536-width":904,"1536x1536-height":267,"2048x2048":"https:\/\/www.slimnica.lv\/wp-content\/uploads\/2026\/01\/Logo_liels-JPG.jpg","2048x2048-width":904,"2048x2048-height":267}},"apraksts":"<p>SIA \u201cR\u012bgas 2. slimn\u012bca\u201d iepirkumi par zemsliek\u0161\u0146a iepirkumiem, kuru paredzam\u0101 l\u012bgumcena ir maz\u0101ka nek\u0101 Publisko iepirkumu likum\u0101 noteiktie l\u012bgumcenu sliek\u0161\u0146i, ir pieejami vietn\u0113 <a href=\"https:\/\/widget.iepirkumi.lv\/?regno=40003184960&amp;count=30\" target=\"_blank\" rel=\"noopener\">www.iepirkumi.lv<\/a> elektronisko iepirkumu sist\u0113m\u0101. Inform\u0101cija pieejama <a href=\"https:\/\/widget.iepirkumi.lv\/?regno=40003184960&amp;count=30\" target=\"_blank\" rel=\"noopener\">\u0160EIT<\/a>.<\/p>\n"}],"iepirkumi_saturs":"<h2>Zemsliek\u0161\u0146a iepirkumi<\/h2>\n<div class=\"responsive-container\" style=\"padding-bottom: 100% !important;\"><iframe src=\"https:\/\/widget.iepirkumi.lv\/?regno=40003184960&#038;count=30\" style=\"position: absolute; top: 0; left: 0; bottom: 0; right: 0; width: 100%; height: 100%; border: none;\" allowfullscreen><\/iframe><\/div>\n"},"aioseo_notices":[],"_links":{"self":[{"href":"https:\/\/www.slimnica.lv\/lv\/wp-json\/wp\/v2\/pages\/1685","targetHints":{"allow":["GET"]}}],"collection":[{"href":"https:\/\/www.slimnica.lv\/lv\/wp-json\/wp\/v2\/pages"}],"about":[{"href":"https:\/\/www.slimnica.lv\/lv\/wp-json\/wp\/v2\/types\/page"}],"author":[{"embeddable":true,"href":"https:\/\/www.slimnica.lv\/lv\/wp-json\/wp\/v2\/users\/1"}],"replies":[{"embeddable":true,"href":"https:\/\/www.slimnica.lv\/lv\/wp-json\/wp\/v2\/comments?post=1685"}],"version-history":[{"count":7,"href":"https:\/\/www.slimnica.lv\/lv\/wp-json\/wp\/v2\/pages\/1685\/revisions"}],"predecessor-version":[{"id":8231,"href":"https:\/\/www.slimnica.lv\/lv\/wp-json\/wp\/v2\/pages\/1685\/revisions\/8231"}],"up":[{"embeddable":true,"href":"https:\/\/www.slimnica.lv\/lv\/wp-json\/wp\/v2\/pages\/123"}],"wp:attachment":[{"href":"https:\/\/www.slimnica.lv\/lv\/wp-json\/wp\/v2\/media?parent=1685"}],"curies":[{"name":"wp","href":"https:\/\/api.w.org\/{rel}","templated":true}]}}