{"id":1746,"date":"2022-10-21T16:28:19","date_gmt":"2022-10-21T13:28:19","guid":{"rendered":"https:\/\/slimnica.lv\/?page_id=1746"},"modified":"2026-01-17T17:21:57","modified_gmt":"2026-01-17T15:21:57","slug":"iepirkumu-plani","status":"publish","type":"page","link":"https:\/\/www.slimnica.lv\/lv\/par-mums\/iepirkumi-un-izsoles\/iepirkumu-plani\/","title":{"rendered":"Iepirkumu pl\u0101ni"},"content":{"rendered":"","protected":false},"excerpt":{"rendered":"","protected":false},"author":1,"featured_media":0,"parent":1685,"menu_order":30,"comment_status":"closed","ping_status":"closed","template":"","meta":{"_acf_changed":false,"om_disable_all_campaigns":false,"inline_featured_image":false,"_monsterinsights_skip_tracking":false,"_monsterinsights_sitenote_active":false,"_monsterinsights_sitenote_note":"","_monsterinsights_sitenote_category":0,"_uf_show_specific_survey":0,"_uf_disable_surveys":false,"footnotes":""},"class_list":["post-1746","page","type-page","status-publish","hentry"],"acf":{"iepirkumu_plani":[{"nosaukums":"Iepirkumu pl\u0101ns 2026. gadam","datne":{"ID":8194,"id":8194,"title":"Iepirkumu pla\u0304ns 2026. gadam","filename":"Iepirkumu-plans-2026.-gadam.pdf","filesize":393992,"url":"https:\/\/www.slimnica.lv\/wp-content\/uploads\/2026\/01\/Iepirkumu-plans-2026.-gadam.pdf","link":"https:\/\/www.slimnica.lv\/lv\/par-mums\/iepirkumi-un-izsoles\/iepirkumu-plani\/iepirkumu-plans-2026-gadam\/","alt":"","author":"1","description":"","caption":"","name":"iepirkumu-plans-2026-gadam","status":"inherit","uploaded_to":1746,"date":"2026-01-17 15:21:49","modified":"2026-01-17 15:21:49","menu_order":0,"mime_type":"application\/pdf","type":"application","subtype":"pdf","icon":"https:\/\/www.slimnica.lv\/wp-includes\/images\/media\/document.png"}},{"nosaukums":"Iepirkumu pl\u0101ns 2025. gadam ar groz\u012bjumiem","datne":{"ID":7526,"id":7526,"title":"Iepirkumu-plans-2025.-gadam_ar-15122025-grozijumiem","filename":"Iepirkumu-plans-2025.-gadam_ar-15122025-grozijumiem.pdf","filesize":401043,"url":"https:\/\/www.slimnica.lv\/wp-content\/uploads\/2025\/05\/Iepirkumu-plans-2025.-gadam_ar-15122025-grozijumiem.pdf","link":"https:\/\/www.slimnica.lv\/lv\/par-mums\/iepirkumi-un-izsoles\/iepirkumu-plani\/iepirkumu-plans-2025-gadam_ar-15122025-grozijumiem\/","alt":"","author":"3","description":"","caption":"","name":"iepirkumu-plans-2025-gadam_ar-15122025-grozijumiem","status":"inherit","uploaded_to":1746,"date":"2025-12-17 10:42:41","modified":"2025-12-17 10:42:41","menu_order":0,"mime_type":"application\/pdf","type":"application","subtype":"pdf","icon":"https:\/\/www.slimnica.lv\/wp-includes\/images\/media\/document.png"}},{"nosaukums":"Iepirkumu pl\u0101ns 2025. gadam","datne":{"ID":7117,"id":7117,"title":"Iepirkumu pl\u0101ns 2025. gadam_final","filename":"Iepirkumu-plans-2025.-gadam_final.pdf","filesize":390025,"url":"https:\/\/www.slimnica.lv\/wp-content\/uploads\/2025\/01\/Iepirkumu-plans-2025.-gadam_final.pdf","link":"https:\/\/www.slimnica.lv\/lv\/par-mums\/iepirkumi-un-izsoles\/iepirkumu-plani\/iepirkumu-plans-2025-gadam_final\/","alt":"","author":"6","description":"","caption":"","name":"iepirkumu-plans-2025-gadam_final","status":"inherit","uploaded_to":1746,"date":"2025-01-22 10:58:37","modified":"2025-01-22 10:58:37","menu_order":0,"mime_type":"application\/pdf","type":"application","subtype":"pdf","icon":"https:\/\/www.slimnica.lv\/wp-includes\/images\/media\/document.png"}},{"nosaukums":"Iepirkumu pl\u0101ns 2024. gadam_ar groz\u012bjumiem","datne":{"ID":7066,"id":7066,"title":"Iepirkumu pl\u0101ns 2024. gadam_ar 28122024 groz\u012bjumiem","filename":"Iepirkumu-plans-2024.-gadam_ar-28122024-grozijumiem.pdf","filesize":385344,"url":"https:\/\/www.slimnica.lv\/wp-content\/uploads\/2025\/01\/Iepirkumu-plans-2024.-gadam_ar-28122024-grozijumiem.pdf","link":"https:\/\/www.slimnica.lv\/lv\/par-mums\/iepirkumi-un-izsoles\/iepirkumu-plani\/iepirkumu-plans-2024-gadam_ar-28122024-grozijumiem\/","alt":"","author":"6","description":"","caption":"","name":"iepirkumu-plans-2024-gadam_ar-28122024-grozijumiem","status":"inherit","uploaded_to":1746,"date":"2025-01-06 13:14:56","modified":"2025-01-06 13:14:56","menu_order":0,"mime_type":"application\/pdf","type":"application","subtype":"pdf","icon":"https:\/\/www.slimnica.lv\/wp-includes\/images\/media\/document.png"}},{"nosaukums":"Iepirkumu pl\u0101ns 2024. gadam - papildin\u0101jums","datne":{"ID":6466,"id":6466,"title":"Iepirkumu pl\u0101ns 2024. gadam_ar 16072024 groz\u012bjumiem","filename":"Iepirkumu-plans-2024.-gadam_ar-16072024-grozijumiem.pdf","filesize":384214,"url":"https:\/\/www.slimnica.lv\/wp-content\/uploads\/2024\/07\/Iepirkumu-plans-2024.-gadam_ar-16072024-grozijumiem.pdf","link":"https:\/\/www.slimnica.lv\/lv\/par-mums\/iepirkumi-un-izsoles\/iepirkumu-plani\/iepirkumu-plans-2024-gadam_ar-16072024-grozijumiem\/","alt":"","author":"6","description":"","caption":"","name":"iepirkumu-plans-2024-gadam_ar-16072024-grozijumiem","status":"inherit","uploaded_to":1746,"date":"2024-07-16 13:14:01","modified":"2024-07-16 13:14:01","menu_order":0,"mime_type":"application\/pdf","type":"application","subtype":"pdf","icon":"https:\/\/www.slimnica.lv\/wp-includes\/images\/media\/document.png"}},{"nosaukums":"Iepirkumu pl\u0101ns 2024. gadam","datne":{"ID":5763,"id":5763,"title":"Iepirkumu pl\u0101ns 2024. gadam_final","filename":"Iepirkumu-plans-2024.-gadam_final.pdf","filesize":386473,"url":"https:\/\/www.slimnica.lv\/wp-content\/uploads\/2024\/01\/Iepirkumu-plans-2024.-gadam_final.pdf","link":"https:\/\/www.slimnica.lv\/lv\/par-mums\/iepirkumi-un-izsoles\/iepirkumu-plani\/iepirkumu-plans-2024-gadam_final\/","alt":"","author":"2","description":"","caption":"","name":"iepirkumu-plans-2024-gadam_final","status":"inherit","uploaded_to":1746,"date":"2024-01-25 11:27:27","modified":"2024-01-25 11:28:39","menu_order":0,"mime_type":"application\/pdf","type":"application","subtype":"pdf","icon":"https:\/\/www.slimnica.lv\/wp-includes\/images\/media\/document.png"}},{"nosaukums":"Iepirkumu pl\u0101ns 2023. gadam","datne":{"ID":5541,"id":5541,"title":"Iepirkumu pl\u0101ns 2023. gadam_ar 14 12 2023 groz\u012bjumiem","filename":"Iepirkumu-plans-2023.-gadam_ar-14-12-2023-grozijumiem.pdf","filesize":386052,"url":"https:\/\/www.slimnica.lv\/wp-content\/uploads\/2023\/12\/Iepirkumu-plans-2023.-gadam_ar-14-12-2023-grozijumiem.pdf","link":"https:\/\/www.slimnica.lv\/lv\/par-mums\/iepirkumi-un-izsoles\/iepirkumu-plani\/iepirkumu-plans-2023-gadam_ar-14-12-2023-grozijumiem\/","alt":"","author":"2","description":"","caption":"","name":"iepirkumu-plans-2023-gadam_ar-14-12-2023-grozijumiem","status":"inherit","uploaded_to":1746,"date":"2023-12-18 08:23:29","modified":"2023-12-18 08:23:29","menu_order":0,"mime_type":"application\/pdf","type":"application","subtype":"pdf","icon":"https:\/\/www.slimnica.lv\/wp-includes\/images\/media\/document.png"}},{"nosaukums":"Iepirkumu pl\u0101ns 2022. gadam","datne":{"ID":1758,"id":1758,"title":"20072022_Iepirkumu_plans_2022_gadam_ar_groz1","filename":"20072022_Iepirkumu_plans_2022_gadam_ar_groz1.pdf","filesize":379467,"url":"https:\/\/www.slimnica.lv\/wp-content\/uploads\/2022\/10\/20072022_Iepirkumu_plans_2022_gadam_ar_groz1.pdf","link":"https:\/\/www.slimnica.lv\/lv\/par-mums\/iepirkumi-un-izsoles\/iepirkumu-plani\/20072022_iepirkumu_plans_2022_gadam_ar_groz1\/","alt":"","author":"1","description":"","caption":"","name":"20072022_iepirkumu_plans_2022_gadam_ar_groz1","status":"inherit","uploaded_to":1746,"date":"2022-10-21 13:34:54","modified":"2022-10-21 13:34:54","menu_order":0,"mime_type":"application\/pdf","type":"application","subtype":"pdf","icon":"https:\/\/www.slimnica.lv\/wp-includes\/images\/media\/document.png"}},{"nosaukums":"Iepirkumu pl\u0101ns 2022. gadam - papildin\u0101jums","datne":{"ID":1757,"id":1757,"title":"Iepirkumuplans2022gargroz082022","filename":"Iepirkumuplans2022gargroz082022.pdf","filesize":1016131,"url":"https:\/\/www.slimnica.lv\/wp-content\/uploads\/2022\/10\/Iepirkumuplans2022gargroz082022.pdf","link":"https:\/\/www.slimnica.lv\/lv\/par-mums\/iepirkumi-un-izsoles\/iepirkumu-plani\/iepirkumuplans2022gargroz082022\/","alt":"","author":"1","description":"","caption":"","name":"iepirkumuplans2022gargroz082022","status":"inherit","uploaded_to":1746,"date":"2022-10-21 13:34:54","modified":"2022-10-21 13:34:54","menu_order":0,"mime_type":"application\/pdf","type":"application","subtype":"pdf","icon":"https:\/\/www.slimnica.lv\/wp-includes\/images\/media\/document.png"}},{"nosaukums":"Iepirkumu pl\u0101ns 2021.gadam","datne":{"ID":1756,"id":1756,"title":"Iepirkumu_pl__ns_2021_ar_groz__jumiem","filename":"Iepirkumu_pl__ns_2021_ar_groz__jumiem.pdf","filesize":256173,"url":"https:\/\/www.slimnica.lv\/wp-content\/uploads\/2022\/10\/Iepirkumu_pl__ns_2021_ar_groz__jumiem.pdf","link":"https:\/\/www.slimnica.lv\/lv\/par-mums\/iepirkumi-un-izsoles\/iepirkumu-plani\/iepirkumu_pl__ns_2021_ar_groz__jumiem\/","alt":"","author":"1","description":"","caption":"","name":"iepirkumu_pl__ns_2021_ar_groz__jumiem","status":"inherit","uploaded_to":1746,"date":"2022-10-21 13:34:54","modified":"2022-10-21 13:34:54","menu_order":0,"mime_type":"application\/pdf","type":"application","subtype":"pdf","icon":"https:\/\/www.slimnica.lv\/wp-includes\/images\/media\/document.png"}},{"nosaukums":"Iepirkumu pl\u0101ns 2020.gadam","datne":{"ID":1755,"id":1755,"title":"Iep_pl20","filename":"Iep_pl20.pdf","filesize":1003535,"url":"https:\/\/www.slimnica.lv\/wp-content\/uploads\/2022\/10\/Iep_pl20.pdf","link":"https:\/\/www.slimnica.lv\/lv\/par-mums\/iepirkumi-un-izsoles\/iepirkumu-plani\/iep_pl20\/","alt":"","author":"1","description":"","caption":"","name":"iep_pl20","status":"inherit","uploaded_to":1746,"date":"2022-10-21 13:34:53","modified":"2022-10-21 13:34:53","menu_order":0,"mime_type":"application\/pdf","type":"application","subtype":"pdf","icon":"https:\/\/www.slimnica.lv\/wp-includes\/images\/media\/document.png"}},{"nosaukums":"Iepirkumu pl\u0101ns 2020.gadam - papildin\u0101jums","datne":{"ID":1754,"id":1754,"title":"iepirkumu_plans_r2s","filename":"iepirkumu_plans_r2s.pdf","filesize":218137,"url":"https:\/\/www.slimnica.lv\/wp-content\/uploads\/2022\/10\/iepirkumu_plans_r2s.pdf","link":"https:\/\/www.slimnica.lv\/lv\/par-mums\/iepirkumi-un-izsoles\/iepirkumu-plani\/iepirkumu_plans_r2s\/","alt":"","author":"1","description":"","caption":"","name":"iepirkumu_plans_r2s","status":"inherit","uploaded_to":1746,"date":"2022-10-21 13:34:53","modified":"2022-10-21 13:34:53","menu_order":0,"mime_type":"application\/pdf","type":"application","subtype":"pdf","icon":"https:\/\/www.slimnica.lv\/wp-includes\/images\/media\/document.png"}},{"nosaukums":"Iepirkumu pl\u0101ns 2019.gadam","datne":{"ID":1753,"id":1753,"title":"Iepirkumu_pla__ns_2019__gadam","filename":"Iepirkumu_pla__ns_2019__gadam.pdf","filesize":1072239,"url":"https:\/\/www.slimnica.lv\/wp-content\/uploads\/2022\/10\/Iepirkumu_pla__ns_2019__gadam.pdf","link":"https:\/\/www.slimnica.lv\/lv\/par-mums\/iepirkumi-un-izsoles\/iepirkumu-plani\/iepirkumu_pla__ns_2019__gadam\/","alt":"","author":"1","description":"","caption":"","name":"iepirkumu_pla__ns_2019__gadam","status":"inherit","uploaded_to":1746,"date":"2022-10-21 13:34:53","modified":"2022-10-21 13:34:53","menu_order":0,"mime_type":"application\/pdf","type":"application","subtype":"pdf","icon":"https:\/\/www.slimnica.lv\/wp-includes\/images\/media\/document.png"}},{"nosaukums":"Iepirkumu pl\u0101ns 2018.gadam","datne":{"ID":1752,"id":1752,"title":"Pla__ns_2018","filename":"Pla__ns_2018.pdf","filesize":1532978,"url":"https:\/\/www.slimnica.lv\/wp-content\/uploads\/2022\/10\/Pla__ns_2018.pdf","link":"https:\/\/www.slimnica.lv\/lv\/par-mums\/iepirkumi-un-izsoles\/iepirkumu-plani\/pla__ns_2018\/","alt":"","author":"1","description":"","caption":"","name":"pla__ns_2018","status":"inherit","uploaded_to":1746,"date":"2022-10-21 13:34:52","modified":"2022-10-21 13:34:52","menu_order":0,"mime_type":"application\/pdf","type":"application","subtype":"pdf","icon":"https:\/\/www.slimnica.lv\/wp-includes\/images\/media\/document.png"}}]},"aioseo_notices":[],"_links":{"self":[{"href":"https:\/\/www.slimnica.lv\/lv\/wp-json\/wp\/v2\/pages\/1746","targetHints":{"allow":["GET"]}}],"collection":[{"href":"https:\/\/www.slimnica.lv\/lv\/wp-json\/wp\/v2\/pages"}],"about":[{"href":"https:\/\/www.slimnica.lv\/lv\/wp-json\/wp\/v2\/types\/page"}],"author":[{"embeddable":true,"href":"https:\/\/www.slimnica.lv\/lv\/wp-json\/wp\/v2\/users\/1"}],"replies":[{"embeddable":true,"href":"https:\/\/www.slimnica.lv\/lv\/wp-json\/wp\/v2\/comments?post=1746"}],"version-history":[{"count":19,"href":"https:\/\/www.slimnica.lv\/lv\/wp-json\/wp\/v2\/pages\/1746\/revisions"}],"predecessor-version":[{"id":8195,"href":"https:\/\/www.slimnica.lv\/lv\/wp-json\/wp\/v2\/pages\/1746\/revisions\/8195"}],"up":[{"embeddable":true,"href":"https:\/\/www.slimnica.lv\/lv\/wp-json\/wp\/v2\/pages\/1685"}],"wp:attachment":[{"href":"https:\/\/www.slimnica.lv\/lv\/wp-json\/wp\/v2\/media?parent=1746"}],"curies":[{"name":"wp","href":"https:\/\/api.w.org\/{rel}","templated":true}]}}