{"id":1760,"date":"2022-10-21T17:26:02","date_gmt":"2022-10-21T14:26:02","guid":{"rendered":"https:\/\/slimnica.lv\/?page_id=1760"},"modified":"2022-12-20T20:42:00","modified_gmt":"2022-12-20T18:42:00","slug":"covid-19","status":"publish","type":"page","link":"https:\/\/www.slimnica.lv\/lv\/par-mums\/iepirkumi-un-izsoles\/covid-19\/","title":{"rendered":"COVID-19"},"content":{"rendered":"","protected":false},"excerpt":{"rendered":"","protected":false},"author":1,"featured_media":0,"parent":1685,"menu_order":32,"comment_status":"closed","ping_status":"closed","template":"","meta":{"_acf_changed":false,"om_disable_all_campaigns":false,"inline_featured_image":false,"_monsterinsights_skip_tracking":false,"_monsterinsights_sitenote_active":false,"_monsterinsights_sitenote_note":"","_monsterinsights_sitenote_category":0,"_uf_show_specific_survey":0,"_uf_disable_surveys":false,"footnotes":""},"class_list":["post-1760","page","type-page","status-publish","hentry"],"acf":{"covid-19_iepirkumi":[{"piegadatajs":"SIA \u201cArbor Medical Korpor\u0101cija\u201d","piegadataja_registracijas_numurs":"40003547099","iepirkuma_prieksmets_apjoms":"Respiratori","ligumcena_eur_bez_pvn":"1684,32","cita_informacija":"Pavadz\u012bme (medic\u012bnas preces)"},{"piegadatajs":"SIA \u201cMEDILINK\u201d","piegadataja_registracijas_numurs":"40003996045","iepirkuma_prieksmets_apjoms":"Dezinfekcijas l\u012bdzek\u013ci, pap\u012bra dvie\u013ci, hal\u0101ti, salvetes, cimdi","ligumcena_eur_bez_pvn":"14 370,60","cita_informacija":"L\u012bgums (medic\u012bnas preces)"},{"piegadatajs":"SIA \"BIOMARK\"","piegadataja_registracijas_numurs":"40103572707","iepirkuma_prieksmets_apjoms":"\u0136irur\u0123isk\u0101s maskas","ligumcena_eur_bez_pvn":"503,78","cita_informacija":"L\u012bgums (medic\u012bnas preces)"},{"piegadatajs":"SIA \"NMS ELPA\u201d","piegadataja_registracijas_numurs":"40003348336","iepirkuma_prieksmets_apjoms":"\u0136irur\u0123isk\u0101s maskas","ligumcena_eur_bez_pvn":"94,08","cita_informacija":"Pavadz\u012bme (medic\u012bnas preces"},{"piegadatajs":"SIA \"R\u012bgas krem\u0101cijas centrs-krematorija\"","piegadataja_registracijas_numurs":"40003809140","iepirkuma_prieksmets_apjoms":"L\u012b\u0137u maisi","ligumcena_eur_bez_pvn":"200,00","cita_informacija":"Pavadz\u012bme"}],"apraksts":"<p><strong>PRE\u010cU UN PAKALPOJUMU IEG\u0100DE COVID -19 IZPLAT\u012aBAS IEROBE\u017dO\u0160ANAI UN \u0100RSTNIEC\u012aBAS PAS\u0100KUMU NODRO\u0160IN\u0100\u0160ANAI \u0100RK\u0100RTAS SITU\u0100CIJAS LAIK\u0100<\/strong><\/p>\n<p>(Ministru kabineta 2020. gada 12. marta r\u012bkojums (prot. Nr. 11 1. \u00a7), \u201cPAR \u0100RK\u0100RT\u0112J\u0100S SITU\u0100CIJAS IZSLUDIN\u0100\u0160ANU\u201d Nr. 103)<\/p>\n"},"aioseo_notices":[],"_links":{"self":[{"href":"https:\/\/www.slimnica.lv\/lv\/wp-json\/wp\/v2\/pages\/1760","targetHints":{"allow":["GET"]}}],"collection":[{"href":"https:\/\/www.slimnica.lv\/lv\/wp-json\/wp\/v2\/pages"}],"about":[{"href":"https:\/\/www.slimnica.lv\/lv\/wp-json\/wp\/v2\/types\/page"}],"author":[{"embeddable":true,"href":"https:\/\/www.slimnica.lv\/lv\/wp-json\/wp\/v2\/users\/1"}],"replies":[{"embeddable":true,"href":"https:\/\/www.slimnica.lv\/lv\/wp-json\/wp\/v2\/comments?post=1760"}],"version-history":[{"count":4,"href":"https:\/\/www.slimnica.lv\/lv\/wp-json\/wp\/v2\/pages\/1760\/revisions"}],"predecessor-version":[{"id":2531,"href":"https:\/\/www.slimnica.lv\/lv\/wp-json\/wp\/v2\/pages\/1760\/revisions\/2531"}],"up":[{"embeddable":true,"href":"https:\/\/www.slimnica.lv\/lv\/wp-json\/wp\/v2\/pages\/1685"}],"wp:attachment":[{"href":"https:\/\/www.slimnica.lv\/lv\/wp-json\/wp\/v2\/media?parent=1760"}],"curies":[{"name":"wp","href":"https:\/\/api.w.org\/{rel}","templated":true}]}}