{"id":1937,"date":"2022-11-05T13:12:09","date_gmt":"2022-11-05T10:12:09","guid":{"rendered":"https:\/\/slimnica.lv\/?page_id=1937"},"modified":"2025-07-04T09:37:51","modified_gmt":"2025-07-04T07:37:51","slug":"biezak-uzdotie-jautajumi","status":"publish","type":"page","link":"https:\/\/www.slimnica.lv\/lv\/pacientiem\/biezak-uzdotie-jautajumi\/","title":{"rendered":"Bie\u017e\u0101k uzdotie jaut\u0101jumi"},"content":{"rendered":"","protected":false},"excerpt":{"rendered":"","protected":false},"author":1,"featured_media":0,"parent":122,"menu_order":11,"comment_status":"closed","ping_status":"closed","template":"","meta":{"_acf_changed":false,"om_disable_all_campaigns":false,"inline_featured_image":false,"_monsterinsights_skip_tracking":false,"_monsterinsights_sitenote_active":false,"_monsterinsights_sitenote_note":"","_monsterinsights_sitenote_category":0,"_uf_show_specific_survey":0,"_uf_disable_surveys":false,"footnotes":""},"class_list":["post-1937","page","type-page","status-publish","hentry"],"acf":{"biezak_uzdotie_jautajumi":[{"jautajums":"K\u0101ds ir pacientu apmekl\u0113juma laiks?","atbilde":"<p>Tuvinieku apciemojumi slimn\u012bc\u0101 ir at\u013cauti, vienlaic\u012bgi ierodoties\u00a0<span style=\"text-decoration: underline;\">vienam<\/span>\u00a0apmekl\u0113t\u0101jam darba dien\u0101s no plkst. 15:00 l\u012bdz 19:00, br\u012bvdien\u0101s no plkst. 14:00 l\u012bdz 16:00, nep\u0101rsniedzot 15 min\u016btes<\/p>\n"},{"jautajums":"Kas j\u0101zina, st\u0101joties stacion\u0101r\u0101 \u2013 kas j\u0101\u0146em l\u012bdzi, ko izsniedz slimn\u012bca un ko nedr\u012bkst \u0146emt l\u012bdzi?","atbilde":"<p><img loading=\"lazy\" decoding=\"async\" class=\"aligncenter wp-image-5322 size-full\" src=\"https:\/\/www.slimnica.lv\/wp-content\/uploads\/2023\/11\/Kas-jazina-pirms-endoprotezesanas-operacijas-stasanas-stacionara.png\" alt=\"\" width=\"1343\" height=\"897\" srcset=\"https:\/\/www.slimnica.lv\/wp-content\/uploads\/2023\/11\/Kas-jazina-pirms-endoprotezesanas-operacijas-stasanas-stacionara.png 1343w, https:\/\/www.slimnica.lv\/wp-content\/uploads\/2023\/11\/Kas-jazina-pirms-endoprotezesanas-operacijas-stasanas-stacionara-300x200.png 300w, https:\/\/www.slimnica.lv\/wp-content\/uploads\/2023\/11\/Kas-jazina-pirms-endoprotezesanas-operacijas-stasanas-stacionara-1024x684.png 1024w\" sizes=\"auto, (max-width: 1343px) 100vw, 1343px\" \/><\/p>\n<h4><span style=\"text-decoration: underline; color: #339966;\"><strong>J\u0101\u0146em l\u012bdzi<\/strong><\/span><\/h4>\n<ul>\n<li>Personu apliecino\u0161s dokuments.<\/li>\n<li>Izzi\u0146a vai apliec\u012bba, kas paredz atlaides medic\u012bnas pakalpojumu apmaksai (tr\u016bc\u012bgo statusa apliecino\u0161s dokuments, invalidit\u0101tes grupu apliecino\u0161s dokuments, repres\u0113to apliec\u012bba u.c.).<\/li>\n<li>\u0122imenes \u0101rsta vai \u0101rsta speci\u0101lista nos\u016bt\u012bjums (veidne 027\/u).<\/li>\n<li>\u0100rstu kons\u012blija sl\u0113dziens.<\/li>\n<\/ul>\n<p><strong>Person\u012bg\u0101s higi\u0113nas piederumi<\/strong><\/p>\n<ul>\n<li>Ziepes, s\u016bklis, \u0161amp\u016bns, dezodorants, \u0101das kop\u0161anas l\u012bdzek\u013ci.<\/li>\n<li>Matu \u0137emme vai suka.<\/li>\n<li>Zobu birste, pasta, prot\u0113\u017eu pastu.<\/li>\n<li>\u012apa\u0161\u0101s vajadz\u012bbas higi\u0113nas preces.<\/li>\n<li>Ausu aizb\u0101\u017e\u0146us, ja t\u0101dus lietojat.<\/li>\n<li>Sk\u016b\u0161an\u0101s piederumi.<\/li>\n<li>\u0112rts ap\u0123\u0113rbs (treni\u0146bikses, T-krekls, \u0113rta apak\u0161ve\u013ca, nakts ve\u013ca, ze\u0137es, \u010d\u012bbas ar gumijas zoli vai botas, lai nov\u0113rstu sl\u012bd\u0113\u0161anu).<\/li>\n<li>Brilles, ja t\u0101da lietojat.<\/li>\n<li>Mobil\u0101 t\u0101lru\u0146a l\u0101d\u0113t\u0101js, austi\u0146as.<\/li>\n<li>Soma person\u012bgo mantu glab\u0101\u0161anai un transport\u0113\u0161anai.<\/li>\n<li>0,5l \u016bdens pudele.<\/li>\n<\/ul>\n<p><strong>Kru\u0137i<\/strong> (2 gb.)<\/p>\n<p><strong>Josta<\/strong> (1 &#8211; 1.5m, austa auduma)<\/p>\n<p><strong>\u012apa\u0161\u0101s vajadz\u012bbas medikamenti <\/strong>ori\u0123in\u0101laj\u0101 iepakojum\u0101, ja tos noz\u012bm\u0113jis \u0101rsts un tie tiek regul\u0101ri lietoti.<\/p>\n<p>Ikdien\u0101 lietojamo z\u0101\u013cu saraksts, nor\u0101dot to nosaukumu, devas, lieto\u0161anas bie\u017eumu.<\/p>\n<hr \/>\n<h4><span style=\"text-decoration: underline; color: #ffcc00;\"><strong>Slimn\u012bca izsniedz<\/strong><\/span><\/h4>\n<ul>\n<li>Portat\u012bvais dators (maksas pakalpojums).<\/li>\n<li>Dvielis.<\/li>\n<li>Kr\u016bze, karote.<\/li>\n<li>Staig\u0101\u0161anas r\u0101mis.<\/li>\n<\/ul>\n<hr \/>\n<h4><span style=\"text-decoration: underline; color: #ff0000;\"><strong>Nedr\u012bkst \u0146emt l\u012bdzi<\/strong><\/span><\/h4>\n<p><strong>Juvelierizstr\u0101d\u0101jumus.<\/strong><\/p>\n<p><strong>V\u0113rt\u012bgas mantas.<\/strong><\/p>\n<p><strong>Naudas summu, kas b\u016btiski p\u0101rsniedz pl\u0101not\u0101s oper\u0101cijas maksu \/ uztur\u0113\u0161an\u0101s maksu slimn\u012bc\u0101.<\/strong><\/p>\n<p>Ja neesat p\u0101rliecin\u0101ts vai manta b\u016bs nepiecie\u0161ama, vai n\u0113 \u2013 tad atst\u0101jiet to m\u0101j\u0101s.<\/p>\n<p><strong>Pirms oper\u0101cijas br\u012bdin\u0101t \u0137irurgu\/ anesteziologu par:<\/strong><\/p>\n<ul>\n<li>\u0136erme\u0146a modifik\u0101cijas implantiem,<\/li>\n<li>Medic\u012bniskiem implantiem un to atra\u0161an\u0101s vietu, ja t\u0101di ir,<\/li>\n<li>Sirds stimulatoriem, ja t\u0101di ir.<\/li>\n<\/ul>\n<p><strong>Pirms oper\u0101cijas no\u0146emt un neuzkl\u0101t kosm\u0113tiku<\/strong><\/p>\n<p><strong>Pirms oper\u0101cijas no\u0146emt:<\/strong><\/p>\n<ul>\n<li>Juvelierizstr\u0101d\u0101jumus (gredzenus, rokasspr\u0101dzes, pulksteni, auskarus, kakla rotas, \u0137\u0113d\u012btes).<\/li>\n<\/ul>\n<p><strong>Pirms oper\u0101cijas iz\u0146emt:<\/strong><\/p>\n<ul>\n<li>p\u012brsingu no m\u0113les, l\u016bp\u0101m, deguna un cit\u0101m \u0137erme\u0146a da\u013c\u0101m;<\/li>\n<li>zobu prot\u0113zes;<\/li>\n<li>kontaktl\u0113cas.<\/li>\n<\/ul>\n"},{"jautajums":"K\u0101 sagatavoties konsult\u0101cijai ar \u0101rstu par osteoporozi vai cit\u0101m kaulu vielmai\u0146as slim\u012bb\u0101m?","atbilde":"<p>1. L\u012bdzi j\u0101\u0146em <strong>visu<\/strong> pa\u0161reiz lietojamo medikamentu, p\u0101rtikas piedevu, vitam\u012bnu un miner\u0101lvielu (it \u012bpa\u0161i D3 vitam\u012bna un kalcija) nosaukumus un to devas vai z\u0101\u013cu stiprumu.<\/p>\n<p>2. L\u012bdzi j\u0101\u0146em osteodensitometrijas (DXA) jeb kaulu bl\u012bvuma izmekl\u0113juma un sl\u0113dziena ori\u0123in\u0101ls, ja t\u0101ds tika veikts. V\u0113lams \u0146emt visus veiktos kaulu bl\u012bvuma izmekl\u0113jumus kop\u0101 ar sl\u0113dzieniem (un ar\u012b to kopijas).<\/p>\n<p>3. L\u012bdzi j\u0101\u0146em asins anal\u012b\u017eu rezult\u0101ti (ne vec\u0101kus k\u0101 6 m\u0113ne\u0161us pirms viz\u012btes): D3 vitam\u012bns, kalcijs, fosfors, kreatin\u012bns, ALAT, s\u0101rmain\u0101 fosfot\u0101ze, tireotropais hormons (TSH), glikoze, piln\u0101 asins aina ar EG\u0100. \u0160o anal\u012b\u017eu nos\u016bt\u012bjumu uz laboratoriju var izrakst\u012bt \u0123imenes \u0101rsts vai pacients pats var v\u0113rsties laboratorij\u0101 bez nos\u016bt\u012bjuma.<\/p>\n<p>4. Pa\u0146emiet l\u012bdzi ar\u012b izrakstus no slimn\u012bc\u0101m un stacion\u0101riem, apmekl\u0113to \u0101rstu speci\u0101listu konsult\u0101cij\u0101m (sevi\u0161\u0137i svar\u012bgi ir reimatologa, nefrologa, traumatologa, vertebrologa un endokrinologa sl\u0113dzieni, ja t\u0101di ir), veikto cita veida izmekl\u0113jumu kopijas, piem\u0113ram, fibrogastroskopijas, ultrasonogr\u0101fijas, muguras skrieme\u013cu rentgenogr\u0101fijas dati un magn\u0113tisk\u0101s rezonanses vai datortomogr\u0101fijas dati un citi, ja t\u0101di veikti.<\/p>\n<p>5. Ja ir noticis kaulu l\u016bzums, nepiecie\u0161ami izmekl\u0113jumu sl\u0113dzieni, kas apliecina l\u016bzumu esam\u012bbu.<\/p>\n<p>6. Ja osteoporoze jau iepriek\u0161 ir \u0101rst\u0113ta, tad pacientam j\u0101zina iepriek\u0161 lietoto z\u0101\u013cu nosaukums un lieto\u0161anas ilgums (t.sk., ja osteoporozei sa\u0146emta \u0101rst\u0113\u0161ana ar injic\u0113jamiem medikamentiem, j\u0101zina p\u0113d\u0113j\u0101s injekcijas vai intravenoz\u0101s ievades datums (vismaz m\u0113nesis un gads).<\/p>\n<p>26.11.2023. sagatavojusi LOKMSA darba grupa.<\/p>\n<p>&nbsp;<\/p>\n"},{"jautajums":"Vai slimn\u012bc\u0101 ir iesp\u0113jams sa\u0146emt diennakts pal\u012bdz\u012bbu?","atbilde":"<p>J\u0101, R\u012bgas 2. slimn\u012bc\u0101 ir pieejama 24\/7 neatliekam\u0101 pal\u012bdz\u012bba pieaugu\u0161ajiem.<\/p>\n"},{"jautajums":"No cik gadu vecuma var veikt izmekl\u0113jumus?","atbilde":"<p>R\u012bgas 2. slimn\u012bc\u0101 pakalpojumus var sa\u0146emt no 18 gadu vecuma.<\/p>\n"},{"jautajums":"K\u0101dos gad\u012bjumos v\u0113rsties R\u012bgas 2. slimn\u012bc\u0101?","atbilde":"<p>R\u012bgas 2. slimn\u012bca ir specializ\u0113jusies traumatolo\u0123ij\u0101 un ortop\u0113dij\u0101.<\/p>\n<p>Galvenie slimn\u012bcas sniegtie pakalpojumi: 24\/7 neatliekam\u0101 pal\u012bdz\u012bba, ambulator\u0101 pal\u012bdz\u012bba, stacion\u0101r\u0101 pal\u012bdz\u012bba.<\/p>\n"},{"jautajums":"Vai slimn\u012bc\u0101 ir iesp\u0113jams veikt magn\u0113tisko rezonansi?","atbilde":"<p>R\u012bgas 2. slimn\u012bcas polikl\u012bnika\u00a0<strong>nepied\u0101v\u0101 magn\u0113tisk\u0101s rezonanses izmekl\u0113jumus<\/strong>! Inform\u0101ciju par pieejam\u0101ko medic\u012bnas iest\u0101di, kur tiek veikts izmekl\u0113jums, mekl\u0113jiet port\u0101l\u0101\u00a0<a href=\"http:\/\/rindapiearsta.lv\/lv\/mekle_isako\" data-cke-saved-href=\"http:\/\/rindapiearsta.lv\/lv\/mekle_isako\">www.rindapiearsta.lv<\/a>.<\/p>\n"},{"jautajums":"Vai R\u012bgas 2. slimn\u012bc\u0101 ir pieejams vertebrologs?","atbilde":"<p>N\u0113, slimn\u012bca nepied\u0101v\u0101 vertebrologa pakalpojumus.<\/p>\n"},{"jautajums":"K\u0101das endoprotez\u0113\u0161anas oper\u0101cijas veic slimn\u012bc\u0101?","atbilde":"<p>R\u012bgas 2. slimn\u012bc\u0101 veic tikai apak\u0161\u0113jo ekstremit\u0101\u0161u, t.i., k\u0101ju, \u2013 ce\u013cu un g\u016b\u017eu loc\u012btavu \u2013 endoprotez\u0113\u0161anu.<\/p>\n"},{"jautajums":"Kad var b\u016bt nepiecie\u0161ama pl\u0101nveida konsult\u0101cija pie traumatologa?","atbilde":"<p><strong>Iepl\u0101nojiet viz\u012bti pie traumatologa, ortop\u0113da \u0161\u0101dos gad\u012bjumos:<\/strong><\/p>\n<ul>\n<li aria-level=\"1\">kontrole p\u0113c traumas \u2013 kaulu l\u016bzumiem, loc\u012btavas boj\u0101jumiem, sai\u0161u vai c\u012bpslu boj\u0101jumiem vai sasitumiem;<\/li>\n<li aria-level=\"1\">ja ir balsta un kust\u012bbu apar\u0101ta (kaulu un loc\u012btavu) hroniskas slim\u012bbas;<\/li>\n<li aria-level=\"1\">ja ir s\u0101pes p\u0113d\u0101s, ce\u013cos, g\u016b\u017e\u0101s, plecos, plaukst\u0101s vai cit\u0101s loc\u012btav\u0101s;<\/li>\n<li aria-level=\"1\">ja ir loc\u012btavu hroniskas s\u0101pes, deform\u0101cija, artroze;<\/li>\n<li aria-level=\"1\">ja ir nestabilit\u0101te ce\u013ca, pleca, p\u0113das loc\u012btav\u0101;<\/li>\n<li aria-level=\"1\">ja ir c\u012bpslu, sai\u0161u vai musku\u013cu boj\u0101jumi;<\/li>\n<li aria-level=\"1\">ja ir plaukstas, pirkstu trauma, s\u0101pes;<\/li>\n<li aria-level=\"1\">ja ir sare\u017e\u0123\u012bjumi p\u0113c traumas, nepiecie\u0161ama oper\u0101cija;<\/li>\n<li aria-level=\"1\">ja ir nepiecie\u0161ama implanta iz\u0146em\u0161ana p\u0113c saaugu\u0161a l\u016bzuma;<\/li>\n<li aria-level=\"1\">ja ir nepiecie\u0161ama g\u016b\u017eas vai ce\u013ca loc\u012btavas endoprotez\u0113\u0161ana;<\/li>\n<li aria-level=\"1\">ja ir nepiecie\u0161ama ce\u013ca loc\u012btavas artroskopija;<\/li>\n<li aria-level=\"1\">ja ir nepiecie\u0161ama p\u0113das deform\u0101cijas kori\u0123\u0113jo\u0161a oper\u0101cija;<\/li>\n<li aria-level=\"1\">ja ir nepiecie\u0161ams veikt medikamentu ievad\u012b\u0161anu loc\u012btav\u0101 (veikt blok\u0101di).<\/li>\n<\/ul>\n"},{"jautajums":"K\u0101 notiek viz\u012bte pie traumatologa?","atbilde":"<p>\u0100rsta sarun\u0101 ar pacientu tiek noskaidrotas s\u016bdz\u012bbas, veikta izmekl\u0113\u0161ana, izskat\u012bti l\u012bdzpa\u0146emtie izmekl\u0113jumi un preciz\u0113ta diagnoze. Ja nepiecie\u0161ams, \u0101rsts noz\u012bm\u0113 papildus izmekl\u0113jumus, manipul\u0101cijas, medikamentozu terapiju, fizioterapiju vai nos\u016bta pacientu konsult\u0113ties pie citiem speci\u0101listiem, k\u0101 ar\u012b vienojas par n\u0101kamo viz\u012bti.<\/p>\n<p><b>Iesp\u0113jamie papildus izmekl\u0113jumi:<\/b><\/p>\n<ul>\n<li aria-level=\"1\">rentgens,<\/li>\n<li aria-level=\"1\">ultrasonogr\u0101fija,<\/li>\n<li aria-level=\"1\">datortomogr\u0101fija,<\/li>\n<li aria-level=\"1\">u.c.<\/li>\n<\/ul>\n"}]},"aioseo_notices":[],"_links":{"self":[{"href":"https:\/\/www.slimnica.lv\/lv\/wp-json\/wp\/v2\/pages\/1937","targetHints":{"allow":["GET"]}}],"collection":[{"href":"https:\/\/www.slimnica.lv\/lv\/wp-json\/wp\/v2\/pages"}],"about":[{"href":"https:\/\/www.slimnica.lv\/lv\/wp-json\/wp\/v2\/types\/page"}],"author":[{"embeddable":true,"href":"https:\/\/www.slimnica.lv\/lv\/wp-json\/wp\/v2\/users\/1"}],"replies":[{"embeddable":true,"href":"https:\/\/www.slimnica.lv\/lv\/wp-json\/wp\/v2\/comments?post=1937"}],"version-history":[{"count":19,"href":"https:\/\/www.slimnica.lv\/lv\/wp-json\/wp\/v2\/pages\/1937\/revisions"}],"predecessor-version":[{"id":7581,"href":"https:\/\/www.slimnica.lv\/lv\/wp-json\/wp\/v2\/pages\/1937\/revisions\/7581"}],"up":[{"embeddable":true,"href":"https:\/\/www.slimnica.lv\/lv\/wp-json\/wp\/v2\/pages\/122"}],"wp:attachment":[{"href":"https:\/\/www.slimnica.lv\/lv\/wp-json\/wp\/v2\/media?parent=1937"}],"curies":[{"name":"wp","href":"https:\/\/api.w.org\/{rel}","templated":true}]}}