{"id":2217,"date":"2022-12-20T13:32:11","date_gmt":"2022-12-20T11:32:11","guid":{"rendered":"https:\/\/slimnica.lv\/?page_id=2217"},"modified":"2024-05-31T07:22:16","modified_gmt":"2024-05-31T05:22:16","slug":"vesture","status":"publish","type":"page","link":"https:\/\/www.slimnica.lv\/lv\/par-mums\/kas-mes-esam\/vesture\/","title":{"rendered":"Slimn\u012bcas v\u0113sture"},"content":{"rendered":"<p><div class=\"vakances_page\"><div class=\"vakances_wrap mb-0\"><div class=\"single_vakance\"><a class=\"single_vakance_btn\" data-bs-toggle=\"collapse\" href=\"#buj_2021\" role=\"button\" aria-expanded=\"false\" aria-controls=\"buj_2021\"><h4 class=\"mb-0\">2021<\/h4><i class=\"fa-solid fa-chevron-right\"><\/i><\/a><div class=\"collapse\" id=\"buj_2021\"><div class=\"vakance_content\"><\/p>\n<p>\u012aslaic\u012bga p\u0101rprofil\u0113\u0161ana par Covid-19 stacion\u0101ru ar 150 gultas viet\u0101m.<\/p>\n<p><\/div><\/div><\/div><\/div><\/div><\/p>\n<div class=\"vakances_page\"><div class=\"vakances_wrap mb-0\"><div class=\"single_vakance\"><a class=\"single_vakance_btn\" data-bs-toggle=\"collapse\" href=\"#buj_2015\" role=\"button\" aria-expanded=\"false\" aria-controls=\"buj_2015\"><h4 class=\"mb-0\">2015<\/h4><i class=\"fa-solid fa-chevron-right\"><\/i><\/a><div class=\"collapse\" id=\"buj_2015\"><div class=\"vakance_content\"><\/p>\n<p>Saska\u0146\u0101 ar R\u012bgas pils\u0113tas pa\u0161vald\u012bbas tie\u0161\u0101s l\u012bdzdal\u012bbas kapit\u0101lsabiedr\u012bbas izv\u0113rt\u0113jumu, kas apstiprin\u0101ts ar R\u012bgas domes 15.12.2015. l\u0113mumu Nr. 3345, SIA &#8220;R\u012bgas 2. slimn\u012bca&#8221; visp\u0101r\u0113jais strat\u0113\u0123iskais m\u0113r\u0137is ir sniegt stacion\u0101ros un ambulatoros (tai skaita vesel\u012bbas apr\u016bpe m\u0101j\u0101s) vesel\u012bbas apr\u016bpes pakalpojumus un soci\u0101l\u0101 darba pakalpojumus R\u012bgas pils\u0113tas administrat\u012bvaj\u0101 teritorij\u0101 un veicin\u0101t R\u012bgas pils\u0113tas iedz\u012bvot\u0101ju vesel\u012bgu dz\u012bvesveidu.<\/p>\n<p><\/div><\/div><\/div><\/div><\/div>\n<div class=\"vakances_page\"><div class=\"vakances_wrap mb-0\"><div class=\"single_vakance\"><a class=\"single_vakance_btn\" data-bs-toggle=\"collapse\" href=\"#buj_2004\" role=\"button\" aria-expanded=\"false\" aria-controls=\"buj_2004\"><h4 class=\"mb-0\">2004<\/h4><i class=\"fa-solid fa-chevron-right\"><\/i><\/a><div class=\"collapse\" id=\"buj_2004\"><div class=\"vakance_content\"><\/p>\n<p>2004. gada 1. novembr\u012b R\u012bgas 2. slimn\u012bca tiek re\u0123istr\u0113ta komercre\u0123istr\u0101 k\u0101 R\u012bgas pa\u0161vald\u012bbas sabiedr\u012bba ar ierobe\u017eotu atbild\u012bbu, 2016. gada 11. janv\u0101r\u012b \u2013 SIA &#8220;R\u012bgas 2. slimn\u012bca&#8221;.<\/p>\n<p><\/div><\/div><\/div><\/div><\/div>\n<div class=\"vakances_page\"><div class=\"vakances_wrap mb-0\"><div class=\"single_vakance\"><a class=\"single_vakance_btn\" data-bs-toggle=\"collapse\" href=\"#buj_2001\" role=\"button\" aria-expanded=\"false\" aria-controls=\"buj_2001\"><h4 class=\"mb-0\">2001<\/h4><i class=\"fa-solid fa-chevron-right\"><\/i><\/a><div class=\"collapse\" id=\"buj_2001\"><div class=\"vakance_content\"><\/p>\n<p>2001. gad\u0101 slimn\u012bca ir sertific\u0113ta Vesel\u012bbas statistikas un medic\u012bnas tehnolo\u0123iju a\u0123ent\u016br\u0101, t\u0101 atbilst Ministru kabineta 2009. gada 20. janv\u0101ra noteikumiem Nr.60 \u201cNoteikumi par oblig\u0101taj\u0101m pras\u012bb\u0101m \u0101rstniec\u012bbas iest\u0101d\u0113m un to strukt\u016brvien\u012bb\u0101m\u201d.<\/p>\n<p><\/div><\/div><\/div><\/div><\/div>\n<div class=\"vakances_page\"><div class=\"vakances_wrap mb-0\"><div class=\"single_vakance\"><a class=\"single_vakance_btn\" data-bs-toggle=\"collapse\" href=\"#buj_1959\" role=\"button\" aria-expanded=\"false\" aria-controls=\"buj_1959\"><h4 class=\"mb-0\">1959<\/h4><i class=\"fa-solid fa-chevron-right\"><\/i><\/a><div class=\"collapse\" id=\"buj_1959\"><div class=\"vakance_content\"><\/p>\n<p>Kop\u0161 1959. gada gai\u0161aj\u0101 piecst\u0101vu celtn\u0113 rit slimn\u012bcas ikdiena. \u0112kai saglab\u0101ts v\u0113sturiski \u0101r\u0113jais veidols. Telpas rekonstru\u0113tas, to izvietojums main\u012bts. Veikti daudzi p\u0101rveidojumi, lai sekm\u012bgi var\u0113tu str\u0101d\u0101t medi\u0137u kolekt\u012bvs un labi justos pacienti.<\/p>\n<p><\/div><\/div><\/div><\/div><\/div>\n<div class=\"vakances_page\"><div class=\"vakances_wrap mb-0\"><div class=\"single_vakance\"><a class=\"single_vakance_btn\" data-bs-toggle=\"collapse\" href=\"#buj_1911\" role=\"button\" aria-expanded=\"false\" aria-controls=\"buj_1911\"><h4 class=\"mb-0\">1911<\/h4><i class=\"fa-solid fa-chevron-right\"><\/i><\/a><div class=\"collapse\" id=\"buj_1911\"><div class=\"vakance_content\"><\/p>\n<p>\u0112ka, kur\u0101 pa\u0161laik \u0101rstniecisko darb\u012bbu veic R\u012bgas 2. slimn\u012bca, celta 1911. gad\u0101. Vispirms \u0161eit bijis pansion\u0101ts tr\u016bc\u012bgajiem R\u012bgas iedz\u012bvot\u0101jiem, v\u0113l\u0101k vair\u0101kus gadus darbojies kara hospit\u0101lis.<\/p>\n<p><\/div><\/div><\/div><\/div><\/div>\n<div class=\"vakances_page\"><div class=\"vakances_wrap mb-0\"><div class=\"single_vakance\"><a class=\"single_vakance_btn\" data-bs-toggle=\"collapse\" href=\"#buj_specialistu-izaugsmes-vieta\" role=\"button\" aria-expanded=\"false\" aria-controls=\"buj_specialistu-izaugsmes-vieta\"><h4 class=\"mb-0\">Speci\u0101listu izaugsmes vieta<\/h4><i class=\"fa-solid fa-chevron-right\"><\/i><\/a><div class=\"collapse\" id=\"buj_specialistu-izaugsmes-vieta\"><div class=\"vakance_content\">\n<p>\u0100rstes Skaidr\u012btes \u0160\u016btavas st\u0101st\u012bjumos g\u016btas interesantas zi\u0146as par slimn\u012bcas darb\u012bbu no t\u0101s pirms\u0101kumiem. Pirmais galvenais \u0101rsts bijis profesors <strong>Vilis Purmalis <\/strong>(1927\u20131989), kur\u0161 piem\u0113rojis \u0113kas telpas slimn\u012bcas vajadz\u012bb\u0101m. \u0100rstniec\u012bbu turpin\u0101jis att\u012bst\u012bt otrs galvenais \u0101rsts <strong>Filips Sagalovskis<\/strong>. No slimn\u012bcas atv\u0113r\u0161anas dienas l\u012bdz aizie\u0161anai pensij\u0101, \u0161eit str\u0101d\u0101ja viena no slaven\u0101kaj\u0101m terapeit\u0113m Latvij\u0101 &#8211; <strong>Skaidr\u012bte Valdovska<\/strong>, kuras darbu atzin\u012bgi v\u0113rt\u0113ja gan vald\u012bba, gan pacienti.<\/p>\n<p>Medic\u012bnas studentu praksi vad\u012bjis pasaul\u0113 paz\u012bstamais profesors <strong>Eduards \u017deidurs <\/strong>(1918-1987). Profesors ieviesis elast\u012bgas un saspriegtas konstrukcijas traumatolo\u0123ij\u0101 un ortop\u0113dij\u0101, public\u0113jis ap 100 zin\u0101tniskajiem darbiem. Slimn\u012bc\u0101 praktiz\u0113ju\u0161i un v\u0113l\u0101k par vado\u0161iem speci\u0101listiem medic\u012bnas jom\u0101 k\u013cuvu\u0161i vair\u0101ki slimn\u012bcas biju\u0161ie \u0101rsti. Piem\u0113ram, <strong>dr. Art\u016brs Blaus<\/strong>, <strong>dr.<\/strong> <strong>Andrejs Ska\u0123ers<\/strong>, <strong>dr. Zigmunds Kova\u013c\u010duks<\/strong>, <strong>dr.<\/strong> <strong>Valdis Zatlers<\/strong>, <strong>dr.<\/strong> <strong>Valdis Andersons<\/strong> un citi.<\/p>\n<p><\/div><\/div><\/div><\/div><\/div><\/p>","protected":false},"excerpt":{"rendered":"","protected":false},"author":2,"featured_media":0,"parent":131,"menu_order":27,"comment_status":"closed","ping_status":"closed","template":"","meta":{"_acf_changed":false,"om_disable_all_campaigns":false,"inline_featured_image":false,"_monsterinsights_skip_tracking":false,"_monsterinsights_sitenote_active":false,"_monsterinsights_sitenote_note":"","_monsterinsights_sitenote_category":0,"_uf_show_specific_survey":0,"_uf_disable_surveys":false,"footnotes":""},"class_list":["post-2217","page","type-page","status-publish","hentry"],"acf":[],"aioseo_notices":[],"_links":{"self":[{"href":"https:\/\/www.slimnica.lv\/lv\/wp-json\/wp\/v2\/pages\/2217","targetHints":{"allow":["GET"]}}],"collection":[{"href":"https:\/\/www.slimnica.lv\/lv\/wp-json\/wp\/v2\/pages"}],"about":[{"href":"https:\/\/www.slimnica.lv\/lv\/wp-json\/wp\/v2\/types\/page"}],"author":[{"embeddable":true,"href":"https:\/\/www.slimnica.lv\/lv\/wp-json\/wp\/v2\/users\/2"}],"replies":[{"embeddable":true,"href":"https:\/\/www.slimnica.lv\/lv\/wp-json\/wp\/v2\/comments?post=2217"}],"version-history":[{"count":10,"href":"https:\/\/www.slimnica.lv\/lv\/wp-json\/wp\/v2\/pages\/2217\/revisions"}],"predecessor-version":[{"id":6312,"href":"https:\/\/www.slimnica.lv\/lv\/wp-json\/wp\/v2\/pages\/2217\/revisions\/6312"}],"up":[{"embeddable":true,"href":"https:\/\/www.slimnica.lv\/lv\/wp-json\/wp\/v2\/pages\/131"}],"wp:attachment":[{"href":"https:\/\/www.slimnica.lv\/lv\/wp-json\/wp\/v2\/media?parent=2217"}],"curies":[{"name":"wp","href":"https:\/\/api.w.org\/{rel}","templated":true}]}}