{"id":2624,"date":"2022-12-23T18:40:56","date_gmt":"2022-12-23T16:40:56","guid":{"rendered":"https:\/\/slimnica.lv\/?page_id=2624"},"modified":"2024-09-10T07:23:57","modified_gmt":"2024-09-10T05:23:57","slug":"apmekletaju-aptaujas-anketas","status":"publish","type":"page","link":"https:\/\/www.slimnica.lv\/lv\/pacientiem\/apmekletaju-aptaujas-anketas\/","title":{"rendered":"Stacion\u0101ra pacientu pieredzes aptauja"},"content":{"rendered":"<p><\/p>\n<h5><strong>Piedalies pacientu pieredzes aptauj\u0101 un veido lab\u0101ku r\u012btdienu kop\u0101 ar mums!<\/strong><\/h5>\n<p>M\u0113s, R\u012bgas 2. slimn\u012bca, esam ap\u0146\u0113mu\u0161ies sniegt augst\u0101k\u0101s kvalit\u0101tes vesel\u012bbas apr\u016bpi, un j\u016bsu atgriezenisk\u0101 saite ir m\u016bsu pakalpojumu uzlabo\u0161anas pamat\u0101. Piedalieties m\u016bsu pacientu pieredzes aptauj\u0101 un pal\u012bdziet mums veidot vesel\u012bg\u0101ku r\u012btdienu!<\/p>\n<p><strong>K\u0101p\u0113c j\u016bsu viedoklis ir svar\u012bgs?<\/strong><\/p>\n<ul>\n<li><strong>Uzlabojumi, kas balst\u012bti uz j\u016bsu viedokli:<\/strong> J\u016bsu atsauksmes pal\u012bdz mums saprast, ko m\u0113s dar\u0101m labi un ko m\u0113s varam uzlabot.<\/li>\n<li><strong>Atzin\u012bba person\u0101lam:<\/strong> T\u0101 ir ar\u012b j\u016bsu iesp\u0113ja pateikties medic\u012bnas person\u0101lam, kuri ikdien\u0101 r\u016bp\u0113jas par j\u016bsu labkl\u0101j\u012bbu.<\/li>\n<li><strong>Kvalit\u0101tes cel\u0161ana:<\/strong> J\u016bsu iesaiste pal\u012bdz slimn\u012bcai sasniegt augst\u0101kus vesel\u012bbas apr\u016bpes standartus.<\/li>\n<\/ul>\n<p><strong>K\u0101 piedal\u012bties aptauj\u0101?<\/strong><\/p>\n<ol>\n<li><strong>L\u012bguma parakst\u012b\u0161ana:<\/strong> Iest\u0101joties stacion\u0101r\u0101 un parakstot l\u012bgumu par vesel\u012bbas apr\u016bpes pakalpojumiem, piekri\u0161anu dal\u012bbai pacientu pieredzes aptauj\u0101 j\u016bs apliecin\u0101t ar savu parakstu l\u012bgum\u0101 noteikt\u0101 viet\u0101;<\/li>\n<li><strong>Saites sa\u0146em\u0161ana:<\/strong> P\u0113c izrakst\u012b\u0161an\u0101s no slimn\u012bcas, jums tiks nos\u016bt\u012bta saiti uz aptauju, kuru var\u0113siet aizpild\u012bt sev \u0113rt\u0101 laik\u0101;<\/li>\n<li><strong>Anonimit\u0101te<\/strong>: Aptauja ir <strong>piln\u012bgi anon\u012bma,<\/strong> un j\u016bs varat p\u0101rtraukt dal\u012bbu jebkur\u0101 br\u012bd\u012b;<\/li>\n<li><strong>Aizpild\u012b\u0161anas ilgums<\/strong>: Aptauju ir iesp\u0113jams aizpild\u012bt pa da\u013c\u0101m, 30 dienu laik\u0101;<\/li>\n<li><strong>Pacienta p\u0101rst\u0101vji<\/strong>: Aptauju aizpild\u012bt dr\u012bkst ar\u012b pacienta p\u0101rst\u0101vis.<\/li>\n<\/ol>\n<h4><\/h4>\n<p><strong>Papildu inform\u0101cija:<\/strong><\/p>\n<p>Uzziniet vair\u0101k par pacientu pieredzes m\u0113r\u012bjumiem un k\u0101 j\u016bsu iesaiste pal\u012bdz veidot lab\u0101ku vesel\u012bbas apr\u016bpi, apmekl\u0113jot SPKC m\u0101jaslapu:<a href=\"https:\/\/www.spkc.gov.lv\/lv\/pacientu-pieredzes-merijumi-0\" rel=\"nofollow noopener\" target=\"_blank\"><strong> \u0160EIT<\/strong><\/a><\/p>\n<p>&nbsp;<\/p>\n<h4>J\u016bsu atsauksmes ir v\u0113rt\u012bgas, un m\u0113s nov\u0113rt\u0113jam katru atbildi.<\/h4>\n<p><\/p>","protected":false},"excerpt":{"rendered":"<p>Piedalies pacientu pieredzes aptauj\u0101 un veido lab\u0101ku r\u012btdienu kop\u0101 ar mums! M\u0113s, R\u012bgas 2. slimn\u012bca, esam ap\u0146\u0113mu\u0161ies sniegt augst\u0101k\u0101s kvalit\u0101tes vesel\u012bbas apr\u016bpi, un j\u016bsu atgriezenisk\u0101 saite ir m\u016bsu pakalpojumu uzlabo\u0161anas pamat\u0101. Piedalieties m\u016bsu pacientu pieredzes aptauj\u0101 un pal\u012bdziet mums veidot vesel\u012bg\u0101ku r\u012btdienu! K\u0101p\u0113c j\u016bsu viedoklis ir svar\u012bgs? Uzlabojumi, kas balst\u012bti uz j\u016bsu viedokli: J\u016bsu atsauksmes [&hellip;]<\/p>\n","protected":false},"author":1,"featured_media":0,"parent":122,"menu_order":18,"comment_status":"closed","ping_status":"closed","template":"","meta":{"_acf_changed":false,"om_disable_all_campaigns":false,"inline_featured_image":false,"_monsterinsights_skip_tracking":false,"_monsterinsights_sitenote_active":false,"_monsterinsights_sitenote_note":"","_monsterinsights_sitenote_category":0,"_uf_show_specific_survey":0,"_uf_disable_surveys":false,"footnotes":""},"class_list":["post-2624","page","type-page","status-publish","hentry"],"acf":[],"aioseo_notices":[],"_links":{"self":[{"href":"https:\/\/www.slimnica.lv\/lv\/wp-json\/wp\/v2\/pages\/2624","targetHints":{"allow":["GET"]}}],"collection":[{"href":"https:\/\/www.slimnica.lv\/lv\/wp-json\/wp\/v2\/pages"}],"about":[{"href":"https:\/\/www.slimnica.lv\/lv\/wp-json\/wp\/v2\/types\/page"}],"author":[{"embeddable":true,"href":"https:\/\/www.slimnica.lv\/lv\/wp-json\/wp\/v2\/users\/1"}],"replies":[{"embeddable":true,"href":"https:\/\/www.slimnica.lv\/lv\/wp-json\/wp\/v2\/comments?post=2624"}],"version-history":[{"count":36,"href":"https:\/\/www.slimnica.lv\/lv\/wp-json\/wp\/v2\/pages\/2624\/revisions"}],"predecessor-version":[{"id":6746,"href":"https:\/\/www.slimnica.lv\/lv\/wp-json\/wp\/v2\/pages\/2624\/revisions\/6746"}],"up":[{"embeddable":true,"href":"https:\/\/www.slimnica.lv\/lv\/wp-json\/wp\/v2\/pages\/122"}],"wp:attachment":[{"href":"https:\/\/www.slimnica.lv\/lv\/wp-json\/wp\/v2\/media?parent=2624"}],"curies":[{"name":"wp","href":"https:\/\/api.w.org\/{rel}","templated":true}]}}