{"id":7177,"date":"2025-02-17T15:30:04","date_gmt":"2025-02-17T13:30:04","guid":{"rendered":"https:\/\/www.slimnica.lv\/?page_id=7177"},"modified":"2025-03-25T13:29:09","modified_gmt":"2025-03-25T11:29:09","slug":"nomaksa","status":"publish","type":"page","link":"https:\/\/www.slimnica.lv\/lv\/nomaksa\/","title":{"rendered":"Nomaksa"},"content":{"rendered":"<p><\/p>\n<h3><strong>Par \u0101rst\u0113\u0161anu iesp\u0113jams nor\u0113\u0137in\u0101ties pa da\u013c\u0101m, izmantojot aizdevumu Klix Pay Later.<\/strong><\/h3>\n<p>R\u012bgas 2. slimn\u012bc\u0101 tagad pieejams \u0113rts un dro\u0161s finans\u0113\u0161anas risin\u0101jums \u2013 aizdevums Klix Pay Later.<\/p>\n<hr \/>\n<p><strong>Kas ir Klix Pay Later?<\/strong><\/p>\n<p>Tas ir AS \u201cCitadele banka\u201d izstr\u0101d\u0101ts finan\u0161u risin\u0101jums, kas \u013cauj apmaks\u0101t slimn\u012bcas pakalpojumus pa da\u013c\u0101m \u2013 bez papildu viz\u012btes bank\u0101.<\/p>\n<ul>\n<li><strong>Dro\u0161i un uzticami<\/strong>! Sadarb\u012bba ar AS \u201cCitadele banka\u201d un partneriem <em>(Lateko l\u012bzings, Aizdevums.lv, VIZIA)<\/em><\/li>\n<li><strong>\u0100tri un \u0113rti! <\/strong>Pieteikuma izskat\u012b\u0161ana tikai 5 min\u016b\u0161u laik\u0101<\/li>\n<li><strong>Elast\u012bga apmaksa<\/strong> \u2013 piel\u0101gojiet maks\u0101jumu grafiku sav\u0101m iesp\u0113j\u0101m<\/li>\n<li><strong>Bezmaksas pieteik\u0161an\u0101s<\/strong> un individu\u0101li piel\u0101goti maks\u0101jumu nosac\u012bjumi<\/li>\n<li><strong>Jaunums!<\/strong> Elast\u012bga maks\u0101jumu iesp\u0113ja slimn\u012bcas pakalpojumiem<\/li>\n<\/ul>\n<hr \/>\n<p><strong>Kas j\u0101zina pirms aizdevuma noform\u0113\u0161anas:<\/strong><\/p>\n<ol>\n<li><strong>Aizdevuma summa<\/strong>: no <strong>70 \u20ac<\/strong> l\u012bdz <strong>7000 \u20ac<\/strong><\/li>\n<li><strong>Maks\u0101jumu termi\u0146\u0161:<\/strong> no <strong>3<\/strong> l\u012bdz <strong>36 m\u0113ne\u0161iem<\/strong><\/li>\n<li>Aizdevums pieejams Latvijas iedz\u012bvot\u0101jiem no 18 gadu vecuma ar ofici\u0101liem ien\u0101kumiem<\/li>\n<li>Pieteik\u0161an\u0101s iesp\u0113jas: kl\u0101tien\u0113 slimn\u012bc\u0101 vai att\u0101lin\u0101ti<\/li>\n<\/ol>\n<p><strong>Noform\u0113\u0161anai nepiecie\u0161ams:<\/strong><\/p>\n<ul>\n<li>Der\u012bga pase vai ID karte (<em>prim\u0101rais identifik\u0101cijas dokuments<\/em>)<\/li>\n<li>Kvalific\u0113ts Smart-ID, AS Citadele banka internetbanka vai eParaksts (<em>nepiecie\u0161ams l\u012bguma nosl\u0113g\u0161anai<\/em>)<\/li>\n<li>Viedt\u0101lrunis ar interneta piesl\u0113gumu (<em>nepiecie\u0161ams att\u0101lin\u0101tai pieteik\u0161anai un apstiprin\u0101\u0161anai<\/em>)<\/li>\n<\/ul>\n<hr \/>\n<p><strong>K\u0101 pieteikties aizdevumam?<\/strong><\/p>\n<ul>\n<li><strong>Kl\u0101tien\u0113 slimn\u012bc\u0101<\/strong> \u2013 piesakieties pie pacientu re\u0123istratora.<\/li>\n<li><strong>Att\u0101lin\u0101ti &#8211; <\/strong>aizpildiet pieteikuma formu:<\/li>\n<\/ul>\n<h3><span style=\"color: #004c45;\"><strong>Pieteikuma forma<\/strong><\/span><\/h3>\n<h4><span style=\"color: #004c45;\"><em>P\u0113c pieteikuma iesnieg\u0161anas uz savu t\u0101lruni sa\u0146emsiet \u012bszi\u0146u ar Klix Pay Later pieteik\u0161an\u0101s saiti.<\/em><\/span><\/h4>\n<noscript class=\"ninja-forms-noscript-message\">\n\tNotice: JavaScript is required for this content.<\/noscript>\n<div id=\"nf-form-9-cont\" class=\"nf-form-cont\" aria-live=\"polite\" aria-labelledby=\"nf-form-title-9\" aria-describedby=\"nf-form-errors-9\" role=\"form\">\n\n    <div class=\"nf-loading-spinner\"><\/div>\n\n<\/div>\n        <!-- That data is being printed as a workaround to page builders reordering the order of the scripts loaded-->\n        <script>var formDisplay=1;var nfForms=nfForms||[];var form=[];form.id='9';form.settings={\"objectType\":\"Form Setting\",\"editActive\":true,\"title\":\"Piesakies aizdevumam\",\"show_title\":0,\"allow_public_link\":0,\"public_link\":\"https:\\\/\\\/www.slimnica.lv\\\/ninja-forms\\\/9f6hf\",\"embed_form\":\"\",\"clear_complete\":1,\"hide_complete\":1,\"default_label_pos\":\"above\",\"wrapper_class\":\"\",\"element_class\":\"\",\"form_title_heading_level\":\"3\",\"key\":\"\",\"add_submit\":1,\"changeEmailErrorMsg\":\"L\\u016bdzu ievadiet der\\u012bgu e-pasta adresi!\",\"changeDateErrorMsg\":\"Please enter a valid date!\",\"confirmFieldErrorMsg\":\"These fields must match!\",\"fieldNumberNumMinError\":\"Number Min Error\",\"fieldNumberNumMaxError\":\"Number Max Error\",\"fieldNumberIncrementBy\":\"Please increment by \",\"formErrorsCorrectErrors\":\"L\\u016bdzu aizpildiet visus laukus!\",\"validateRequiredField\":\"\\u0160is lauks ir oblig\\u0101ts.\",\"honeypotHoneypotError\":\"Honeypot Error\",\"fieldsMarkedRequired\":\"Fields marked with an <span class=\\\"ninja-forms-req-symbol\\\">*<\\\/span> are required\",\"currency\":\"\",\"unique_field_error\":\"A form with this value has already been submitted.\",\"logged_in\":false,\"not_logged_in_msg\":\"\",\"sub_limit_msg\":\"The form has reached its submission limit.\",\"calculations\":[],\"formContentData\":[\"vards_1740914698347\",\"uzvards_1740914724706\",\"talruna_numurs_1740916314367\",\"e-pasts_1740914749010\",\"tames_numurs_1741345233224\",\"velama_aizdevuma_summa_eur_1740914872350\",\"piekritu_datu_apstradei_saskana_ar_less_than_a_href_https_www_slimnica_lv_lv_par-mums_datu-privatuma-politika_target_blank_greater_than_privatuma_politiku_less_than_a_greater_than_1740916086094\",\"pieteikties_1740916128255\"],\"objectDomain\":\"display\",\"drawerDisabled\":false,\"public_link_key\":\"9f6hf\",\"ninjaForms\":\"Ninja Forms\",\"fieldTextareaRTEInsertLink\":\"Insert Link\",\"fieldTextareaRTEInsertMedia\":\"Insert Media\",\"fieldTextareaRTESelectAFile\":\"Select a file\",\"formHoneypot\":\"If you are a human seeing this field, please leave it empty.\",\"fileUploadOldCodeFileUploadInProgress\":\"File Upload in Progress.\",\"fileUploadOldCodeFileUpload\":\"FILE UPLOAD\",\"currencySymbol\":\"&#36;\",\"thousands_sep\":\",\",\"decimal_point\":\".\",\"siteLocale\":\"lv_LV\",\"dateFormat\":\"m\\\/d\\\/Y\",\"startOfWeek\":\"1\",\"of\":\"of\",\"previousMonth\":\"Previous Month\",\"nextMonth\":\"Next Month\",\"months\":[\"January\",\"February\",\"March\",\"April\",\"May\",\"June\",\"July\",\"August\",\"September\",\"October\",\"November\",\"December\"],\"monthsShort\":[\"Jan\",\"Feb\",\"Mar\",\"Apr\",\"May\",\"Jun\",\"Jul\",\"Aug\",\"Sep\",\"Oct\",\"Nov\",\"Dec\"],\"weekdays\":[\"Sunday\",\"Monday\",\"Tuesday\",\"Wednesday\",\"Thursday\",\"Friday\",\"Saturday\"],\"weekdaysShort\":[\"Sun\",\"Mon\",\"Tue\",\"Wed\",\"Thu\",\"Fri\",\"Sat\"],\"weekdaysMin\":[\"Su\",\"Mo\",\"Tu\",\"We\",\"Th\",\"Fr\",\"Sa\"],\"recaptchaConsentMissing\":\"reCaptcha validation couldn&#039;t load.\",\"recaptchaMissingCookie\":\"reCaptcha v3 validation couldn&#039;t load the cookie needed to submit the form.\",\"recaptchaConsentEvent\":\"Accept reCaptcha cookies before sending the form.\",\"currency_symbol\":\"\",\"beforeForm\":\"\",\"beforeFields\":\"\",\"afterFields\":\"\",\"afterForm\":\"\"};form.fields=[{\"objectType\":\"Field\",\"objectDomain\":\"fields\",\"editActive\":false,\"order\":1,\"idAttribute\":\"id\",\"type\":\"textbox\",\"label\":\"V\\u0101rds\",\"key\":\"vards_1740914698347\",\"label_pos\":\"above\",\"required\":1,\"default\":\"\",\"placeholder\":\"\",\"container_class\":\"\",\"element_class\":\"\",\"input_limit\":\"\",\"input_limit_type\":\"characters\",\"input_limit_msg\":\"Character(s) left\",\"manual_key\":false,\"admin_label\":\"\",\"help_text\":\"\",\"mask\":\"\",\"custom_mask\":\"\",\"custom_name_attribute\":\"\",\"personally_identifiable\":\"\",\"value\":\"\",\"id\":199,\"beforeField\":\"\",\"afterField\":\"\",\"parentType\":\"textbox\",\"element_templates\":[\"textbox\",\"input\"],\"old_classname\":\"\",\"wrap_template\":\"wrap\"},{\"objectType\":\"Field\",\"objectDomain\":\"fields\",\"editActive\":false,\"order\":2,\"idAttribute\":\"id\",\"type\":\"textbox\",\"label\":\"Uzv\\u0101rds\",\"key\":\"uzvards_1740914724706\",\"label_pos\":\"above\",\"required\":1,\"default\":\"\",\"placeholder\":\"\",\"container_class\":\"\",\"element_class\":\"\",\"input_limit\":\"\",\"input_limit_type\":\"characters\",\"input_limit_msg\":\"Character(s) left\",\"manual_key\":false,\"admin_label\":\"\",\"help_text\":\"\",\"mask\":\"\",\"custom_mask\":\"\",\"custom_name_attribute\":\"\",\"personally_identifiable\":\"\",\"value\":\"\",\"drawerDisabled\":false,\"id\":200,\"beforeField\":\"\",\"afterField\":\"\",\"parentType\":\"textbox\",\"element_templates\":[\"textbox\",\"input\"],\"old_classname\":\"\",\"wrap_template\":\"wrap\"},{\"objectType\":\"Field\",\"objectDomain\":\"fields\",\"editActive\":false,\"order\":3,\"idAttribute\":\"id\",\"type\":\"textbox\",\"label\":\"T\\u0101lru\\u0146a numurs\",\"key\":\"talruna_numurs_1740916314367\",\"label_pos\":\"above\",\"required\":1,\"default\":\"\",\"placeholder\":\"\",\"container_class\":\"\",\"element_class\":\"\",\"input_limit\":\"\",\"input_limit_type\":\"characters\",\"input_limit_msg\":\"Character(s) left\",\"manual_key\":false,\"admin_label\":\"\",\"help_text\":\"\",\"mask\":\"\",\"custom_mask\":\"\",\"custom_name_attribute\":\"\",\"personally_identifiable\":\"\",\"value\":\"\",\"drawerDisabled\":false,\"id\":201,\"beforeField\":\"\",\"afterField\":\"\",\"parentType\":\"textbox\",\"element_templates\":[\"textbox\",\"input\"],\"old_classname\":\"\",\"wrap_template\":\"wrap\"},{\"objectType\":\"Field\",\"objectDomain\":\"fields\",\"editActive\":false,\"order\":4,\"idAttribute\":\"id\",\"type\":\"email\",\"label\":\"E-pasts\",\"key\":\"e-pasts_1740914749010\",\"label_pos\":\"above\",\"required\":1,\"default\":\"\",\"placeholder\":\"\",\"container_class\":\"\",\"element_class\":\"\",\"admin_label\":\"\",\"help_text\":\"\",\"custom_name_attribute\":\"email\",\"personally_identifiable\":1,\"value\":\"\",\"drawerDisabled\":false,\"id\":202,\"beforeField\":\"\",\"afterField\":\"\",\"parentType\":\"email\",\"element_templates\":[\"email\",\"input\"],\"old_classname\":\"\",\"wrap_template\":\"wrap\"},{\"objectType\":\"Field\",\"objectDomain\":\"fields\",\"editActive\":false,\"order\":999,\"idAttribute\":\"id\",\"type\":\"textbox\",\"label\":\"T\\u0101mes numurs\",\"key\":\"tames_numurs_1741345233224\",\"label_pos\":\"above\",\"required\":0,\"default\":\"\",\"placeholder\":\"\",\"container_class\":\"\",\"element_class\":\"\",\"input_limit\":\"\",\"input_limit_type\":\"characters\",\"input_limit_msg\":\"Character(s) left\",\"manual_key\":false,\"admin_label\":\"\",\"help_text\":\"\",\"mask\":\"\",\"custom_mask\":\"\",\"custom_name_attribute\":\"\",\"personally_identifiable\":\"\",\"value\":\"\",\"drawerDisabled\":false,\"id\":203,\"beforeField\":\"\",\"afterField\":\"\",\"parentType\":\"textbox\",\"element_templates\":[\"textbox\",\"input\"],\"old_classname\":\"\",\"wrap_template\":\"wrap\"},{\"objectType\":\"Field\",\"objectDomain\":\"fields\",\"editActive\":false,\"order\":999,\"idAttribute\":\"id\",\"type\":\"number\",\"label\":\"V\\u0113lam\\u0101 aizdevuma summa, EUR\",\"key\":\"velama_aizdevuma_summa_eur_1740914872350\",\"label_pos\":\"above\",\"required\":false,\"default\":\"\",\"placeholder\":\"\",\"container_class\":\"\",\"element_class\":\"\",\"manual_key\":false,\"admin_label\":\"\",\"help_text\":\"\",\"num_min\":\"\",\"num_max\":\"\",\"num_step\":1,\"value\":\"\",\"drawerDisabled\":false,\"id\":204,\"beforeField\":\"\",\"afterField\":\"\",\"parentType\":\"number\",\"element_templates\":[\"number\",\"input\"],\"old_classname\":\"\",\"wrap_template\":\"wrap\"},{\"objectType\":\"Field\",\"objectDomain\":\"fields\",\"editActive\":false,\"order\":999,\"idAttribute\":\"id\",\"type\":\"checkbox\",\"label\":\"Piekr\\u012btu datu apstr\\u0101dei saska\\u0146\\u0101 ar <a href=\\\"https:\\\/\\\/www.slimnica.lv\\\/lv\\\/par-mums\\\/datu-privatuma-politika\\\/\\\" target=\\\"_blank\\\">priv\\u0101tuma politiku<a>.\",\"key\":\"piekritu_datu_apstradei_saskana_ar_less_than_a_href_https_www_slimnica_lv_lv_par-mums_datu-privatuma-politika_target_blank_greater_than_privatuma_politiku_less_than_a_greater_than_1740916086094\",\"label_pos\":\"right\",\"required\":1,\"container_class\":\"\",\"element_class\":\"\",\"manual_key\":false,\"admin_label\":\"\",\"help_text\":\"\",\"default_value\":\"unchecked\",\"checked_value\":\"Checked\",\"unchecked_value\":\"Unchecked\",\"checked_calc_value\":\"\",\"unchecked_calc_value\":\"\",\"drawerDisabled\":false,\"id\":205,\"beforeField\":\"\",\"afterField\":\"\",\"value\":\"\",\"parentType\":\"checkbox\",\"element_templates\":[\"checkbox\",\"input\"],\"old_classname\":\"\",\"wrap_template\":\"wrap\"},{\"objectType\":\"Field\",\"objectDomain\":\"fields\",\"editActive\":false,\"order\":9999,\"idAttribute\":\"id\",\"type\":\"submit\",\"label\":\"Pieteikties\",\"processing_label\":\"Apstr\\u0101de\",\"container_class\":\"\",\"element_class\":\"\",\"key\":\"pieteikties_1740916128255\",\"admin_label\":\"\",\"drawerDisabled\":false,\"id\":206,\"beforeField\":\"\",\"afterField\":\"\",\"value\":\"\",\"label_pos\":\"above\",\"parentType\":\"textbox\",\"element_templates\":[\"submit\",\"button\",\"input\"],\"old_classname\":\"\",\"wrap_template\":\"wrap-no-label\"}];nfForms.push(form);<\/script>\n        \n<h4><strong><em><span style=\"color: #004c45;\">P\u0113c saites sa\u0146em\u0161anas:<\/span><\/em><\/strong><\/h4>\n<ol>\n<li><span style=\"color: #004c00;\">Izv\u0113rt\u0113jiet aizdevuma pied\u0101v\u0101jumus.<\/span><\/li>\n<li><span style=\"color: #004c00;\">Nosl\u0113dziet l\u012bgumu att\u0101lin\u0101ti, izmantojot Smart-ID, AS \u201cCitadele banka\u201d internetbanku vai eParakstu.<\/span><\/li>\n<\/ol>\n<p><strong>\u00a0<\/strong><\/p>\n<hr \/>\n<p>Vair\u0101k inform\u0101cijas:<\/p>\n<p><a href=\"https:\/\/klix.app\/lv\/klixpaylater\/\" rel=\"nofollow noopener\" target=\"_blank\">https:\/\/klix.app\/lv\/klixpaylater\/<\/a><\/p>\n<p>Jaut\u0101jumu gad\u012bjum\u0101 par Klix Pay Later aizdevumu var zvan\u012bt uz +371 67881212 (Klix by Citadele atbalsta komanda).<\/p>\n<p>&nbsp;<\/p>","protected":false},"excerpt":{"rendered":"<p>Par \u0101rst\u0113\u0161anu iesp\u0113jams nor\u0113\u0137in\u0101ties pa da\u013c\u0101m, izmantojot aizdevumu Klix Pay Later. R\u012bgas 2. slimn\u012bc\u0101 tagad pieejams \u0113rts un dro\u0161s finans\u0113\u0161anas risin\u0101jums \u2013 aizdevums Klix Pay Later. Kas ir Klix Pay Later? Tas ir AS \u201cCitadele banka\u201d izstr\u0101d\u0101ts finan\u0161u risin\u0101jums, kas \u013cauj apmaks\u0101t slimn\u012bcas pakalpojumus pa da\u013c\u0101m \u2013 bez papildu viz\u012btes bank\u0101. Dro\u0161i un uzticami! Sadarb\u012bba [&hellip;]<\/p>\n","protected":false},"author":1,"featured_media":0,"parent":0,"menu_order":1,"comment_status":"closed","ping_status":"closed","template":"","meta":{"_acf_changed":false,"om_disable_all_campaigns":false,"inline_featured_image":false,"_monsterinsights_skip_tracking":false,"_monsterinsights_sitenote_active":false,"_monsterinsights_sitenote_note":"","_monsterinsights_sitenote_category":0,"_uf_show_specific_survey":0,"_uf_disable_surveys":false,"footnotes":""},"class_list":["post-7177","page","type-page","status-publish","hentry"],"acf":[],"aioseo_notices":[],"_links":{"self":[{"href":"https:\/\/www.slimnica.lv\/lv\/wp-json\/wp\/v2\/pages\/7177","targetHints":{"allow":["GET"]}}],"collection":[{"href":"https:\/\/www.slimnica.lv\/lv\/wp-json\/wp\/v2\/pages"}],"about":[{"href":"https:\/\/www.slimnica.lv\/lv\/wp-json\/wp\/v2\/types\/page"}],"author":[{"embeddable":true,"href":"https:\/\/www.slimnica.lv\/lv\/wp-json\/wp\/v2\/users\/1"}],"replies":[{"embeddable":true,"href":"https:\/\/www.slimnica.lv\/lv\/wp-json\/wp\/v2\/comments?post=7177"}],"version-history":[{"count":71,"href":"https:\/\/www.slimnica.lv\/lv\/wp-json\/wp\/v2\/pages\/7177\/revisions"}],"predecessor-version":[{"id":7461,"href":"https:\/\/www.slimnica.lv\/lv\/wp-json\/wp\/v2\/pages\/7177\/revisions\/7461"}],"wp:attachment":[{"href":"https:\/\/www.slimnica.lv\/lv\/wp-json\/wp\/v2\/media?parent=7177"}],"curies":[{"name":"wp","href":"https:\/\/api.w.org\/{rel}","templated":true}]}}