{"id":105,"date":"2022-10-10T19:14:31","date_gmt":"2022-10-10T16:14:31","guid":{"rendered":"https:\/\/slimnica.lv\/?page_id=105"},"modified":"2023-12-04T15:28:21","modified_gmt":"2023-12-04T13:28:21","slug":"pakalpojumi","status":"publish","type":"page","link":"https:\/\/www.slimnica.lv\/ru\/pakalpojumi\/","title":{"rendered":"Pakalpojumi"},"content":{"rendered":"<p class=\"qtranxs-available-languages-message qtranxs-available-languages-message-ru\">\u0418\u0437\u0432\u0438\u043d\u0438\u0442\u0435, \u044d\u0442\u043e\u0442 \u0442\u0435\u043a\u0441\u0442 \u0434\u043e\u0441\u0442\u0443\u043f\u0435\u043d \u0442\u043e\u043b\u044c\u043a\u043e \u043d\u0430 \u201c<a href=\"https:\/\/www.slimnica.lv\/lv\/wp-json\/wp\/v2\/pages\/105\" class=\"qtranxs-available-language-link qtranxs-available-language-link-lv\" title=\"Latvie\u0161u\">Latvie\u0161u<\/a>\u201d.<\/p><p>Galvenie sniegtie pakalpojumi un profils:<\/p>\n<ul>\n<li>24\/7 neatliekam\u0101 pal\u012bdz\u012bba;\u200b\u200b<\/li>\n<li>Ambulator\u0101 pal\u012bdz\u012bba;\u200b<\/li>\n<li>Stacion\u0101r\u0101 pal\u012bdz\u012bba;\u200b\u200b<\/li>\n<li>Soci\u0101l\u0101 apr\u016bpe;\u200b<\/li>\n<li>M\u0101jas apr\u016bpe.<\/li>\n<\/ul>\n<p>R\u012bgas 2. slimn\u012bca ir vien\u012bg\u0101 \u0101rstniec\u012bbas iest\u0101de Daugavas kreisaj\u0101 krast\u0101, kas sniedz neatliekamo medic\u012bnisko pal\u012bdz\u012bbu traumu gad\u012bjumos un pl\u0101nveida ortop\u0113disko \u0101rst\u0113\u0161anu da\u017e\u0101d\u0101m kaulu un loc\u012btavu slim\u012bb\u0101m.<\/p>","protected":false},"excerpt":{"rendered":"<p>\u0418\u0437\u0432\u0438\u043d\u0438\u0442\u0435, \u044d\u0442\u043e\u0442 \u0442\u0435\u043a\u0441\u0442 \u0434\u043e\u0441\u0442\u0443\u043f\u0435\u043d \u0442\u043e\u043b\u044c\u043a\u043e \u043d\u0430 \u201cLatvie\u0161u\u201d.Galvenie sniegtie pakalpojumi un profils: 24\/7 neatliekam\u0101 pal\u012bdz\u012bba;\u200b\u200b Ambulator\u0101 pal\u012bdz\u012bba;\u200b Stacion\u0101r\u0101 pal\u012bdz\u012bba;\u200b\u200b Soci\u0101l\u0101 apr\u016bpe;\u200b M\u0101jas apr\u016bpe. R\u012bgas 2. slimn\u012bca ir vien\u012bg\u0101 \u0101rstniec\u012bbas iest\u0101de Daugavas kreisaj\u0101 krast\u0101, kas sniedz neatliekamo medic\u012bnisko pal\u012bdz\u012bbu traumu gad\u012bjumos un pl\u0101nveida ortop\u0113disko \u0101rst\u0113\u0161anu da\u017e\u0101d\u0101m kaulu un loc\u012btavu slim\u012bb\u0101m.<\/p>\n","protected":false},"author":1,"featured_media":0,"parent":0,"menu_order":7,"comment_status":"closed","ping_status":"closed","template":"pakalpojumi.php","meta":{"_acf_changed":false,"om_disable_all_campaigns":false,"inline_featured_image":false,"_monsterinsights_skip_tracking":false,"_monsterinsights_sitenote_active":false,"_monsterinsights_sitenote_note":"","_monsterinsights_sitenote_category":0,"_uf_show_specific_survey":0,"_uf_disable_surveys":false,"footnotes":""},"class_list":["post-105","page","type-page","status-publish","hentry"],"acf":[],"aioseo_notices":[],"_links":{"self":[{"href":"https:\/\/www.slimnica.lv\/ru\/wp-json\/wp\/v2\/pages\/105","targetHints":{"allow":["GET"]}}],"collection":[{"href":"https:\/\/www.slimnica.lv\/ru\/wp-json\/wp\/v2\/pages"}],"about":[{"href":"https:\/\/www.slimnica.lv\/ru\/wp-json\/wp\/v2\/types\/page"}],"author":[{"embeddable":true,"href":"https:\/\/www.slimnica.lv\/ru\/wp-json\/wp\/v2\/users\/1"}],"replies":[{"embeddable":true,"href":"https:\/\/www.slimnica.lv\/ru\/wp-json\/wp\/v2\/comments?post=105"}],"version-history":[{"count":2,"href":"https:\/\/www.slimnica.lv\/ru\/wp-json\/wp\/v2\/pages\/105\/revisions"}],"predecessor-version":[{"id":4893,"href":"https:\/\/www.slimnica.lv\/ru\/wp-json\/wp\/v2\/pages\/105\/revisions\/4893"}],"wp:attachment":[{"href":"https:\/\/www.slimnica.lv\/ru\/wp-json\/wp\/v2\/media?parent=105"}],"curies":[{"name":"wp","href":"https:\/\/api.w.org\/{rel}","templated":true}]}}