{"id":122,"date":"2022-10-10T20:44:51","date_gmt":"2022-10-10T17:44:51","guid":{"rendered":"https:\/\/slimnica.lv\/pacientiem\/"},"modified":"2023-12-04T15:25:09","modified_gmt":"2023-12-04T13:25:09","slug":"pacientiem","status":"publish","type":"page","link":"https:\/\/www.slimnica.lv\/ru\/pacientiem\/","title":{"rendered":"Pacientiem"},"content":{"rendered":"<p class=\"qtranxs-available-languages-message qtranxs-available-languages-message-ru\">\u0418\u0437\u0432\u0438\u043d\u0438\u0442\u0435, \u044d\u0442\u043e\u0442 \u0442\u0435\u043a\u0441\u0442 \u0434\u043e\u0441\u0442\u0443\u043f\u0435\u043d \u0442\u043e\u043b\u044c\u043a\u043e \u043d\u0430 \u201c<a href=\"https:\/\/www.slimnica.lv\/lv\/wp-json\/wp\/v2\/pages\/122\" class=\"qtranxs-available-language-link qtranxs-available-language-link-lv\" title=\"Latvie\u0161u\">Latvie\u0161u<\/a>\u201d.<\/p><p>Pacientiem tiek sniegta neatliekam\u0101 medic\u012bnisk\u0101 pal\u012bdz\u012bba traumu gad\u012bjumos un pl\u0101nveida ortop\u0113disk\u0101 \u0101rst\u0113\u0161ana kaulu un loc\u012btavu slim\u012bb\u0101m.<\/p>","protected":false},"excerpt":{"rendered":"<p>\u0418\u0437\u0432\u0438\u043d\u0438\u0442\u0435, \u044d\u0442\u043e\u0442 \u0442\u0435\u043a\u0441\u0442 \u0434\u043e\u0441\u0442\u0443\u043f\u0435\u043d \u0442\u043e\u043b\u044c\u043a\u043e \u043d\u0430 \u201cLatvie\u0161u\u201d.Pacientiem tiek sniegta neatliekam\u0101 medic\u012bnisk\u0101 pal\u012bdz\u012bba traumu gad\u012bjumos un pl\u0101nveida ortop\u0113disk\u0101 \u0101rst\u0113\u0161ana kaulu un loc\u012btavu slim\u012bb\u0101m.<\/p>\n","protected":false},"author":1,"featured_media":0,"parent":0,"menu_order":10,"comment_status":"closed","ping_status":"closed","template":"","meta":{"_acf_changed":false,"om_disable_all_campaigns":false,"inline_featured_image":false,"_monsterinsights_skip_tracking":false,"_monsterinsights_sitenote_active":false,"_monsterinsights_sitenote_note":"","_monsterinsights_sitenote_category":0,"_uf_show_specific_survey":0,"_uf_disable_surveys":false,"footnotes":""},"class_list":["post-122","page","type-page","status-publish","hentry"],"acf":[],"aioseo_notices":[],"_links":{"self":[{"href":"https:\/\/www.slimnica.lv\/ru\/wp-json\/wp\/v2\/pages\/122","targetHints":{"allow":["GET"]}}],"collection":[{"href":"https:\/\/www.slimnica.lv\/ru\/wp-json\/wp\/v2\/pages"}],"about":[{"href":"https:\/\/www.slimnica.lv\/ru\/wp-json\/wp\/v2\/types\/page"}],"author":[{"embeddable":true,"href":"https:\/\/www.slimnica.lv\/ru\/wp-json\/wp\/v2\/users\/1"}],"replies":[{"embeddable":true,"href":"https:\/\/www.slimnica.lv\/ru\/wp-json\/wp\/v2\/comments?post=122"}],"version-history":[{"count":2,"href":"https:\/\/www.slimnica.lv\/ru\/wp-json\/wp\/v2\/pages\/122\/revisions"}],"predecessor-version":[{"id":4895,"href":"https:\/\/www.slimnica.lv\/ru\/wp-json\/wp\/v2\/pages\/122\/revisions\/4895"}],"wp:attachment":[{"href":"https:\/\/www.slimnica.lv\/ru\/wp-json\/wp\/v2\/media?parent=122"}],"curies":[{"name":"wp","href":"https:\/\/api.w.org\/{rel}","templated":true}]}}