{"id":125,"date":"2022-10-10T20:45:07","date_gmt":"2022-10-10T17:45:07","guid":{"rendered":"https:\/\/slimnica.lv\/par-mums\/datu-privatuma-politika\/"},"modified":"2023-03-27T08:10:38","modified_gmt":"2023-03-27T06:10:38","slug":"datu-privatuma-politika","status":"publish","type":"page","link":"https:\/\/www.slimnica.lv\/ru\/par-mums\/datu-privatuma-politika\/","title":{"rendered":"Datu priv\u0101tuma politika"},"content":{"rendered":"<p class=\"qtranxs-available-languages-message qtranxs-available-languages-message-ru\">\u0418\u0437\u0432\u0438\u043d\u0438\u0442\u0435, \u044d\u0442\u043e\u0442 \u0442\u0435\u043a\u0441\u0442 \u0434\u043e\u0441\u0442\u0443\u043f\u0435\u043d \u0442\u043e\u043b\u044c\u043a\u043e \u043d\u0430 \u201c<a href=\"https:\/\/www.slimnica.lv\/lv\/wp-json\/wp\/v2\/pages\/125\" class=\"qtranxs-available-language-link qtranxs-available-language-link-lv\" title=\"Latvie\u0161u\">Latvie\u0161u<\/a>\u201d.<\/p><p><a href=\"https:\/\/www.slimnica.lv\/wp-content\/uploads\/2023\/03\/27.03.23.-R2S_priv_atruna_kor.pdf\" target=\"_blank\" rel=\"noopener\"><strong>SIA &#171;R\u012bgas 2. slimn\u012bca&#187; Priv\u0101tuma politika (27.03.2023.)<\/strong><\/a><\/p>","protected":false},"excerpt":{"rendered":"<p>\u0418\u0437\u0432\u0438\u043d\u0438\u0442\u0435, \u044d\u0442\u043e\u0442 \u0442\u0435\u043a\u0441\u0442 \u0434\u043e\u0441\u0442\u0443\u043f\u0435\u043d \u0442\u043e\u043b\u044c\u043a\u043e \u043d\u0430 \u201cLatvie\u0161u\u201d.SIA &#171;R\u012bgas 2. slimn\u012bca&#187; Priv\u0101tuma politika (27.03.2023.)<\/p>\n","protected":false},"author":1,"featured_media":0,"parent":123,"menu_order":40,"comment_status":"closed","ping_status":"closed","template":"","meta":{"_acf_changed":false,"om_disable_all_campaigns":false,"inline_featured_image":false,"_monsterinsights_skip_tracking":false,"_monsterinsights_sitenote_active":false,"_monsterinsights_sitenote_note":"","_monsterinsights_sitenote_category":0,"_uf_show_specific_survey":0,"_uf_disable_surveys":false,"footnotes":""},"class_list":["post-125","page","type-page","status-publish","hentry"],"acf":[],"aioseo_notices":[],"_links":{"self":[{"href":"https:\/\/www.slimnica.lv\/ru\/wp-json\/wp\/v2\/pages\/125","targetHints":{"allow":["GET"]}}],"collection":[{"href":"https:\/\/www.slimnica.lv\/ru\/wp-json\/wp\/v2\/pages"}],"about":[{"href":"https:\/\/www.slimnica.lv\/ru\/wp-json\/wp\/v2\/types\/page"}],"author":[{"embeddable":true,"href":"https:\/\/www.slimnica.lv\/ru\/wp-json\/wp\/v2\/users\/1"}],"replies":[{"embeddable":true,"href":"https:\/\/www.slimnica.lv\/ru\/wp-json\/wp\/v2\/comments?post=125"}],"version-history":[{"count":4,"href":"https:\/\/www.slimnica.lv\/ru\/wp-json\/wp\/v2\/pages\/125\/revisions"}],"predecessor-version":[{"id":3953,"href":"https:\/\/www.slimnica.lv\/ru\/wp-json\/wp\/v2\/pages\/125\/revisions\/3953"}],"up":[{"embeddable":true,"href":"https:\/\/www.slimnica.lv\/ru\/wp-json\/wp\/v2\/pages\/123"}],"wp:attachment":[{"href":"https:\/\/www.slimnica.lv\/ru\/wp-json\/wp\/v2\/media?parent=125"}],"curies":[{"name":"wp","href":"https:\/\/api.w.org\/{rel}","templated":true}]}}