{"id":135,"date":"2022-10-10T20:45:07","date_gmt":"2022-10-10T17:45:07","guid":{"rendered":"https:\/\/slimnica.lv\/par-mums\/vakances\/"},"modified":"2026-03-28T08:30:29","modified_gmt":"2026-03-28T06:30:29","slug":"vakances","status":"publish","type":"page","link":"https:\/\/www.slimnica.lv\/ru\/par-mums\/vakances\/","title":{"rendered":"Vakances"},"content":{"rendered":"","protected":false},"excerpt":{"rendered":"","protected":false},"author":1,"featured_media":0,"parent":123,"menu_order":22,"comment_status":"closed","ping_status":"closed","template":"","meta":{"_acf_changed":false,"om_disable_all_campaigns":false,"inline_featured_image":false,"_monsterinsights_skip_tracking":false,"_monsterinsights_sitenote_active":false,"_monsterinsights_sitenote_note":"","_monsterinsights_sitenote_category":0,"_uf_show_specific_survey":0,"_uf_disable_surveys":false,"footnotes":""},"class_list":["post-135","page","type-page","status-publish","hentry"],"acf":{"vakancu_grupas":[{"nosaukums":"Aktu\u0101l\u0101s vakances","vakances":[{"nosaukums":"TRAUMATOLOGS, ORTOP\u0112DS","apraksts":"<p><strong>Pras\u012bbas kandid\u0101tiem:<\/strong><\/p>\n<ul>\n<li>Augst\u0101k\u0101 medic\u012bnisk\u0101 izgl\u012bt\u012bba (\u0101rsta gr\u0101ds)<\/li>\n<li>Re\u0123istr\u0101cija \u0101rstniec\u012bbas personu re\u0123istr\u0101<\/li>\n<li>Sertifik\u0101ts traumatologa ortop\u0113da pamatspecialit\u0101t\u0113<\/li>\n<li>Iepriek\u0161\u0113ja darba pieredze specialit\u0101t\u0113<\/li>\n<li>Komunikabilit\u0101te, sp\u0113ja darboties patst\u0101v\u012bgi un komand\u0101<\/li>\n<li>Precizit\u0101te, iniciat\u012bva, augsta atbild\u012bbas saj\u016bta<\/li>\n<li>Sp\u0113ja anal\u012btiski dom\u0101t un pie\u0146emt l\u0113mumus<\/li>\n<li>Oblig\u0101tas valsts valodas zin\u0101\u0161anas, citu valodu zin\u0101\u0161anas tiks uzskat\u012btas par priek\u0161roc\u012bbu<\/li>\n<\/ul>\n<p><strong>M\u0113s pied\u0101v\u0101jam:<\/strong><\/p>\n<ul>\n<li>M\u0113ne\u0161alga, s\u0101kot no 2300 EUR<\/li>\n<li>Piemaksa par st\u0101\u017eu, nakts darbu, darbu sv\u0113tku dien\u0101s, virsstundu darbu<\/li>\n<li>Vid\u0113j\u0101 darba samaksa m\u0113nes\u012b 5000 EUR\/bruto<\/li>\n<li>Vesel\u012bbas apdro\u0161in\u0101\u0161anas polise p\u0113c p\u0101rbaudes laika beig\u0101m<\/li>\n<li>Bezmaksas autost\u0101vvieta<\/li>\n<li>Atlaides R\u012bgas pils\u0113tas sabiedriskaj\u0101 transport\u0101<\/li>\n<\/ul>\n"},{"nosaukums":"INTENS\u012aV\u0100S TERAPIJAS UN ANESTEZIOLO\u0122IJAS NODA\u013bAS VAD\u012aT\u0100JS\/(-A)","apraksts":"<p><b>Galvenie pien\u0101kumi:<\/b><\/p>\n<ul>\n<li aria-level=\"1\">Pl\u0101not, organiz\u0113t un vad\u012bt Intens\u012bv\u0101s terapijas un anesteziolo\u0123ijas noda\u013cas darbu<\/li>\n<li aria-level=\"1\">\u200bRacion\u0101li un efekt\u012bvi pl\u0101not anesteziologu reanimatologu un intens\u012bv\u0101s terapijas un anest\u0113zijas m\u0101su darbu oper\u0101ciju z\u0101l\u0113<\/li>\n<li aria-level=\"1\">Nodro\u0161in\u0101t atbilsto\u0161u anest\u0113ziju pl\u0101nveida un neatliekamo oper\u0101ciju gad\u012bjumos, garant\u0113jot pacienta dro\u0161\u012bbu<\/li>\n<li aria-level=\"1\">Akt\u012bvi iesaist\u012bties studentu, rezidentu un \u0101rstu p\u0113cdiploma apm\u0101c\u012bb\u0101<\/li>\n<li aria-level=\"1\">Piedal\u012bties slimn\u012bcas iek\u0161\u0113jo normat\u012bvo dokumentu un citu dokumentu projektu izstr\u0101d\u0113<\/li>\n<\/ul>\n<p><b>Pras\u012bbas kandid\u0101tiem:<\/b><\/p>\n<ul>\n<li aria-level=\"1\">Augst\u0101k\u0101 medic\u012bnisk\u0101 izgl\u012bt\u012bba (\u0101rsta gr\u0101ds)<\/li>\n<li aria-level=\"1\">\u200bAnesteziologa reanimatologa sertifik\u0101ts<\/li>\n<li aria-level=\"1\">Prasme p\u0101rliecin\u0101t citus un argument\u0113t savu viedokli<\/li>\n<li aria-level=\"1\">Precizit\u0101te, iniciat\u012bva, augsta atbild\u012bbas saj\u016bta<\/li>\n<li aria-level=\"1\">Sp\u0113ja anal\u012btiski dom\u0101t un pie\u0146emt l\u0113mumus<\/li>\n<li aria-level=\"1\">Labas zin\u0101\u0161anas un pieredze darb\u0101 ar <i>MS Office<\/i> lietojumprogramm\u0101m<\/li>\n<li>Oblig\u0101tas valsts valodas zin\u0101\u0161anas, citu valodu zin\u0101\u0161anas tiks uzskat\u012btas par priek\u0161roc\u012bbu<\/li>\n<li aria-level=\"1\">Akad\u0113misk\u0101 darba pieredze tiks uzskat\u012bta par priek\u0161roc\u012bbu<\/li>\n<\/ul>\n<p><b>M\u0113s pied\u0101v\u0101jam<\/b><\/p>\n<ul>\n<li aria-level=\"1\">M\u0113ne\u0161algu 2 850.00 EUR \/ bruto<\/li>\n<li aria-level=\"1\">Piemaksu par st\u0101\u017eu, darbu \u012bpa\u0161os apst\u0101k\u013ciem, intensit\u0101ti, darbu polikl\u012bnik\u0101<\/li>\n<li aria-level=\"1\">Vesel\u012bbas apdro\u0161in\u0101\u0161anas polisi p\u0113c p\u0101rbaudes laika beig\u0101m<\/li>\n<li aria-level=\"1\">Bezmaksas autost\u0101vvietu<\/li>\n<li aria-level=\"1\">Atlaides R\u012bgas pils\u0113tas sabiedriskaj\u0101 transport\u0101<\/li>\n<\/ul>\n"},{"nosaukums":"FIZIK\u0100L\u0100S UN REHABILIT\u0100CIJAS MEDIC\u012aNAS \u0100RSTS","apraksts":"<p><strong>Var b\u016bt rezidents(-e) rehabilit\u0101cijas specialit\u0101t\u0113. Amats ar n<\/strong><strong>epilnu darba laiku \u2013 20 stundas ned\u0113\u013c\u0101.<\/strong><\/p>\n<p><span style=\"text-decoration: underline;\"><strong>Darba pien\u0101kumi<\/strong><\/span><\/p>\n<ul>\n<li>Veikt funkcion\u0113\u0161anas ierobe\u017eojumu nov\u0113rt\u0113\u0161anu, sast\u0101d\u012bt individu\u0101lo rehabilit\u0101cijas pl\u0101nu un monitor\u0113t rehabilit\u0101cijas procesu stacion\u0101ra pacientiem<\/li>\n<li>Veikt prec\u012bzus ierakstus medic\u012bniskaj\u0101 dokument\u0101cij\u0101<\/li>\n<li>Analiz\u0113t medic\u012bnisk\u0101s\u00a0 rehabilit\u0101cijas\u00a0 procesa dinamiku un p\u0113ctec\u012bbu, ieviest jaunin\u0101jumus \u0101rstniec\u012bbas uzlabo\u0161anai<\/li>\n<li>Organiz\u0113t izgl\u012btojo\u0161o un informat\u012bvo darbu pacientiem, tuviniekiem un noda\u013cas person\u0101lam<\/li>\n<li>Piedal\u012bties sare\u017e\u0123\u012btu kl\u012bnisko gad\u012bjumu izskat\u012b\u0161an\u0101 un sagatavot materi\u0101lus par jaunin\u0101jumiem rehabilit\u0101cijas jom\u0101<\/li>\n<\/ul>\n<p><span style=\"text-decoration: underline;\"><strong>Pras\u012bbas kandid\u0101tiem<\/strong><\/span><\/p>\n<ul>\n<li>Augst\u0101k\u0101 medic\u012bnisk\u0101 izgl\u012bt\u012bba (fizik\u0101l\u0101s un rehabilit\u0101cijas medic\u012bnas \u0101rsta sertifik\u0101ts vai \u0101rsts-rezidents)<\/li>\n<li>Re\u0123istr\u0101cija \u0101rstniec\u012bbas personu re\u0123istr\u0101<\/li>\n<li>Sp\u0113ja str\u0101d\u0101t patst\u0101v\u012bgi un komand\u0101<\/li>\n<li>Sp\u0113ja \u0101tri rea\u0123\u0113t un r\u012bkoties neatliekam\u0101s situ\u0101cij\u0101s<\/li>\n<li>Precizit\u0101te un atbild\u012bba<\/li>\n<li>Valsts valodas zin\u0101\u0161anas saska\u0146\u0101 ar Valsts valodas likumu<\/li>\n<li>Vesel\u012bgas profesion\u0101l\u0101s amb\u012bcijas<\/li>\n<\/ul>\n<p><span style=\"text-decoration: underline;\"><strong>Pied\u0101v\u0101jam<\/strong><\/span><\/p>\n<ul>\n<li>M\u0113ne\u0161alga par pilnu slodzi 1 970EUR \/ bruto un soci\u0101l\u0101s garantijas<\/li>\n<li>Konkur\u0113tsp\u0113j\u012bgu atalgojumu atbilsto\u0161i ieguld\u012btajam darbam<\/li>\n<li>Vesel\u012bbas apdro\u0161in\u0101\u0161anu p\u0113c p\u0101rbaudes laika<\/li>\n<li>Interesantu un atbild\u012bgu darbu<\/li>\n<li>Labus darba apst\u0101k\u013cus<\/li>\n<\/ul>\n"},{"nosaukums":"INTERNISTS","apraksts":"<p><strong>Pien\u0101kumi<\/strong><\/p>\n<ul>\n<li>Pacientu iek\u0161\u0137\u012bgo slim\u012bbu, k\u0101 ar\u012b \u0137irur\u0123isko blakusslim\u012bbu un komplik\u0101ciju diagnostika<\/li>\n<li>saprotam\u0101 veid\u0101 sniegt pacientiem inform\u0101ciju par slim\u012bbas diagnozi<\/li>\n<li>savlaic\u012bgi dokument\u0113t ieg\u016bt\u0101s zi\u0146as par pacientu vesel\u012bbu un noz\u012bm\u0113to terapiju<\/li>\n<\/ul>\n<p><strong>Pras\u012bbas<\/strong><\/p>\n<ul>\n<li>augst\u0101k\u0101 medic\u012bnisk\u0101 izgl\u012bt\u012bba (\u0101rsta gr\u0101ds)<\/li>\n<li>re\u0123istr\u0101cija \u0101rstniec\u012bbas personu re\u0123istr\u0101<\/li>\n<li>sertifik\u0101ts internaj\u0101 medic\u012bn\u0101<\/li>\n<li>oblig\u0101tas valsts valodas zin\u0101\u0161anas<\/li>\n<\/ul>\n<p><strong>M\u0113s pied\u0101v\u0101jam<\/strong><\/p>\n<ul>\n<li>M\u0113ne\u0161algu EUR 2100<\/li>\n<li>Iesp\u0113ju pilnveidot profesion\u0101l\u0101s iema\u0146as<\/li>\n<li>Atsauc\u012bgus un draudz\u012bgus darba kol\u0113\u0123us<\/li>\n<li>Vesel\u012bbas apdro\u0161in\u0101\u0161anas polisi p\u0113c p\u0101rbaudes laika beig\u0101m<\/li>\n<li>Atlaidi R\u012bgas pils\u0113tas sabiedriskaj\u0101 transport\u0101<\/li>\n<li>Bezmaksas autost\u0101vvietu<\/li>\n<\/ul>\n<p>&nbsp;<\/p>\n<p>&nbsp;<\/p>\n"},{"nosaukums":"KVALIT\u0100TES VAD\u012aT\u0100JS","apraksts":"<h3>Pras\u012bbas kandid\u0101tiem<\/h3>\n<ul>\n<li>Augst\u0101k\u0101 izgl\u012bt\u012bba medic\u012bn\u0101 un\/vai kvalit\u0101tes vad\u012bb\u0101<\/li>\n<li>Papildus apm\u0101c\u012bba:<\/li>\n<li>Kvalit\u0101tes vad\u012bba<\/li>\n<li>Kvalit\u0101tes vad\u012bbas sist\u0113mas iek\u0161\u0113jais audits<\/li>\n<li>Procesu vad\u012bba<\/li>\n<li>Darba pieredze iek\u0161\u0113j\u0101 audita un p\u0101rbau\u017eu pl\u0101no\u0161an\u0101, organiz\u0113\u0161an\u0101 un veik\u0161an\u0101<\/li>\n<li>Darba pieredze procesu ievie\u0161an\u0101 un uztur\u0113\u0161an\u0101<\/li>\n<li>Zin\u0101\u0161anas un izpratne par ISO 9001 standartu pras\u012bb\u0101m<\/li>\n<li>P\u0101rzin\u0101t profesion\u0101lo darb\u012bbu reglament\u0113jo\u0161o normat\u012bvo b\u0101zi<\/li>\n<li>Sp\u0113ja uz\u0146emties atbild\u012bbu un analiz\u0113t situ\u0101ciju<\/li>\n<li>Prasme p\u0101rliecin\u0101t un argument\u0113ti aizst\u0101v\u0113t savu viedokli<\/li>\n<\/ul>\n<h3>Darba pien\u0101kumu apraksts<\/h3>\n<ul>\n<li>Uztur\u0113t un pilnveidot Slimn\u012bc\u0101 \u0101rstniec\u012bbas kvalit\u0101tes un pacientu dro\u0161\u012bbas vad\u012bbas sist\u0113mu<\/li>\n<li>Nodro\u0161in\u0101t Slimn\u012bcas \u0101rstniec\u012bbas pakalpojumu kvalit\u0101tes un pacientu dro\u0161\u012bbas pilnveido\u0161anu<\/li>\n<li>Nodro\u0161in\u0101t Slimn\u012bcas \u0101rstniecisk\u0101s darb\u012bbas efektivit\u0101tes anal\u012bzi, balstoties uz medic\u012bnas statistikas datiem<\/li>\n<li>Regul\u0101ri izv\u0113rt\u0113t galveno procesu dro\u0161umu, produktivit\u0101ti un efektivit\u0101ti un sniegt atzinumu un priek\u0161likumus par nepiecie\u0161amajiem uzlabojumiem<\/li>\n<li>Apzin\u0101t faktorus un riskus, kas ietekm\u0113 Slimn\u012bcas procesu un sniegto pakalpojumu kvalit\u0101ti un dro\u0161umu, ieteikt veidus, k\u0101 min\u0113tos riskus mazin\u0101t vai nov\u0113rst<\/li>\n<li>Pl\u0101not un organiz\u0113t \u0101r\u0113jos un iek\u0161\u0113jos kvalit\u0101tes auditus<\/li>\n<li>Izstr\u0101d\u0101t pakalpojumu snieg\u0161anas procesu kontroles pras\u012bbas un dokument\u0113t to<\/li>\n<\/ul>\n<h3>M\u0113s pied\u0101v\u0101jam<\/h3>\n<ul>\n<li>M\u0113ne\u0161algu EUR 2000.00.<\/li>\n<li>Vesel\u012bbas apdro\u0161in\u0101\u0161anas polisi p\u0113c p\u0101rbaudes laika<\/li>\n<li>Bezmaksas autost\u0101vvietu<\/li>\n<\/ul>\n<p>&nbsp;<\/p>\n"},{"nosaukums":"ANESTEZIOLOGS, REANIMATOLOGS","apraksts":"<h3>Pras\u012bbas kandid\u0101tiem<\/h3>\n<ul>\n<li>Augst\u0101k\u0101 medic\u012bnisk\u0101 izgl\u012bt\u012bba (\u0101rsta gr\u0101ds)<\/li>\n<li>Anesteziologa, reanimatologa sertifik\u0101ts<\/li>\n<li>Iepriek\u0161\u0113ja darba pieredze specialit\u0101t\u0113<\/li>\n<li>Komunikabilit\u0101te, sp\u0113ja darboties patst\u0101v\u012bgi un komand\u0101<\/li>\n<li>Precizit\u0101te, iniciat\u012bva, augsta atbild\u012bbas saj\u016bta<\/li>\n<li>Sp\u0113ja anal\u012btiski dom\u0101t un pie\u0146emt l\u0113mumus<\/li>\n<li>Var b\u016bt anesteziologa, reanimatologa specialit\u0101tes rezidents<\/li>\n<\/ul>\n<h3>Darba pien\u0101kumu apraksts<\/h3>\n<ul>\n<li>Nodro\u0161in\u0101t pacientiem oper\u0101cij\u0101s vai manipul\u0101cij\u0101s, kur nepiecie\u0161ama anest\u0113zija &#8212; visp\u0101r\u0113jo anest\u0113ziju vai re\u0123ion\u0101lo anest\u0113ziju garant\u0113jot pacienta dro\u0161\u012bbu<\/li>\n<li>Pirms oper\u0101cij\u0101m anest\u0113zij\u0101 veikt pacientu apskati, k\u0101 ar\u012b laboratorisko testu un diagnostisko izmekl\u0113jumu izv\u0113rt\u0113\u0161anu<\/li>\n<li>Sadarboties ar citu specialit\u0101\u0161u \u0101rstiem<\/li>\n<\/ul>\n<h3>M\u0113s pied\u0101v\u0101jam<\/h3>\n<ul>\n<li>M\u0113ne\u0161alga 2830.00 (sertific\u0113tam anesteziologam, reanimatologam)<\/li>\n<li>M\u0113ne\u0161alga 2550.00 (\u0101rstam, sta\u017eierim)<\/li>\n<li>Piemaksa par intensit\u0101ti, st\u0101\u017eu, \u012bpa\u0161iem apst\u0101k\u013ciem, nakts darbu, darbu sv\u0113tku dien\u0101s, virsstundu darbu<\/li>\n<li>Piemaksu par maksas oper\u0101ciju veik\u0161anu<\/li>\n<li>Vesel\u012bbas apdro\u0161in\u0101\u0161anas polisi p\u0113c p\u0101rbaudes laika<\/li>\n<li>Bezmaksas autost\u0101vvietu<\/li>\n<li>Atlaides R\u012bgas pils\u0113tas sabiedriskaj\u0101 transport\u0101<\/li>\n<\/ul>\n<p>&nbsp;<\/p>\n"},{"nosaukums":"KARDIOLOGS","apraksts":"<p><strong>Darba pien\u0101kumi:<\/strong><\/p>\n<ul data-start=\"134\" data-end=\"622\">\n<li>Veikt pacientu sirds-asinsvadu slim\u012bbu diagnostiku un \u0101rst\u0113\u0161anu.<\/li>\n<li>Aprakst\u012bt elektrokardiogrammas (EKG) un Holtera monitor\u0113jumus.<\/li>\n<li>Veikt un aprakst\u012bt ehokardiogr\u0101fijas (EHO) izmekl\u0113jumus.<\/li>\n<li>Konsult\u0113t pacientus un izstr\u0101d\u0101t izmekl\u0113\u0161anas un \u0101rst\u0113\u0161anas pl\u0101nu.<\/li>\n<li>Dokument\u0113t pacientu datus un ievad\u012bt inform\u0101ciju sist\u0113m\u0101 <em>\u0100rsta birojs<\/em>.<\/li>\n<li>Sadarboties ar citiem \u0101rstiem un medic\u012bnas person\u0101lu.<\/li>\n<li>Iev\u0113rot \u0101rstniec\u012bbas standartus, normat\u012bvos aktus un slimn\u012bcas iek\u0161\u0113j\u0101s k\u0101rt\u012bbas.<\/li>\n<\/ul>\n<p><strong>M\u0113s pied\u0101v\u0101jam:<\/strong><\/p>\n<ul data-start=\"644\" data-end=\"1008\">\n<li>Atalgojumu:\n<ul data-start=\"662\" data-end=\"919\">\n<li>EHO manipul\u0101cijas \u2013 40% no NVD noteikt\u0101s summas;<\/li>\n<li>Holtera apraksts \u2013 50% no NVD noteikt\u0101s summas;<\/li>\n<li>Kardiologa maksas konsult\u0101cijas \u2013 45% no pakalpojuma maksas;<\/li>\n<li>Par EHO un Holtera izmekl\u0113jumiem maksas pacientiem \u2013 30% no iekas\u0113t\u0101s summas;<\/li>\n<\/ul>\n<\/li>\n<li>Profesion\u0101lu un atbalsto\u0161u darba vidi;<\/li>\n<li>Iesp\u0113ju str\u0101d\u0101t ar m\u016bsdien\u012bgu apr\u012bkojumu.<\/li>\n<\/ul>\n<p><strong>Pras\u012bbas kandid\u0101tiem:<\/strong><\/p>\n<ul data-start=\"1036\" data-end=\"1359\">\n<li>Augst\u0101k\u0101 medic\u012bnisk\u0101 izgl\u012bt\u012bba un kardiologa sertifik\u0101ts;<\/li>\n<li>Re\u0123istr\u0101cija \u0100rstniec\u012bbas personu re\u0123istr\u0101;<\/li>\n<li>Pieredze kardiolo\u0123ij\u0101 (v\u0113lama);<\/li>\n<li>Prasmes darb\u0101 ar EKG, Holtera un EHO izmekl\u0113jumiem;<\/li>\n<li>Labas komunik\u0101cijas prasmes un atbild\u012bbas saj\u016bta;<\/li>\n<li>Datorprasmes (v\u0113lams darbs ar medic\u012bnas inform\u0101cijas sist\u0113m\u0101m).<\/li>\n<\/ul>\n<p>&nbsp;<\/p>\n"}]},{"nosaukums":"Tehniskais person\u0101ls","vakances":false}],"vakancu_apraksts":"<div class=\"responsive-container\"><iframe loading=\"lazy\" title=\"Pievienojies R\u012bgas 2. slimn\u012bcas komandai!\" width=\"1778\" height=\"1000\" src=\"https:\/\/www.youtube.com\/embed\/NTVw_QwItQA?feature=oembed\" frameborder=\"0\" allow=\"accelerometer; autoplay; clipboard-write; encrypted-media; gyroscope; picture-in-picture\" allowfullscreen><\/iframe><\/div>\n","bloki_ar_ikonam":[{"teksts":"","ikona":"<i class=\"fa-classic fa-solid fa-phone\" aria-hidden=\"true\"><\/i>","talruni":[{"talrunis":"+371 67607261"}],"e-pasti":false,"radit_apaksa":false},{"teksts":"<p>Lai pieteiktos vakancei, s\u016btiet savu CV un \u012bsu motiv\u0101ciju uz e-pastu<\/p>\n","ikona":"<i class=\"fa-classic fa-solid fa-envelope\" aria-hidden=\"true\"><\/i>","talruni":false,"e-pasti":[{"e-pasts":"personals@slimnica.lv"}],"radit_apaksa":false},{"teksts":"<p>Pamatojoties uz ES Visp\u0101r\u012bg\u0101s datu aizsardz\u012bbas regulas 13. pantu, SIA &#171;R\u012bgas 2. slimn\u012bca&#187; inform\u0113, ka:<\/p>\n<ol>\n<li>J\u016bsu personas datu apstr\u0101des p\u0101rzinis ir SIA &#171;R\u012bgas 2. slimn\u012bca&#187;. Adrese: \u0122imnastikas iela 1, R\u012bga, LV-1004;<\/li>\n<li>J\u016bsu pieteikuma dokumentos nor\u0101d\u012btie personas dati tiks apstr\u0101d\u0101ti, lai nodro\u0161in\u0101tu \u0161\u012bs atlases konkursa norisi.<\/li>\n<li>Papildus inform\u0101ciju J\u016bs variet uzzin\u0101t m\u016bsu m\u0101jas lap\u0101: http:\/\/www.slimnica.lv\/f\/uploads\/\/Privpolicy20199.pdf<\/li>\n<\/ol>\n<p>Papildus inform\u0101ciju var uzzin\u0101t, iepaz\u012bstoties ar <a href=\"https:\/\/www.slimnica.lv\/wp-content\/uploads\/2022\/10\/privatumapolitika2022.pdf\" target=\"_blank\" rel=\"noopener\">priv\u0101tuma atrunu<\/a> vai sazinoties <a href=\"mailto:datu.specialists@slimnica.lv\">datu.specialists@slimnica.lv<\/a><\/p>\n<p>&nbsp;<\/p>\n","ikona":"<i class=\"fa-classic fa-solid fa-exclamation\" aria-hidden=\"true\"><\/i>","talruni":false,"e-pasti":false,"radit_apaksa":true}],"darbinieku_labumi_-_virsraksts":"Darbinieku labumi","darbinieku_labumi_-_attels":{"ID":4650,"id":4650,"title":"Vakances R\u012bgas 2. slimn\u012bc\u0101","filename":"R2S-labumi.png","filesize":240548,"url":"https:\/\/www.slimnica.lv\/wp-content\/uploads\/2023\/07\/R2S-labumi.png","link":"https:\/\/www.slimnica.lv\/ru\/par-mums\/vakances\/r2s-labumi\/","alt":"","author":"2","description":"","caption":"Ieguvumi, str\u0101d\u0101jot R\u012bgas 2. slimn\u012bc\u0101","name":"r2s-labumi","status":"inherit","uploaded_to":135,"date":"2023-07-27 08:48:01","modified":"2023-08-28 10:57:35","menu_order":0,"mime_type":"image\/png","type":"image","subtype":"png","icon":"https:\/\/www.slimnica.lv\/wp-includes\/images\/media\/default.png","width":2000,"height":1414,"sizes":{"thumbnail":"https:\/\/www.slimnica.lv\/wp-content\/uploads\/2023\/07\/R2S-labumi-150x150.png","thumbnail-width":150,"thumbnail-height":150,"medium":"https:\/\/www.slimnica.lv\/wp-content\/uploads\/2023\/07\/R2S-labumi-300x212.png","medium-width":300,"medium-height":212,"medium_large":"https:\/\/www.slimnica.lv\/wp-content\/uploads\/2023\/07\/R2S-labumi.png","medium_large-width":768,"medium_large-height":543,"large":"https:\/\/www.slimnica.lv\/wp-content\/uploads\/2023\/07\/R2S-labumi-1024x724.png","large-width":1024,"large-height":724,"1536x1536":"https:\/\/www.slimnica.lv\/wp-content\/uploads\/2023\/07\/R2S-labumi.png","1536x1536-width":1536,"1536x1536-height":1086,"2048x2048":"https:\/\/www.slimnica.lv\/wp-content\/uploads\/2023\/07\/R2S-labumi.png","2048x2048-width":2000,"2048x2048-height":1414}}},"aioseo_notices":[],"_links":{"self":[{"href":"https:\/\/www.slimnica.lv\/ru\/wp-json\/wp\/v2\/pages\/135","targetHints":{"allow":["GET"]}}],"collection":[{"href":"https:\/\/www.slimnica.lv\/ru\/wp-json\/wp\/v2\/pages"}],"about":[{"href":"https:\/\/www.slimnica.lv\/ru\/wp-json\/wp\/v2\/types\/page"}],"author":[{"embeddable":true,"href":"https:\/\/www.slimnica.lv\/ru\/wp-json\/wp\/v2\/users\/1"}],"replies":[{"embeddable":true,"href":"https:\/\/www.slimnica.lv\/ru\/wp-json\/wp\/v2\/comments?post=135"}],"version-history":[{"count":109,"href":"https:\/\/www.slimnica.lv\/ru\/wp-json\/wp\/v2\/pages\/135\/revisions"}],"predecessor-version":[{"id":8298,"href":"https:\/\/www.slimnica.lv\/ru\/wp-json\/wp\/v2\/pages\/135\/revisions\/8298"}],"up":[{"embeddable":true,"href":"https:\/\/www.slimnica.lv\/ru\/wp-json\/wp\/v2\/pages\/123"}],"wp:attachment":[{"href":"https:\/\/www.slimnica.lv\/ru\/wp-json\/wp\/v2\/media?parent=135"}],"curies":[{"name":"wp","href":"https:\/\/api.w.org\/{rel}","templated":true}]}}