{"id":2228,"date":"2022-12-20T13:54:33","date_gmt":"2022-12-20T11:54:33","guid":{"rendered":"https:\/\/slimnica.lv\/?page_id=2228"},"modified":"2023-12-04T16:11:10","modified_gmt":"2023-12-04T14:11:10","slug":"valde","status":"publish","type":"page","link":"https:\/\/www.slimnica.lv\/ru\/par-mums\/kas-mes-esam\/valde\/","title":{"rendered":"Valde"},"content":{"rendered":"","protected":false},"excerpt":{"rendered":"","protected":false},"author":2,"featured_media":0,"parent":131,"menu_order":25,"comment_status":"closed","ping_status":"closed","template":"","meta":{"_acf_changed":false,"om_disable_all_campaigns":false,"inline_featured_image":false,"_monsterinsights_skip_tracking":false,"_monsterinsights_sitenote_active":false,"_monsterinsights_sitenote_note":"","_monsterinsights_sitenote_category":0,"_uf_show_specific_survey":0,"_uf_disable_surveys":false,"footnotes":""},"class_list":["post-2228","page","type-page","status-publish","hentry"],"acf":{"valdes_locekli":[{"foto":{"ID":3685,"id":3685,"title":"Sandris_Petronis_R2S_2023","filename":"DSC00779_Sandris_Petronis_crop2.png","filesize":5674394,"url":"https:\/\/www.slimnica.lv\/wp-content\/uploads\/2023\/02\/DSC00779_Sandris_Petronis_crop2.png","link":"https:\/\/www.slimnica.lv\/ru\/par-mums\/kas-mes-esam\/valde\/dsc00779_sandris_petronis_crop2\/","alt":"","author":"2","description":"","caption":"","name":"dsc00779_sandris_petronis_crop2","status":"inherit","uploaded_to":2228,"date":"2023-02-01 07:50:48","modified":"2023-02-01 07:51:05","menu_order":0,"mime_type":"image\/png","type":"image","subtype":"png","icon":"https:\/\/www.slimnica.lv\/wp-includes\/images\/media\/default.png","width":2644,"height":2644,"sizes":{"thumbnail":"https:\/\/www.slimnica.lv\/wp-content\/uploads\/2023\/02\/DSC00779_Sandris_Petronis_crop2-150x150.png","thumbnail-width":150,"thumbnail-height":150,"medium":"https:\/\/www.slimnica.lv\/wp-content\/uploads\/2023\/02\/DSC00779_Sandris_Petronis_crop2-300x300.png","medium-width":300,"medium-height":300,"medium_large":"https:\/\/www.slimnica.lv\/wp-content\/uploads\/2023\/02\/DSC00779_Sandris_Petronis_crop2.png","medium_large-width":768,"medium_large-height":768,"large":"https:\/\/www.slimnica.lv\/wp-content\/uploads\/2023\/02\/DSC00779_Sandris_Petronis_crop2-1024x1024.png","large-width":1024,"large-height":1024,"1536x1536":"https:\/\/www.slimnica.lv\/wp-content\/uploads\/2023\/02\/DSC00779_Sandris_Petronis_crop2.png","1536x1536-width":1536,"1536x1536-height":1536,"2048x2048":"https:\/\/www.slimnica.lv\/wp-content\/uploads\/2023\/02\/DSC00779_Sandris_Petronis_crop2.png","2048x2048-width":2048,"2048x2048-height":2048}},"vards_uzvards":"dr. Sandris Petronis","amats":"valdes priek\u0161s\u0113d\u0113t\u0101js","e-pasts":"slimnica@slimnica.lv","talrunis":"+371 67614973","cv":"<p><em>Pilnvaru termi\u0146\u0161 l\u012bdz 2024. gada 28. novembrim.<\/em><\/p>\n<h4><\/h4>\n<h4><span style=\"text-decoration: underline;\">Profesion\u0101l\u0101 pieredze<\/span><\/h4>\n<p><strong>2019 &#8212; l\u012bdz \u0161im<\/strong> valdes priek\u0161s\u0113d\u0113t\u0101js,\u00a0 SIA \u201cR\u012bgas 2. slimn\u012bca\u201d<\/p>\n<p><strong>2015 &#8212; 2019<\/strong> 4. noda\u013cas vad\u012bt\u0101js, SIA \u201cR\u012bgas 2. slimn\u012bca\u201d<\/p>\n<p><strong>2009 &#8212;<\/strong> <strong>l\u012bdz \u0161im\u00a0 <\/strong>pasniedz\u0113js traumatolo\u0123ij\u0101 un ortop\u0113dij\u0101,\u00a0 R\u012bgas Stradi\u0146a universitate, Ortop\u0113dijas katedra<\/p>\n<p><strong>2000 &#8212;<\/strong> <strong>l\u012bdz \u0161im<\/strong> sertific\u0113ts \u0101rsts traumatologs, ortop\u0113ds,\u00a0 SIA \u201cR\u012bgas 2. slimn\u012bca\u201d<\/p>\n<p><strong>1993 &#8212;<\/strong> <strong>l\u012bdz \u0161im <\/strong>uzs\u0101ktas darba gaitas SIA \u201cR\u012bgas 2.slimn\u012bca\u201d.<\/p>\n<p>&nbsp;<\/p>\n<hr \/>\n<h4><\/h4>\n<h4><span style=\"text-decoration: underline;\">Izgl\u012bt\u012bba<\/span><\/h4>\n<p><strong>2016 &#8212; 2018<\/strong> Biznesa augstskola \u201cTur\u012bba\u201d, profesion\u0101l\u0101 ma\u0123istra gr\u0101ds uz\u0146\u0113m\u0113jdarb\u012bbas vad\u012bb\u0101 un uz\u0146\u0113mumu un iest\u0101\u017eu vad\u012bt\u0101ja kvalifik\u0101cija, ieg\u016bts sertifik\u0101ts par specializ\u0101cijas kursa apguvi vesel\u012bbas apr\u016bp\u0113<\/p>\n<p><strong>2011 &#8212; 2016<\/strong> R\u012bgas Stradi\u0146a universit\u0101te, Doktorant\u016bras noda\u013ca<\/p>\n<p><strong>1996 &#8212; 2000<\/strong> Rezident\u016bras kurss traumatolo\u0123ij\u0101 un ortop\u0113dij\u0101, Latvijas Medic\u012bnas akad\u0113mija, ieg\u016btot \u0101rsta speci\u0101lista kvalifik\u0101ciju\u00a0 traumatologa, ortop\u0113da specialit\u0101t\u0113<\/p>\n<p><strong>1990 &#8212; 1996<\/strong> Latvijas Medic\u012bnas akad\u0113mija, \u0101rsta gr\u0101ds<\/p>\n<p>&nbsp;<\/p>\n<hr \/>\n<h4><\/h4>\n<h4><span style=\"text-decoration: underline;\">Dal\u012bba profesion\u0101laj\u0101s organiz\u0101cij\u0101s<\/span><\/h4>\n<ul>\n<li>Latvijas \u0100rstu biedr\u012bba, valdes loceklis;<\/li>\n<li>Latvijas Slimn\u012bcu biedr\u012bba, valdes loceklis;<\/li>\n<li>Latvijas Traumatologu un ortop\u0113du asoci\u0101cija, valdes loceklis;<\/li>\n<li>Latvijas G\u016b\u017eas un ce\u013ca loc\u012btavas endoprotez\u0113\u0161anas asoci\u0101cija, biedrs;<\/li>\n<li>Latvijas Ce\u013ca loc\u012btavas \u0137irur\u0123ijas, artroskopijas un sporta ortop\u0113dijas asoci\u0101cija, biedrs.<\/li>\n<\/ul>\n<p>&nbsp;<\/p>\n<hr \/>\n<p>&nbsp;<\/p>\n<p>&nbsp;<\/p>\n<p>&nbsp;<\/p>\n"},{"foto":{"ID":3703,"id":3703,"title":"kristaps.locs_R2S_2023","filename":"kristaps.locs_R2S_2023.png","filesize":789657,"url":"https:\/\/www.slimnica.lv\/wp-content\/uploads\/2023\/02\/kristaps.locs_R2S_2023.png","link":"https:\/\/www.slimnica.lv\/ru\/kontakti\/kristaps-locs_r2s_2023\/","alt":"","author":"2","description":"","caption":"","name":"kristaps-locs_r2s_2023","status":"inherit","uploaded_to":121,"date":"2023-02-02 10:59:31","modified":"2023-02-02 10:59:31","menu_order":0,"mime_type":"image\/png","type":"image","subtype":"png","icon":"https:\/\/www.slimnica.lv\/wp-includes\/images\/media\/default.png","width":946,"height":946,"sizes":{"thumbnail":"https:\/\/www.slimnica.lv\/wp-content\/uploads\/2023\/02\/kristaps.locs_R2S_2023-150x150.png","thumbnail-width":150,"thumbnail-height":150,"medium":"https:\/\/www.slimnica.lv\/wp-content\/uploads\/2023\/02\/kristaps.locs_R2S_2023-300x300.png","medium-width":300,"medium-height":300,"medium_large":"https:\/\/www.slimnica.lv\/wp-content\/uploads\/2023\/02\/kristaps.locs_R2S_2023.png","medium_large-width":768,"medium_large-height":768,"large":"https:\/\/www.slimnica.lv\/wp-content\/uploads\/2023\/02\/kristaps.locs_R2S_2023.png","large-width":946,"large-height":946,"1536x1536":"https:\/\/www.slimnica.lv\/wp-content\/uploads\/2023\/02\/kristaps.locs_R2S_2023.png","1536x1536-width":946,"1536x1536-height":946,"2048x2048":"https:\/\/www.slimnica.lv\/wp-content\/uploads\/2023\/02\/kristaps.locs_R2S_2023.png","2048x2048-width":946,"2048x2048-height":946}},"vards_uzvards":"Kristaps Lo\u010ds","amats":"valdes loceklis","e-pasts":"kristaps.locs@slimnica.lv","talrunis":"+371 67614973","cv":"<p><em>Pilnvaru termi\u0146\u0161 l\u012bdz 2028. gada 1. febru\u0101rim.<\/em><\/p>\n<p>&nbsp;<\/p>\n<h4><span style=\"text-decoration: underline;\">Profesion\u0101l\u0101 pieredze<\/span><\/h4>\n<p><strong>2023 \u2013 l\u012bdz \u0161im<\/strong> valdes loceklis, SIA \u201cR\u012bgas 2. slimn\u012bca\u201d<\/p>\n<p><strong>2018 &#8212; 2023<\/strong>\u00a0izpilddirektors, M\u0101rupes novada pa\u0161vald\u012bba<\/p>\n<p><strong>2016 &#8212; 2018<\/strong>\u00a0Administr\u0101cijas vad\u012bt\u0101js, M\u0101rupes novada pa\u0161vald\u012bba<\/p>\n<p><strong>2013 &#8212; 2016<\/strong>\u00a0Biznesa konsult\u0101ciju noda\u013cas konsultants, SIA \u201cDeloitte Latvia\u201d<\/p>\n<p><strong>2011<\/strong> finan\u0161u anal\u012bti\u0137is, SIA \u201cCE Services\u201d (\u201cCE ASSET MANAGEMENT\u201d AG)<\/p>\n<p>&nbsp;<\/p>\n<hr \/>\n<h4><\/h4>\n<h4><span style=\"text-decoration: underline;\">Izgl\u012bt\u012bba<\/span><\/h4>\n<p><strong>2016-2018<\/strong> \u2013 R\u012bgas Tehnisk\u0101 universit\u0101te, profesion\u0101lais ma\u0123istra gr\u0101ds ekonomik\u0101, Pils\u0113tu un re\u0123ionu in\u017eenierekonomika<\/p>\n<p><strong>febru\u0101ris &#8212; j\u016blijs, 2012<\/strong> \u2013 ERASMUS studiju apmai\u0146as programma, Trento Universit\u0101te, It\u0101lija<\/p>\n<p><strong>2010-2013<\/strong> \u2013 R\u012bgas Stradi\u0146a universit\u0101te, bakalaura gr\u0101ds vad\u012bbzin\u0101tn\u0113, Eiropas ekonomika un bizness<\/p>\n"}]},"aioseo_notices":[],"_links":{"self":[{"href":"https:\/\/www.slimnica.lv\/ru\/wp-json\/wp\/v2\/pages\/2228","targetHints":{"allow":["GET"]}}],"collection":[{"href":"https:\/\/www.slimnica.lv\/ru\/wp-json\/wp\/v2\/pages"}],"about":[{"href":"https:\/\/www.slimnica.lv\/ru\/wp-json\/wp\/v2\/types\/page"}],"author":[{"embeddable":true,"href":"https:\/\/www.slimnica.lv\/ru\/wp-json\/wp\/v2\/users\/2"}],"replies":[{"embeddable":true,"href":"https:\/\/www.slimnica.lv\/ru\/wp-json\/wp\/v2\/comments?post=2228"}],"version-history":[{"count":20,"href":"https:\/\/www.slimnica.lv\/ru\/wp-json\/wp\/v2\/pages\/2228\/revisions"}],"predecessor-version":[{"id":4805,"href":"https:\/\/www.slimnica.lv\/ru\/wp-json\/wp\/v2\/pages\/2228\/revisions\/4805"}],"up":[{"embeddable":true,"href":"https:\/\/www.slimnica.lv\/ru\/wp-json\/wp\/v2\/pages\/131"}],"wp:attachment":[{"href":"https:\/\/www.slimnica.lv\/ru\/wp-json\/wp\/v2\/media?parent=2228"}],"curies":[{"name":"wp","href":"https:\/\/api.w.org\/{rel}","templated":true}]}}