{"id":3173,"date":"2023-01-03T14:26:49","date_gmt":"2023-01-03T12:26:49","guid":{"rendered":"https:\/\/slimnica.lv\/?page_id=3173"},"modified":"2025-10-28T15:56:09","modified_gmt":"2025-10-28T13:56:09","slug":"garigais-un-socialais-atbalsts","status":"publish","type":"page","link":"https:\/\/www.slimnica.lv\/ru\/pacientiem\/garigais-un-socialais-atbalsts\/","title":{"rendered":"Gar\u012bgais un soci\u0101lais atbalsts"},"content":{"rendered":"<p class=\"qtranxs-available-languages-message qtranxs-available-languages-message-ru\">\u0418\u0437\u0432\u0438\u043d\u0438\u0442\u0435, \u044d\u0442\u043e\u0442 \u0442\u0435\u043a\u0441\u0442 \u0434\u043e\u0441\u0442\u0443\u043f\u0435\u043d \u0442\u043e\u043b\u044c\u043a\u043e \u043d\u0430 \u201c<a href=\"https:\/\/www.slimnica.lv\/lv\/wp-json\/wp\/v2\/pages\/3173\" class=\"qtranxs-available-language-link qtranxs-available-language-link-lv\" title=\"Latvie\u0161u\">Latvie\u0161u<\/a>\u201d.<\/p><p><b>R\u012bgas 2. slimn\u012bcas pacientiem ir iesp\u0113jams sa\u0146emt <\/b><strong>vesel\u012bbas apr\u016bpi m\u0101j\u0101s, soci\u0101l\u0101 apr\u016bpi, k\u0101 ar\u012b gar\u012bgo un emocion\u0101lo atbalstu.<\/strong><\/p>\n<div class=\"vakances_page\"><div class=\"vakances_wrap mb-0\"><div class=\"single_vakance\"><a class=\"single_vakance_btn\" data-bs-toggle=\"collapse\" href=\"#buj_veselibas-aprupe-majas\" role=\"button\" aria-expanded=\"false\" aria-controls=\"buj_veselibas-aprupe-majas\"><h4 class=\"mb-0\">Vesel\u012bbas apr\u016bpe m\u0101j\u0101s<\/h4><i class=\"fa-solid fa-chevron-right\"><\/i><\/a><div class=\"collapse\" id=\"buj_veselibas-aprupe-majas\"><div class=\"vakance_content\"><\/p>\n<p><strong>Pacientiem p\u0113c izrakst\u012b\u0161anas no slimn\u012bcas ir iesp\u0113jams sa\u0146emt vesel\u012bbas apr\u016bpes pakalpojumu m\u0101j\u0101s \u0161\u0101dos gad\u012bjumos:<\/strong><\/p>\n<ul>\n<li aria-level=\"1\">pacientam ir hroniska saslim\u0161ana un p\u0101rvieto\u0161an\u0101s trauc\u0113jumi, kuru d\u0113\u013c pacients nesp\u0113j ierasties \u0101rstniec\u012bbas iest\u0101d\u0113;<\/li>\n<li aria-level=\"1\">pacients ir izrakst\u012bts no stacion\u0101r\u0101s \u0101rstniec\u012bbas iest\u0101des vai no dienas stacion\u0101ra p\u0113c \u0137irur\u0123iskas iejauk\u0161an\u0101s;<\/li>\n<li aria-level=\"1\">pacientam (ar diagnozi I60 (Subarahnoid\u0101ls asinsizpl\u016bdums), I61 (Intracerebr\u0101ls asinsizpl\u016bdums), I63 (Smadze\u0146u infarkts), I64 (Insults, nepreciz\u0113jot, vai tas ir asinsizpl\u016bdums vai infarkts) vai I69 (Cerebrovaskul\u0101ru slim\u012bbu sekas) nepiecie\u0161ami medic\u012bnisk\u0101s rehabilit\u0101cijas pakalpojumi un to snieg\u0161ana uzs\u0101kta se\u0161u m\u0113ne\u0161u laik\u0101 p\u0113c saslim\u0161anas.<\/li>\n<\/ul>\n<p><a href=\"http:\/\/www.vmnvd.gov.lv\/lv\/veselibas-aprupes-pakalpojumi\/veselibas-aprupe-majas\" rel=\"nofollow noopener\" target=\"_blank\">Pla\u0161\u0101ka inform\u0101cija par vesel\u012bbas apr\u016bpi m\u0101j\u0101s pieejam Nacion\u0101l\u0101 vesel\u012bbas dienesta t\u012bmek\u013cvietn\u0113<\/a><\/p>\n<p><\/div><\/div><\/div><\/div><\/div>\n<div class=\"vakances_page\"><div class=\"vakances_wrap mb-0\"><div class=\"single_vakance\"><a class=\"single_vakance_btn\" data-bs-toggle=\"collapse\" href=\"#buj_sociala-aprupe\" role=\"button\" aria-expanded=\"false\" aria-controls=\"buj_sociala-aprupe\"><h4 class=\"mb-0\">Soci\u0101l\u0101 apr\u016bpe<\/h4><i class=\"fa-solid fa-chevron-right\"><\/i><\/a><div class=\"collapse\" id=\"buj_sociala-aprupe\"><div class=\"vakance_content\"><\/p>\n<p><strong>Slimn\u012bcas pacientiem un vi\u0146u tuviniekiem ir iesp\u0113jams v\u0113rsties pie slimn\u012bcas soci\u0101l\u0101 darbinieka, lai sa\u0146emtu konsult\u0101ciju par turpm\u0101ko soci\u0101lo apr\u016bpi (m\u0101j\u0101s vai instit\u016bcij\u0101), soci\u0101l\u0101s pal\u012bdz\u012bbas iesp\u0113j\u0101m un atbalstu probl\u0113mu risin\u0101\u0161an\u0101:<\/strong><\/p>\n<ul>\n<li aria-level=\"1\">R\u012bgas iedz\u012bvot\u0101jiem inform\u0101cija par turpm\u0101kiem soci\u0101l\u0101 atbalsta risin\u0101jumiem un to sa\u0146em\u0161anas k\u0101rt\u012bbu pieejama\u00a0<a href=\"http:\/\/www.ld.riga.lv\/lv\/paklautibas-iestades\/rigas-domes-socialais-dienests.html\" rel=\"nofollow noopener\" target=\"_blank\">R\u012bgas Soci\u0101l\u0101 dienesta t\u012bmek\u013ca vietn\u0113<\/a>;<\/li>\n<li aria-level=\"1\">P\u0101r\u0113jo pa\u0161vald\u012bbu iedz\u012bvot\u0101ji inform\u0101ciju par turpm\u0101kiem soci\u0101l\u0101 atbalsta risin\u0101jumiem var sa\u0146emt savas pa\u0161vald\u012bbas soci\u0101laj\u0101 dienest\u0101.<\/li>\n<\/ul>\n<p><strong>Soci\u0101l\u0101 darbinieka t\u0101lrunis: +371 67607257<\/strong><\/p>\n<p>&nbsp;<\/p>\n<h2><del><\/p>\n<hr \/>\n<p><\/del><\/h2>\n<p><span style=\"font-size: 16px;\">Aicin\u0101m piedal\u012bties aptauj\u0101!<\/span><\/p>\n<p><strong>L\u016bdzam J\u016bs aizpild\u012bt \u012bsu <a href=\"https:\/\/forms.office.com\/e\/1eaVCpQX2w?origin=lprLink\" rel=\"nofollow noopener\" target=\"_blank\">aptauju<\/a>, daloties sav\u0101 pieredz\u0113 par soci\u0101l\u0101 darbinieka sniegto atbalstu slimn\u012bc\u0101:<\/strong><\/p>\n<p><strong><span style=\"color: #000000;\"><a style=\"color: #000000;\" href=\"https:\/\/forms.office.com\/e\/1eaVCpQX2w?origin=lprLink\" rel=\"nofollow noopener\" target=\"_blank\">APTAUJAS ANKETA<\/a><\/span><\/strong><\/p>\n<p><\/div><\/div><\/div><\/div><\/div>\n<div class=\"vakances_page\"><div class=\"vakances_wrap mb-0\"><div class=\"single_vakance\"><a class=\"single_vakance_btn\" data-bs-toggle=\"collapse\" href=\"#buj_garigais-atbalsts\" role=\"button\" aria-expanded=\"false\" aria-controls=\"buj_garigais-atbalsts\"><h4 class=\"mb-0\">Gar\u012bgais atbalsts<\/h4><i class=\"fa-solid fa-chevron-right\"><\/i><\/a><div class=\"collapse\" id=\"buj_garigais-atbalsts\"><div class=\"vakance_content\">\n<p><strong>Pacientam un vi\u0146a tuviniekiem slimn\u012bc\u0101 ir iesp\u0113jams sa\u0146emt gar\u012bgo atbalstu un apr\u016bpi, neatkar\u012bgi no pieder\u012bbas k\u0101dai tic\u012bbas kopienai un\/vai trad\u012bcijai<\/strong> (Pacientu ties\u012bbu likums, 3. pants, 5. punkts). M\u016bsu slimn\u012bc\u0101 emocion\u0101lo un gar\u012bgo apr\u016bpi un pastor\u0101lo kalpojumu sniedz kapel\u0101ns. Kapel\u0101 regul\u0101ri noris aizl\u016bgumi un Sv\u0113t\u0101s Mises.<\/p>\n<p>Kapel\u0101ns ir pieejams no pirmdienas l\u012bdz ceturtdienai plkst. 10:00 -18:00.<\/p>\n<p><span style=\"text-decoration: underline;\"><strong>Kapel\u0101na viz\u012bti noda\u013c\u0101 pacients un\/vai vi\u0146a tuvinieks var pieteikt:<\/strong><\/span><\/p>\n<ul>\n<li>iest\u0101joties slimn\u012bc\u0101;<\/li>\n<li>sazinoties ar \u0101rst\u0113jo\u0161o \u0101rstu vai jaut\u0101jot noda\u013cas virsm\u0101sai\/de\u017e\u016brm\u0101sai;<\/li>\n<li>rakstot uz e-pastu\u00a0<strong><a href=\"mailto:kapelane@slimnica.lv\" target=\"_blank\" rel=\"noopener\">kapelane@slimnica.lv<\/a><\/strong>\u00a0vai zvanot pa t\u0101lruni: <strong>+371 26119128<\/strong>.<\/li>\n<\/ul>\n<p><span style=\"text-decoration: underline;\"><strong>Kapel\u0101ns pied\u0101v\u0101:<\/strong><\/span><\/p>\n<ul>\n<li>sarunu konfidencialit\u0101ti;<\/li>\n<li>uzklaus\u012b\u0161anu un atbalstu, sastopoties ar traumas izrais\u012btaj\u0101m sek\u0101m;<\/li>\n<li>atbalstu domstarp\u012bbu risin\u0101\u0161an\u0101, kas radu\u0161\u0101s starp pacientu, tuviniekiem un person\u0101lu;<\/li>\n<li>pal\u012bdz\u012bbu pacienta iek\u0161\u0113jo un \u0101r\u0113jo resursu apzin\u0101\u0161an\u0101 un mobiliz\u0113\u0161an\u0101;<\/li>\n<li>gar\u012bgu un emocion\u0101lu atbalstu uztraukuma, s\u0113ru un zaud\u0113jumu gad\u012bjumos;<\/li>\n<li>personisku aizl\u016bgumu un padomdo\u0161anu, ja pacients to v\u0113las;<\/li>\n<li>pal\u012bdz\u012bbu konkr\u0113tas konfesijas\/reli\u0123ijas gar\u012bdznieka apmekl\u0113juma organiz\u0113\u0161an\u0101;<\/li>\n<li>dievkalpojumu, aizl\u016bg\u0161anu, krist\u012bbu un citu ritu\u0101lu organiz\u0113\u0161anu un koordin\u0113\u0161anu noda\u013c\u0101s un kapel\u0101.<\/li>\n<li>emocion\u0101lo un gar\u012bgo atbalstu person\u0101lam gan priv\u0101t\u0101s, gan ar darbu saist\u012bt\u0101s kr\u012b\u017eu situ\u0101cij\u0101s.<\/li>\n<\/ul>\n<hr \/>\n<p><strong><img loading=\"lazy\" decoding=\"async\" class=\"size-medium wp-image-5529 alignleft\" src=\"https:\/\/www.slimnica.lv\/wp-content\/uploads\/2023\/12\/Sv.-teva-Pio-kapela-Rigas-2-slimnica-212x300.jpg\" alt=\"\" width=\"212\" height=\"300\" srcset=\"https:\/\/www.slimnica.lv\/wp-content\/uploads\/2023\/12\/Sv.-teva-Pio-kapela-Rigas-2-slimnica-212x300.jpg 212w, https:\/\/www.slimnica.lv\/wp-content\/uploads\/2023\/12\/Sv.-teva-Pio-kapela-Rigas-2-slimnica-725x1024.jpg 725w, https:\/\/www.slimnica.lv\/wp-content\/uploads\/2023\/12\/Sv.-teva-Pio-kapela-Rigas-2-slimnica.jpg 1175w\" sizes=\"auto, (max-width: 212px) 100vw, 212px\" \/>Sv. t\u0113va Pio kapela<\/strong><\/p>\n<p>Atrodas 5. st\u0101v\u0101 iepretim liftam un ir atv\u0113rta no plkst. 8:00 l\u012bdz 19:00. Taj\u0101 aicin\u0101ts ikviens (pacienti, tuvinieki, person\u0101ls), neatkar\u012bgi no pieder\u012bbas konfesijai vai tic\u012bbai. Kapel\u0101, miera un klusuma atmosf\u0113r\u0101, esot vienatn\u0113 var netrauc\u0113ti nomierin\u0101ties, sakopot domas un uzkav\u0113ties, cik ilgi nepiecie\u0161ams.<\/p>\n<p><strong>Sv\u0113tais t\u0113vs Pio<\/strong> (1887-1968), kas dz\u012bvoja Pietral\u010din\u0101, It\u0101lij\u0101 un r\u016bp\u0113j\u0101s par cilv\u0113ku gar\u012bgo un fizisko dziedin\u0101\u0161anu, ir R\u012bgas 2. slimn\u012bcas aizbildnis. Kop\u0161 2004. gada kapel\u0101 atrodas <strong>Sv. t\u0113va Pio sv\u0113tbilde<\/strong>, ko gleznojis m\u0101kslinieks J\u0101nis Kalni\u0146\u0161. Iel\u016bkojoties sv\u0113tbild\u0113, redzams, ka Sv. t\u0113vs Pio plaukst\u0101s tur slimn\u012bcas \u0113ku.<\/p>\n<p><\/div><\/div><\/div><\/div><\/div><\/p>","protected":false},"excerpt":{"rendered":"<p>\u0418\u0437\u0432\u0438\u043d\u0438\u0442\u0435, \u044d\u0442\u043e\u0442 \u0442\u0435\u043a\u0441\u0442 \u0434\u043e\u0441\u0442\u0443\u043f\u0435\u043d \u0442\u043e\u043b\u044c\u043a\u043e \u043d\u0430 \u201cLatvie\u0161u\u201d.R\u012bgas 2. slimn\u012bcas pacientiem ir iesp\u0113jams sa\u0146emt vesel\u012bbas apr\u016bpi m\u0101j\u0101s, soci\u0101l\u0101 apr\u016bpi, k\u0101 ar\u012b gar\u012bgo un emocion\u0101lo atbalstu.<\/p>\n","protected":false},"author":2,"featured_media":0,"parent":122,"menu_order":17,"comment_status":"closed","ping_status":"closed","template":"","meta":{"_acf_changed":false,"om_disable_all_campaigns":false,"inline_featured_image":false,"_monsterinsights_skip_tracking":false,"_monsterinsights_sitenote_active":false,"_monsterinsights_sitenote_note":"","_monsterinsights_sitenote_category":0,"_uf_show_specific_survey":0,"_uf_disable_surveys":false,"footnotes":""},"class_list":["post-3173","page","type-page","status-publish","hentry"],"acf":[],"aioseo_notices":[],"_links":{"self":[{"href":"https:\/\/www.slimnica.lv\/ru\/wp-json\/wp\/v2\/pages\/3173","targetHints":{"allow":["GET"]}}],"collection":[{"href":"https:\/\/www.slimnica.lv\/ru\/wp-json\/wp\/v2\/pages"}],"about":[{"href":"https:\/\/www.slimnica.lv\/ru\/wp-json\/wp\/v2\/types\/page"}],"author":[{"embeddable":true,"href":"https:\/\/www.slimnica.lv\/ru\/wp-json\/wp\/v2\/users\/2"}],"replies":[{"embeddable":true,"href":"https:\/\/www.slimnica.lv\/ru\/wp-json\/wp\/v2\/comments?post=3173"}],"version-history":[{"count":16,"href":"https:\/\/www.slimnica.lv\/ru\/wp-json\/wp\/v2\/pages\/3173\/revisions"}],"predecessor-version":[{"id":7929,"href":"https:\/\/www.slimnica.lv\/ru\/wp-json\/wp\/v2\/pages\/3173\/revisions\/7929"}],"up":[{"embeddable":true,"href":"https:\/\/www.slimnica.lv\/ru\/wp-json\/wp\/v2\/pages\/122"}],"wp:attachment":[{"href":"https:\/\/www.slimnica.lv\/ru\/wp-json\/wp\/v2\/media?parent=3173"}],"curies":[{"name":"wp","href":"https:\/\/api.w.org\/{rel}","templated":true}]}}