{"id":3984,"date":"2023-03-31T08:24:25","date_gmt":"2023-03-31T06:24:25","guid":{"rendered":"https:\/\/www.slimnica.lv\/?page_id=3984"},"modified":"2025-12-03T15:56:16","modified_gmt":"2025-12-03T13:56:16","slug":"ligumi-ieksejas-kartibas-noteikumi-un-veidlapas","status":"publish","type":"page","link":"https:\/\/www.slimnica.lv\/ru\/pacientiem\/ligumi-ieksejas-kartibas-noteikumi-un-veidlapas\/","title":{"rendered":"L\u012bgumi, iek\u0161\u0113j\u0101s k\u0101rt\u012bbas noteikumi un veidlapas"},"content":{"rendered":"<p class=\"qtranxs-available-languages-message qtranxs-available-languages-message-ru\">\u0418\u0437\u0432\u0438\u043d\u0438\u0442\u0435, \u044d\u0442\u043e\u0442 \u0442\u0435\u043a\u0441\u0442 \u0434\u043e\u0441\u0442\u0443\u043f\u0435\u043d \u0442\u043e\u043b\u044c\u043a\u043e \u043d\u0430 \u201c<a href=\"https:\/\/www.slimnica.lv\/lv\/wp-json\/wp\/v2\/pages\/3984\" class=\"qtranxs-available-language-link qtranxs-available-language-link-lv\" title=\"Latvie\u0161u\">Latvie\u0161u<\/a>\u201d.<\/p><p><\/p>\n<ul>\n<li><a href=\"https:\/\/www.slimnica.lv\/wp-content\/uploads\/2023\/03\/20230315-Ieksejas-kartibas-noteik-stac-pacientiem.pdf\" target=\"_blank\" rel=\"noopener\">Iek\u0161\u0113j\u0101s k\u0101rt\u012bbas noteikumi slimn\u012bcas pacientiem<\/a><\/li>\n<li><a href=\"https:\/\/www.slimnica.lv\/wp-content\/uploads\/2023\/03\/20230315_ligums-ar-pacientu-par-vesel-apr-pakalp.pdf\" target=\"_blank\" rel=\"noopener\">SIA \u201cR\u012bgas 2. slimn\u012bca\u201d l\u012bgums ar pacientu par vesel\u012bbas apr\u016bpes pakalpojumiem<\/a><\/li>\n<li><a href=\"https:\/\/www.slimnica.lv\/wp-content\/uploads\/2025\/12\/Iesniegums_naudas_atmaksa.docx\">Iesniegums naudas atmaksai<\/a><\/li>\n<\/ul>\n<p><\/p>","protected":false},"excerpt":{"rendered":"<p>\u0418\u0437\u0432\u0438\u043d\u0438\u0442\u0435, \u044d\u0442\u043e\u0442 \u0442\u0435\u043a\u0441\u0442 \u0434\u043e\u0441\u0442\u0443\u043f\u0435\u043d \u0442\u043e\u043b\u044c\u043a\u043e \u043d\u0430 \u201cLatvie\u0161u\u201d. Iek\u0161\u0113j\u0101s k\u0101rt\u012bbas noteikumi slimn\u012bcas pacientiem SIA \u201cR\u012bgas 2. slimn\u012bca\u201d l\u012bgums ar pacientu par vesel\u012bbas apr\u016bpes pakalpojumiem Iesniegums naudas atmaksai<\/p>\n","protected":false},"author":2,"featured_media":0,"parent":122,"menu_order":13,"comment_status":"closed","ping_status":"closed","template":"","meta":{"_acf_changed":false,"om_disable_all_campaigns":false,"inline_featured_image":false,"_monsterinsights_skip_tracking":false,"_monsterinsights_sitenote_active":false,"_monsterinsights_sitenote_note":"","_monsterinsights_sitenote_category":0,"_uf_show_specific_survey":0,"_uf_disable_surveys":false,"footnotes":""},"class_list":["post-3984","page","type-page","status-publish","hentry"],"acf":[],"aioseo_notices":[],"_links":{"self":[{"href":"https:\/\/www.slimnica.lv\/ru\/wp-json\/wp\/v2\/pages\/3984","targetHints":{"allow":["GET"]}}],"collection":[{"href":"https:\/\/www.slimnica.lv\/ru\/wp-json\/wp\/v2\/pages"}],"about":[{"href":"https:\/\/www.slimnica.lv\/ru\/wp-json\/wp\/v2\/types\/page"}],"author":[{"embeddable":true,"href":"https:\/\/www.slimnica.lv\/ru\/wp-json\/wp\/v2\/users\/2"}],"replies":[{"embeddable":true,"href":"https:\/\/www.slimnica.lv\/ru\/wp-json\/wp\/v2\/comments?post=3984"}],"version-history":[{"count":6,"href":"https:\/\/www.slimnica.lv\/ru\/wp-json\/wp\/v2\/pages\/3984\/revisions"}],"predecessor-version":[{"id":8144,"href":"https:\/\/www.slimnica.lv\/ru\/wp-json\/wp\/v2\/pages\/3984\/revisions\/8144"}],"up":[{"embeddable":true,"href":"https:\/\/www.slimnica.lv\/ru\/wp-json\/wp\/v2\/pages\/122"}],"wp:attachment":[{"href":"https:\/\/www.slimnica.lv\/ru\/wp-json\/wp\/v2\/media?parent=3984"}],"curies":[{"name":"wp","href":"https:\/\/api.w.org\/{rel}","templated":true}]}}