{"id":5136,"date":"2023-10-12T12:40:02","date_gmt":"2023-10-12T10:40:02","guid":{"rendered":"https:\/\/www.slimnica.lv\/?page_id=5136"},"modified":"2023-12-04T15:49:44","modified_gmt":"2023-12-04T13:49:44","slug":"informacija-darbiniekiem-un-rezidentiem","status":"publish","type":"page","link":"https:\/\/www.slimnica.lv\/ru\/par-mums\/informacija-darbiniekiem-un-rezidentiem\/","title":{"rendered":"Inform\u0101cija darbiniekiem un rezidentiem"},"content":{"rendered":"<p class=\"qtranxs-available-languages-message qtranxs-available-languages-message-ru\">\u0418\u0437\u0432\u0438\u043d\u0438\u0442\u0435, \u044d\u0442\u043e\u0442 \u0442\u0435\u043a\u0441\u0442 \u0434\u043e\u0441\u0442\u0443\u043f\u0435\u043d \u0442\u043e\u043b\u044c\u043a\u043e \u043d\u0430 \u201c<a href=\"https:\/\/www.slimnica.lv\/lv\/wp-json\/wp\/v2\/pages\/5136\" class=\"qtranxs-available-language-link qtranxs-available-language-link-lv\" title=\"Latvie\u0161u\">Latvie\u0161u<\/a>\u201d.<\/p><p><\/p>\n<h3><strong>Sveicam R\u012bgas 2. slimn\u012bcas komand\u0101!<\/strong><\/h3>\n<p><strong>Visi jaunie darbinieki un rezidenti laipni aicin\u0101ti iepaz\u012bties ar saisto\u0161o inform\u0101ciju:<\/strong><\/p>\n<div class=\"vakances_page\"><div class=\"vakances_wrap mb-0\"><div class=\"single_vakance\"><a class=\"single_vakance_btn\" data-bs-toggle=\"collapse\" href=\"#buj_instruktazas\" role=\"button\" aria-expanded=\"false\" aria-controls=\"buj_instruktazas\"><h4 class=\"mb-0\">Instrukt\u0101\u017eas<\/h4><i class=\"fa-solid fa-chevron-right\"><\/i><\/a><div class=\"collapse\" id=\"buj_instruktazas\"><div class=\"vakance_content\"><\/p>\n<ul>\n<li><a href=\"https:\/\/www.slimnica.lv\/wp-content\/uploads\/2023\/10\/Vispareja-darba-aizsardzibas-instrukcija-nodarbinatajiem.pdf\" target=\"_blank\" rel=\"noopener\">Visp\u0101r\u0113j\u0101 darba aizsardz\u012bbas instrukcija nodarbin\u0101t\u0101jiem<\/a><\/li>\n<li><a href=\"https:\/\/www.slimnica.lv\/wp-content\/uploads\/2023\/10\/Elektrodrosibas-instrukcija-neelektroniskajam-personalam.pdf\" target=\"_blank\" rel=\"noopener\">Elektrodro\u0161\u012bbas instrukcija neelektroniskajam person\u0101lam<\/a><\/li>\n<li><a href=\"https:\/\/www.slimnica.lv\/wp-content\/uploads\/2023\/10\/Nolikums-par-asu-instrumentu-radito-ievainojumu-noversanu.pdf\" target=\"_blank\" rel=\"noopener\">Nolikums par asu instrumentu rad\u012bto ievainojumu nov\u0113r\u0161anu<\/a><\/li>\n<\/ul>\n<p><\/div><\/div><\/div><\/div><\/div>\n<p>&nbsp;<\/p>\n<ul>\n<li><a href=\"https:\/\/www.slimnica.lv\/wp-content\/uploads\/2023\/10\/Etikas-kodekss_2022_apstiprinats.pdf\" target=\"_blank\" rel=\"noopener\"><strong>\u0112tikas kodekss<\/strong><\/a><\/li>\n<li><a href=\"https:\/\/www.slimnica.lv\/wp-content\/uploads\/2023\/10\/v01_KRG016.01.01._Trauksmes-celsanas-noteikumi_10-03-2022.pdf\" target=\"_blank\" rel=\"noopener\"><strong>Trauksmes cel\u0161anas noteikumi<\/strong><\/a><\/li>\n<li><a href=\"https:\/\/www.slimnica.lv\/wp-content\/uploads\/2023\/10\/v01_KRG016.02.01._Korupcijas-un-interesu-konflikta-riska-noversanas-politika.pdf\" target=\"_blank\" rel=\"noopener\"><strong>Korupcijas un intere\u0161u konflikta riska nov\u0113r\u0161anas politika<\/strong><\/a><\/li>\n<\/ul>\n<p><\/p>","protected":false},"excerpt":{"rendered":"<p>\u0418\u0437\u0432\u0438\u043d\u0438\u0442\u0435, \u044d\u0442\u043e\u0442 \u0442\u0435\u043a\u0441\u0442 \u0434\u043e\u0441\u0442\u0443\u043f\u0435\u043d \u0442\u043e\u043b\u044c\u043a\u043e \u043d\u0430 \u201cLatvie\u0161u\u201d. Sveicam R\u012bgas 2. slimn\u012bcas komand\u0101! Visi jaunie darbinieki un rezidenti laipni aicin\u0101ti iepaz\u012bties ar saisto\u0161o inform\u0101ciju: &nbsp; \u0112tikas kodekss Trauksmes cel\u0161anas noteikumi Korupcijas un intere\u0161u konflikta riska nov\u0113r\u0161anas politika<\/p>\n","protected":false},"author":2,"featured_media":0,"parent":123,"menu_order":2,"comment_status":"closed","ping_status":"closed","template":"","meta":{"_acf_changed":false,"om_disable_all_campaigns":false,"inline_featured_image":false,"_monsterinsights_skip_tracking":false,"_monsterinsights_sitenote_active":false,"_monsterinsights_sitenote_note":"","_monsterinsights_sitenote_category":0,"_uf_show_specific_survey":0,"_uf_disable_surveys":false,"footnotes":""},"class_list":["post-5136","page","type-page","status-publish","hentry"],"acf":[],"aioseo_notices":[],"_links":{"self":[{"href":"https:\/\/www.slimnica.lv\/ru\/wp-json\/wp\/v2\/pages\/5136","targetHints":{"allow":["GET"]}}],"collection":[{"href":"https:\/\/www.slimnica.lv\/ru\/wp-json\/wp\/v2\/pages"}],"about":[{"href":"https:\/\/www.slimnica.lv\/ru\/wp-json\/wp\/v2\/types\/page"}],"author":[{"embeddable":true,"href":"https:\/\/www.slimnica.lv\/ru\/wp-json\/wp\/v2\/users\/2"}],"replies":[{"embeddable":true,"href":"https:\/\/www.slimnica.lv\/ru\/wp-json\/wp\/v2\/comments?post=5136"}],"version-history":[{"count":6,"href":"https:\/\/www.slimnica.lv\/ru\/wp-json\/wp\/v2\/pages\/5136\/revisions"}],"predecessor-version":[{"id":5211,"href":"https:\/\/www.slimnica.lv\/ru\/wp-json\/wp\/v2\/pages\/5136\/revisions\/5211"}],"up":[{"embeddable":true,"href":"https:\/\/www.slimnica.lv\/ru\/wp-json\/wp\/v2\/pages\/123"}],"wp:attachment":[{"href":"https:\/\/www.slimnica.lv\/ru\/wp-json\/wp\/v2\/media?parent=5136"}],"curies":[{"name":"wp","href":"https:\/\/api.w.org\/{rel}","templated":true}]}}